{"id":283885,"date":"2023-04-04T15:36:41","date_gmt":"2023-04-04T15:36:41","guid":{"rendered":"https:\/\/eurobil.it\/vente-au-detail\/"},"modified":"2025-12-04T12:09:10","modified_gmt":"2025-12-04T12:09:10","slug":"retail","status":"publish","type":"page","link":"https:\/\/eurobil.it\/fr\/retail\/","title":{"rendered":"Vente au d\u00e9tail"},"content":{"rendered":"<p>[et_pb_section fb_built=\u00a0\u00bb1&Prime; disabled_on=\u00a0\u00bbon|on|off\u00a0\u00bb _builder_version=\u00a0\u00bb4.21.2&Prime; _module_preset=\u00a0\u00bbdefault\u00a0\u00bb background_color=\u00a0\u00bb#0D6C41&Prime; height=\u00a0\u00bb200px\u00a0\u00bb custom_padding=\u00a0\u00bb0px||0px||true|false\u00a0\u00bb global_colors_info=\u00a0\u00bb{}\u00a0\u00bb][et_pb_row column_structure=\u00a0\u00bb1_4,1_2,1_4&Prime; use_custom_gutter=\u00a0\u00bbon\u00a0\u00bb gutter_width=\u00a0\u00bb1&Prime; make_equal=\u00a0\u00bbon\u00a0\u00bb _builder_version=\u00a0\u00bb4.22.1&Prime; _module_preset=\u00a0\u00bbdefault\u00a0\u00bb height=\u00a0\u00bb200px\u00a0\u00bb custom_padding=\u00a0\u00bb0px||0px||true|false\u00a0\u00bb custom_css_main_element=\u00a0\u00bbalign-items: center;\u00a0\u00bb global_colors_info=\u00a0\u00bb{}\u00a0\u00bb][et_pb_column type=\u00a0\u00bb1_4&Prime; _builder_version=\u00a0\u00bb4.21.2&Prime; _dynamic_attributes=\u00a0\u00bblink_option_url\u00a0\u00bb _module_preset=\u00a0\u00bbdefault\u00a0\u00bb use_background_color_gradient=\u00a0\u00bbon\u00a0\u00bb background_color_gradient_stops=\u00a0\u00bbrgba(13,108,65,0.68) 0%|rgba(13,108,65,0.68) 100%\u00a0\u00bb background_color_gradient_overlays_image=\u00a0\u00bbon\u00a0\u00bb background_image=\u00a0\u00bbhttps:\/\/eurobil.it\/wp-content\/uploads\/2023\/08\/industria.jpg\u00a0\u00bb link_option_url=\u00a0\u00bb@ET-DC@eyJkeW5hbWljIjp0cnVlLCJjb250ZW50IjoicG9zdF9saW5rX3VybF9wYWdlIiwic2V0dGluZ3MiOnsicG9zdF9pZCI6IjcxIiwiZW5hYmxlX2h0bWwiOiJvZmYifX0=@\u00a0\u00bb global_colors_info=\u00a0\u00bb{}\u00a0\u00bb background__hover_enabled=\u00a0\u00bbon|hover\u00a0\u00bb background_size__hover=\u00a0\u00bbcustom\u00a0\u00bb background_image_width__hover=\u00a0\u00bb120%\u00a0\u00bb background_image_height__hover=\u00a0\u00bb120%\u00a0\u00bb use_background_color_gradient__hover=\u00a0\u00bbon\u00a0\u00bb background_color_gradient_stops__hover=\u00a0\u00bbrgba(13,108,65,0.68) 0%|rgba(13,108,65,0.68) 100%\u00a0\u00bb][et_pb_blurb image=\u00a0\u00bbhttps:\/\/eurobil.it\/wp-content\/uploads\/2023\/09\/quadrato.png\u00a0\u00bb alt=\u00a0\u00bbEurobil &#8211; Industrie\u00a0\u00bb icon_placement=\u00a0\u00bbleft\u00a0\u00bb image_icon_width=\u00a0\u00bb80px\u00a0\u00bb _builder_version=\u00a0\u00bb4.22.1&Prime; _module_preset=\u00a0\u00bbdefault\u00a0\u00bb header_font=\u00a0\u00bbPoppins|800||on|||||\u00a0\u00bb header_font_size=\u00a0\u00bb52px\u00a0\u00bb background_layout=\u00a0\u00bbdark\u00a0\u00bb height=\u00a0\u00bb200px\u00a0\u00bb custom_padding=\u00a0\u00bb19%|||35%|false|false\u00a0\u00bb custom_css_blurb_title=\u00a0\u00bbmargin-top:15px;\u00a0\u00bb locked=\u00a0\u00bboff\u00a0\u00bb global_colors_info=\u00a0\u00bb{}\u00a0\u00bb][\/et_pb_blurb][\/et_pb_column][et_pb_column type=\u00a0\u00bb1_2&Prime; _builder_version=\u00a0\u00bb4.21.2&Prime; _dynamic_attributes=\u00a0\u00bblink_option_url\u00a0\u00bb _module_preset=\u00a0\u00bbdefault\u00a0\u00bb background_image=\u00a0\u00bbhttps:\/\/eurobil.it\/wp-content\/uploads\/2023\/08\/retail.jpg\u00a0\u00bb link_option_url=\u00a0\u00bb@ET-DC@eyJkeW5hbWljIjp0cnVlLCJjb250ZW50IjoicG9zdF9saW5rX3VybF9wYWdlIiwic2V0dGluZ3MiOnsicG9zdF9pZCI6IjczIiwiZW5hYmxlX2h0bWwiOiJvZmYifX0=@\u00a0\u00bb global_colors_info=\u00a0\u00bb{}\u00a0\u00bb][et_pb_blurb title=\u00a0\u00bbcommerce de d\u00e9tail\u00a0\u00bb image=\u00a0\u00bbhttps:\/\/eurobil.it\/wp-content\/uploads\/2023\/09\/Senza-titolo-2.png\u00a0\u00bb alt=\u00a0\u00bbEurobil &#8211; Commerce de d\u00e9tail\u00a0\u00bb icon_placement=\u00a0\u00bbleft\u00a0\u00bb image_icon_width=\u00a0\u00bb80px\u00a0\u00bb _builder_version=\u00a0\u00bb4.22.2&Prime; _module_preset=\u00a0\u00bbdefault\u00a0\u00bb header_font=\u00a0\u00bbPoppins|800||on|||||\u00a0\u00bb header_font_size=\u00a0\u00bb42px\u00a0\u00bb background_layout=\u00a0\u00bbdark\u00a0\u00bb height=\u00a0\u00bb200px\u00a0\u00bb custom_padding=\u00a0\u00bb50px|||20px|false|false\u00a0\u00bb custom_css_blurb_title=\u00a0\u00bbmargin-top:15px;\u00a0\u00bb header_text_shadow_style=\u00a0\u00bbpreset3&Prime; header_text_shadow_blur_strength=\u00a0\u00bb0.55em\u00a0\u00bb header_text_shadow_color=\u00a0\u00bbrgba(0,0,0,0.5)\u00a0\u00bb global_colors_info=\u00a0\u00bb{}\u00a0\u00bb][\/et_pb_blurb][\/et_pb_column][et_pb_column type=\u00a0\u00bb1_4&Prime; _builder_version=\u00a0\u00bb4.21.2&Prime; _dynamic_attributes=\u00a0\u00bblink_option_url\u00a0\u00bb _module_preset=\u00a0\u00bbdefault\u00a0\u00bb use_background_color_gradient=\u00a0\u00bbon\u00a0\u00bb background_color_gradient_stops=\u00a0\u00bbrgba(13,108,65,0.68) 0%|rgba(13,108,65,0.68) 100%\u00a0\u00bb background_color_gradient_overlays_image=\u00a0\u00bbon\u00a0\u00bb background_image=\u00a0\u00bbhttps:\/\/eurobil.it\/wp-content\/uploads\/2023\/08\/laboratorio.jpg\u00a0\u00bb link_option_url=\u00a0\u00bb@ET-DC@eyJkeW5hbWljIjp0cnVlLCJjb250ZW50IjoicG9zdF9saW5rX3VybF9wYWdlIiwic2V0dGluZ3MiOnsicG9zdF9pZCI6Ijc1IiwiZW5hYmxlX2h0bWwiOiJvZmYifX0=@\u00a0\u00bb global_colors_info=\u00a0\u00bb{}\u00a0\u00bb background__hover_enabled=\u00a0\u00bbon|hover\u00a0\u00bb background_size__hover=\u00a0\u00bbcustom\u00a0\u00bb background_image_width__hover=\u00a0\u00bb150%\u00a0\u00bb background_image_height__hover=\u00a0\u00bb150%\u00a0\u00bb background_color_gradient_stops__hover=\u00a0\u00bb#0d6c41 0%|rgba(13,108,65,0.68) 100%\u00a0\u00bb use_background_color_gradient__hover=\u00a0\u00bbon\u00a0\u00bb][et_pb_blurb image=\u00a0\u00bbhttps:\/\/eurobil.it\/wp-content\/uploads\/2023\/09\/triangolo.png\u00a0\u00bb alt=\u00a0\u00bbEurobil &#8211; Laboratoire\u00a0\u00bb icon_placement=\u00a0\u00bbleft\u00a0\u00bb image_icon_width=\u00a0\u00bb80px\u00a0\u00bb _builder_version=\u00a0\u00bb4.22.1&Prime; _module_preset=\u00a0\u00bbdefault\u00a0\u00bb header_font=\u00a0\u00bbPoppins|800||on|||||\u00a0\u00bb header_font_size=\u00a0\u00bb52px\u00a0\u00bb background_layout=\u00a0\u00bbdark\u00a0\u00bb height=\u00a0\u00bb200px\u00a0\u00bb custom_padding=\u00a0\u00bb20%|||35%|false|false\u00a0\u00bb custom_css_blurb_title=\u00a0\u00bbmargin-top:15px;\u00a0\u00bb locked=\u00a0\u00bboff\u00a0\u00bb global_colors_info=\u00a0\u00bb{}\u00a0\u00bb][\/et_pb_blurb][\/et_pb_column][\/et_pb_row][\/et_pb_section][et_pb_section fb_built=\u00a0\u00bb1&Prime; disabled_on=\u00a0\u00bboff|off|on\u00a0\u00bb _builder_version=\u00a0\u00bb4.21.2&Prime; _module_preset=\u00a0\u00bbdefault\u00a0\u00bb background_color=\u00a0\u00bb#0D6C41&Prime; custom_padding=\u00a0\u00bb0px||0px||true|false\u00a0\u00bb global_colors_info=\u00a0\u00bb{}\u00a0\u00bb][et_pb_row use_custom_gutter=\u00a0\u00bbon\u00a0\u00bb gutter_width=\u00a0\u00bb1&Prime; make_equal=\u00a0\u00bbon\u00a0\u00bb _builder_version=\u00a0\u00bb4.21.2&Prime; _module_preset=\u00a0\u00bbdefault\u00a0\u00bb width=\u00a0\u00bb100%\u00a0\u00bb height=\u00a0\u00bb200px\u00a0\u00bb custom_padding=\u00a0\u00bb0px||0px||true|false\u00a0\u00bb custom_css_main_element=\u00a0\u00bbalign-items: center;\u00a0\u00bb global_colors_info=\u00a0\u00bb{}\u00a0\u00bb][et_pb_column type=\u00a0\u00bb4_4&Prime; _builder_version=\u00a0\u00bb4.21.2&Prime; _dynamic_attributes=\u00a0\u00bblink_option_url\u00a0\u00bb _module_preset=\u00a0\u00bbdefault\u00a0\u00bb background_image=\u00a0\u00bbhttps:\/\/eurobil.it\/wp-content\/uploads\/2023\/08\/retail.jpg\u00a0\u00bb link_option_url=\u00a0\u00bb@ET-DC@eyJkeW5hbWljIjp0cnVlLCJjb250ZW50IjoicG9zdF9saW5rX3VybF9wYWdlIiwic2V0dGluZ3MiOnsicG9zdF9pZCI6IjczIiwiZW5hYmxlX2h0bWwiOiJvZmYifX0=@\u00a0\u00bb global_colors_info=\u00a0\u00bb{}\u00a0\u00bb][et_pb_blurb title=\u00a0\u00bbRETAIL\u00a0\u00bb image=\u00a0\u00bbhttps:\/\/eurobil.it\/wp-content\/uploads\/2023\/09\/Senza-titolo-2.png\u00a0\u00bb alt=\u00a0\u00bbEurobil &#8211; Commerce de d\u00e9tail\u00a0\u00bb icon_placement=\u00a0\u00bbleft\u00a0\u00bb image_icon_width=\u00a0\u00bb50px\u00a0\u00bb _builder_version=\u00a0\u00bb4.22.1&Prime; _module_preset=\u00a0\u00bbdefault\u00a0\u00bb header_font=\u00a0\u00bbPoppins|800||on|||||\u00a0\u00bb header_font_size=\u00a0\u00bb32px\u00a0\u00bb background_layout=\u00a0\u00bbdark\u00a0\u00bb height=\u00a0\u00bb200px\u00a0\u00bb custom_padding=\u00a0\u00bb70px|||20%|false|false\u00a0\u00bb custom_css_blurb_title=\u00a0\u00bbmargin-top:10px;\u00a0\u00bb global_colors_info=\u00a0\u00bb{}\u00a0\u00bb][\/et_pb_blurb][\/et_pb_column][\/et_pb_row][et_pb_row column_structure=\u00a0\u00bb1_2,1_2&Prime; use_custom_gutter=\u00a0\u00bbon\u00a0\u00bb gutter_width=\u00a0\u00bb1&Prime; make_equal=\u00a0\u00bbon\u00a0\u00bb _builder_version=\u00a0\u00bb4.21.2&Prime; _module_preset=\u00a0\u00bbdefault\u00a0\u00bb width=\u00a0\u00bb100%\u00a0\u00bb height=\u00a0\u00bb100px\u00a0\u00bb custom_margin=\u00a0\u00bb0px||0px||true|false\u00a0\u00bb custom_padding=\u00a0\u00bb0px||0px||true|false\u00a0\u00bb custom_css_main_element=\u00a0\u00bbdisplay:flex;\u00a0\u00bb global_colors_info=\u00a0\u00bb{}\u00a0\u00bb][et_pb_column type=\u00a0\u00bb1_2&Prime; _builder_version=\u00a0\u00bb4.21.2&Prime; _dynamic_attributes=\u00a0\u00bblink_option_url\u00a0\u00bb _module_preset=\u00a0\u00bbdefault\u00a0\u00bb use_background_color_gradient=\u00a0\u00bbon\u00a0\u00bb background_color_gradient_stops=\u00a0\u00bbrgba(13,108,65,0.68) 0%|rgba(13,108,65,0.68) 100%\u00a0\u00bb background_color_gradient_overlays_image=\u00a0\u00bbon\u00a0\u00bb background_image=\u00a0\u00bbhttps:\/\/eurobil.it\/wp-content\/uploads\/2023\/08\/industria.jpg\u00a0\u00bb link_option_url=\u00a0\u00bb@ET-DC@eyJkeW5hbWljIjp0cnVlLCJjb250ZW50IjoicG9zdF9saW5rX3VybF9wYWdlIiwic2V0dGluZ3MiOnsicG9zdF9pZCI6IjcxIiwiZW5hYmxlX2h0bWwiOiJvZmYifX0=@\u00a0\u00bb global_colors_info=\u00a0\u00bb{}\u00a0\u00bb background__hover_enabled=\u00a0\u00bboff|desktop\u00a0\u00bb background_size__hover=\u00a0\u00bbcustom\u00a0\u00bb background_image_width__hover=\u00a0\u00bb120%\u00a0\u00bb background_image_height__hover=\u00a0\u00bb120%\u00a0\u00bb][et_pb_blurb title=\u00a0\u00bbINDUSTRIE\u00a0\u00bb image=\u00a0\u00bbhttps:\/\/eurobil.it\/wp-content\/uploads\/2023\/09\/quadrato.png\u00a0\u00bb alt=\u00a0\u00bbEurobil &#8211; Industrie\u00a0\u00bb icon_placement=\u00a0\u00bbleft\u00a0\u00bb image_icon_width=\u00a0\u00bb25px\u00a0\u00bb _builder_version=\u00a0\u00bb4.22.1&Prime; _module_preset=\u00a0\u00bbdefault\u00a0\u00bb header_font=\u00a0\u00bbPoppins|800||on|||||\u00a0\u00bb header_font_size=\u00a0\u00bb18px\u00a0\u00bb background_layout=\u00a0\u00bbdark\u00a0\u00bb height=\u00a0\u00bb100px\u00a0\u00bb custom_padding=\u00a0\u00bb32px|||20px|false|false\u00a0\u00bb custom_css_blurb_title=\u00a0\u00bbmargin-top:5px;\u00a0\u00bb border_width_right=\u00a0\u00bb2px\u00a0\u00bb border_color_right=\u00a0\u00bb#47C68D\u00a0\u00bb locked=\u00a0\u00bboff\u00a0\u00bb global_colors_info=\u00a0\u00bb{}\u00a0\u00bb][\/et_pb_blurb][\/et_pb_column][et_pb_column type=\u00a0\u00bb1_2&Prime; _builder_version=\u00a0\u00bb4.21.2&Prime; _dynamic_attributes=\u00a0\u00bblink_option_url\u00a0\u00bb _module_preset=\u00a0\u00bbdefault\u00a0\u00bb use_background_color_gradient=\u00a0\u00bbon\u00a0\u00bb background_color_gradient_stops=\u00a0\u00bbrgba(13,108,65,0.68) 0%|rgba(13,108,65,0.68) 100%\u00a0\u00bb background_color_gradient_overlays_image=\u00a0\u00bbon\u00a0\u00bb background_image=\u00a0\u00bbhttps:\/\/eurobil.it\/wp-content\/uploads\/2023\/08\/laboratorio.jpg\u00a0\u00bb link_option_url=\u00a0\u00bb@ET-DC@eyJkeW5hbWljIjp0cnVlLCJjb250ZW50IjoicG9zdF9saW5rX3VybF9wYWdlIiwic2V0dGluZ3MiOnsicG9zdF9pZCI6Ijc1IiwiZW5hYmxlX2h0bWwiOiJvZmYifX0=@\u00a0\u00bb global_colors_info=\u00a0\u00bb{}\u00a0\u00bb][et_pb_blurb title=\u00a0\u00bbLABORATOIRE\u00a0\u00bb image=\u00a0\u00bbhttps:\/\/eurobil.it\/wp-content\/uploads\/2023\/09\/triangolo.png\u00a0\u00bb alt=\u00a0\u00bbEurobil &#8211; Laboratoire\u00a0\u00bb icon_placement=\u00a0\u00bbleft\u00a0\u00bb image_icon_width=\u00a0\u00bb25px\u00a0\u00bb _builder_version=\u00a0\u00bb4.22.1&Prime; _module_preset=\u00a0\u00bbdefault\u00a0\u00bb header_font=\u00a0\u00bbPoppins|800||on|||||\u00a0\u00bb header_font_size=\u00a0\u00bb18px\u00a0\u00bb background_layout=\u00a0\u00bbdark\u00a0\u00bb height=\u00a0\u00bb100px\u00a0\u00bb custom_padding=\u00a0\u00bb32px|||20px|false|false\u00a0\u00bb custom_css_blurb_title=\u00a0\u00bbmargin-top:5px;\u00a0\u00bb locked=\u00a0\u00bboff\u00a0\u00bb global_colors_info=\u00a0\u00bb{}\u00a0\u00bb][\/et_pb_blurb][\/et_pb_column][\/et_pb_row][\/et_pb_section][et_pb_section fb_built=\u00a0\u00bb1&Prime; disabled_on=\u00a0\u00bboff|off|off\u00a0\u00bb _builder_version=\u00a0\u00bb4.24.0&Prime; _module_preset=\u00a0\u00bbdefault\u00a0\u00bb global_colors_info=\u00a0\u00bb{}\u00a0\u00bb][et_pb_row column_structure=\u00a0\u00bb1_4,1_4,1_4,1_4&Prime; make_equal=\u00a0\u00bbon\u00a0\u00bb _builder_version=\u00a0\u00bb4.24.0&Prime; _module_preset=\u00a0\u00bbdefault\u00a0\u00bb global_colors_info=\u00a0\u00bb{}\u00a0\u00bb][et_pb_column type=\u00a0\u00bb1_4&Prime; _builder_version=\u00a0\u00bb4.24.0&Prime; _module_preset=\u00a0\u00bbdefault\u00a0\u00bb custom_padding=\u00a0\u00bb10px|10px|10px|10px|true|true\u00a0\u00bb border_color_all=\u00a0\u00bb#0D6C41&Prime; global_colors_info=\u00a0\u00bb{}\u00a0\u00bb border_width_all__hover_enabled=\u00a0\u00bboff|desktop\u00a0\u00bb border_width_all__hover=\u00a0\u00bb3px\u00a0\u00bb][et_pb_blurb title=\u00a0\u00bbStainless Steel Commercial scales\u00a0\u00bb image=\u00a0\u00bbhttps:\/\/eurobil.it\/wp-content\/uploads\/2025\/05\/118_Linea_1.jpg\u00a0\u00bb alt=\u00a0\u00bbCat\u00e9gorie Balances commerciales en acier inoxydable\u00a0\u00bb _builder_version=\u00a0\u00bb4.27.4&Prime; _module_preset=\u00a0\u00bbdefault\u00a0\u00bb header_font=\u00a0\u00bbPoppins|600|||||||\u00a0\u00bb header_line_height=\u00a0\u00bb1.5em\u00a0\u00bb image_icon_custom_margin=\u00a0\u00bb||10px||false|false\u00a0\u00bb animation=\u00a0\u00bboff\u00a0\u00bb link_option_url=\u00a0\u00bbhttps:\/\/eurobil.it\/fr\/product-category\/retail-fr\/stainless-steel-commercial-scales-fr\/\u00a0\u00bb hover_enabled=\u00a0\u00bb0&Prime; custom_css_blurb_image=\u00a0\u00bbborder-bottom: 2px solid #0D6C41;\u00a0\u00bb global_colors_info=\u00a0\u00bb{}\u00a0\u00bb header_text_color__hover_enabled=\u00a0\u00bbon|hover\u00a0\u00bb header_text_color__hover=\u00a0\u00bb#0D6C41&Prime; title_text=\u00a0\u00bb118_Linea_1&Prime; sticky_enabled=\u00a0\u00bb0&Prime;][\/et_pb_blurb][\/et_pb_column][et_pb_column type=\u00a0\u00bb1_4&Prime; _builder_version=\u00a0\u00bb4.24.0&Prime; _module_preset=\u00a0\u00bbdefault\u00a0\u00bb custom_padding=\u00a0\u00bb10px|10px|10px|10px|true|true\u00a0\u00bb border_color_all=\u00a0\u00bb#0D6C41&Prime; global_colors_info=\u00a0\u00bb{}\u00a0\u00bb border_width_all__hover_enabled=\u00a0\u00bboff|desktop\u00a0\u00bb border_width_all__hover=\u00a0\u00bb3px\u00a0\u00bb][et_pb_blurb title=\u00a0\u00bbABS Commercial scales\u00a0\u00bb image=\u00a0\u00bbhttps:\/\/eurobil.it\/wp-content\/uploads\/2024\/02\/Categoria-Bilance-commerciali-in-plastica.webp\u00a0\u00bb _builder_version=\u00a0\u00bb4.24.2&Prime; _module_preset=\u00a0\u00bbdefault\u00a0\u00bb header_font=\u00a0\u00bbPoppins|600|||||||\u00a0\u00bb header_line_height=\u00a0\u00bb1.5em\u00a0\u00bb image_icon_custom_margin=\u00a0\u00bb||10px||false|false\u00a0\u00bb animation=\u00a0\u00bboff\u00a0\u00bb link_option_url=\u00a0\u00bbhttps:\/\/eurobil.it\/fr\/product-category\/retail-fr\/abs-commercial-scales-fr\/\u00a0\u00bb custom_css_blurb_image=\u00a0\u00bbborder-bottom: 2px solid #0D6C41;\u00a0\u00bb locked=\u00a0\u00bboff\u00a0\u00bb global_colors_info=\u00a0\u00bb{}\u00a0\u00bb header_text_color__hover_enabled=\u00a0\u00bbon|hover\u00a0\u00bb header_text_color__hover=\u00a0\u00bb#0D6C41&Prime;][\/et_pb_blurb][\/et_pb_column][et_pb_column type=\u00a0\u00bb1_4&Prime; _builder_version=\u00a0\u00bb4.24.0&Prime; _module_preset=\u00a0\u00bbdefault\u00a0\u00bb custom_padding=\u00a0\u00bb10px|10px|10px|10px|true|true\u00a0\u00bb border_color_all=\u00a0\u00bb#0D6C41&Prime; global_colors_info=\u00a0\u00bb{}\u00a0\u00bb border_width_all__hover_enabled=\u00a0\u00bboff|desktop\u00a0\u00bb border_width_all__hover=\u00a0\u00bb3px\u00a0\u00bb][et_pb_blurb title=\u00a0\u00bbWeight-only scales\u00a0\u00bb image=\u00a0\u00bbhttps:\/\/eurobil.it\/wp-content\/uploads\/2024\/02\/Categoria-Bilance-solo-peso.webp\u00a0\u00bb _builder_version=\u00a0\u00bb4.24.2&Prime; _module_preset=\u00a0\u00bbdefault\u00a0\u00bb header_font=\u00a0\u00bbPoppins|600|||||||\u00a0\u00bb header_line_height=\u00a0\u00bb1.5em\u00a0\u00bb image_icon_custom_margin=\u00a0\u00bb||10px||false|false\u00a0\u00bb animation=\u00a0\u00bboff\u00a0\u00bb link_option_url=\u00a0\u00bbhttps:\/\/eurobil.it\/fr\/product-category\/retail-fr\/weight-only-scales-fr\/\u00a0\u00bb custom_css_blurb_image=\u00a0\u00bbborder-bottom: 2px solid #0D6C41;\u00a0\u00bb locked=\u00a0\u00bboff\u00a0\u00bb global_colors_info=\u00a0\u00bb{}\u00a0\u00bb header_text_color__hover_enabled=\u00a0\u00bbon|hover\u00a0\u00bb header_text_color__hover=\u00a0\u00bb#0D6C41&Prime;][\/et_pb_blurb][\/et_pb_column][et_pb_column type=\u00a0\u00bb1_4&Prime; _builder_version=\u00a0\u00bb4.24.0&Prime; _module_preset=\u00a0\u00bbdefault\u00a0\u00bb custom_padding=\u00a0\u00bb10px|10px|10px|10px|true|true\u00a0\u00bb border_color_all=\u00a0\u00bb#0D6C41&Prime; global_colors_info=\u00a0\u00bb{}\u00a0\u00bb border_width_all__hover_enabled=\u00a0\u00bboff|desktop\u00a0\u00bb border_width_all__hover=\u00a0\u00bb3px\u00a0\u00bb][et_pb_blurb title=\u00a0\u00bbWeight and labelling stations\u00a0\u00bb image=\u00a0\u00bbhttps:\/\/eurobil.it\/wp-content\/uploads\/2024\/02\/Categoria-stazione-di-pesatura-ed-etichettatura.webp\u00a0\u00bb alt=\u00a0\u00bbCat\u00e9gorie de station de pesage et d&rsquo;\u00e9tiquetage\u00a0\u00bb _builder_version=\u00a0\u00bb4.24.2&Prime; _module_preset=\u00a0\u00bbdefault\u00a0\u00bb header_font=\u00a0\u00bbPoppins|600|||||||\u00a0\u00bb header_line_height=\u00a0\u00bb1.5em\u00a0\u00bb image_icon_custom_margin=\u00a0\u00bb||10px||false|false\u00a0\u00bb animation=\u00a0\u00bboff\u00a0\u00bb link_option_url=\u00a0\u00bbhttps:\/\/eurobil.it\/fr\/product-category\/retail-fr\/weighing-and-labeling-station-fr\/\u00a0\u00bb custom_css_blurb_image=\u00a0\u00bbborder-bottom: 2px solid #0D6C41;\u00a0\u00bb locked=\u00a0\u00bboff\u00a0\u00bb global_colors_info=\u00a0\u00bb{}\u00a0\u00bb header_text_color__hover_enabled=\u00a0\u00bbon|hover\u00a0\u00bb header_text_color__hover=\u00a0\u00bb#0D6C41&Prime;][\/et_pb_blurb][\/et_pb_column][\/et_pb_row][\/et_pb_section]<\/p>\n","protected":false},"excerpt":{"rendered":"","protected":false},"author":1,"featured_media":0,"parent":0,"menu_order":0,"comment_status":"closed","ping_status":"closed","template":"","meta":{"_et_pb_use_builder":"on","_et_pb_old_content":"","_et_gb_content_width":"","footnotes":""},"class_list":["post-283885","page","type-page","status-publish","hentry"],"yoast_head":"<!-- This site is optimized with the Yoast SEO plugin v26.0 - https:\/\/yoast.com\/wordpress\/plugins\/seo\/ -->\n<title>Balances Vente au d\u00e9tail - EUROBIL.<\/title>\n<meta name=\"description\" content=\"D\u00e9couvrez notre large gamme de balances de d\u00e9tail Eurobil. Des balances de pr\u00e9cision aux instruments avanc\u00e9s.\" \/>\n<meta name=\"robots\" content=\"index, follow, max-snippet:-1, max-image-preview:large, max-video-preview:-1\" \/>\n<link rel=\"canonical\" href=\"https:\/\/eurobil.it\/fr\/retail\/\" \/>\n<meta property=\"og:locale\" content=\"fr_FR\" \/>\n<meta property=\"og:type\" content=\"article\" \/>\n<meta property=\"og:title\" content=\"Balances Vente au d\u00e9tail - EUROBIL.\" \/>\n<meta property=\"og:description\" content=\"D\u00e9couvrez notre large gamme de balances de d\u00e9tail Eurobil. Des balances de pr\u00e9cision aux instruments avanc\u00e9s.\" \/>\n<meta property=\"og:url\" content=\"https:\/\/eurobil.it\/fr\/retail\/\" \/>\n<meta property=\"og:site_name\" content=\"EUROBIL\" \/>\n<meta property=\"article:publisher\" content=\"https:\/\/www.facebook.com\/profile.php?id=100090025125705\" \/>\n<meta property=\"article:modified_time\" content=\"2025-12-04T12:09:10+00:00\" \/>\n<meta property=\"og:image\" content=\"https:\/\/eurobil.it\/wp-content\/uploads\/2023\/10\/33_Sun_Eco_1.webp\" \/>\n\t<meta property=\"og:image:width\" content=\"1000\" \/>\n\t<meta property=\"og:image:height\" content=\"1000\" \/>\n\t<meta property=\"og:image:type\" content=\"image\/webp\" \/>\n<meta name=\"twitter:card\" content=\"summary_large_image\" \/>\n<meta name=\"twitter:label1\" content=\"Dur\u00e9e de lecture estim\u00e9e\" \/>\n\t<meta name=\"twitter:data1\" content=\"3 minutes\" \/>\n<script type=\"application\/ld+json\" class=\"yoast-schema-graph\">{\"@context\":\"https:\/\/schema.org\",\"@graph\":[{\"@type\":\"WebPage\",\"@id\":\"https:\/\/eurobil.it\/fr\/retail\/\",\"url\":\"https:\/\/eurobil.it\/fr\/retail\/\",\"name\":\"Balances Vente au d\u00e9tail - EUROBIL.\",\"isPartOf\":{\"@id\":\"https:\/\/eurobil.it\/#website\"},\"datePublished\":\"2023-04-04T15:36:41+00:00\",\"dateModified\":\"2025-12-04T12:09:10+00:00\",\"description\":\"D\u00e9couvrez notre large gamme de balances de d\u00e9tail Eurobil. Des balances de pr\u00e9cision aux instruments avanc\u00e9s.\",\"breadcrumb\":{\"@id\":\"https:\/\/eurobil.it\/fr\/retail\/#breadcrumb\"},\"inLanguage\":\"fr-FR\",\"potentialAction\":[{\"@type\":\"ReadAction\",\"target\":[\"https:\/\/eurobil.it\/fr\/retail\/\"]}]},{\"@type\":\"BreadcrumbList\",\"@id\":\"https:\/\/eurobil.it\/fr\/retail\/#breadcrumb\",\"itemListElement\":[{\"@type\":\"ListItem\",\"position\":1,\"name\":\"Accueil\",\"item\":\"https:\/\/eurobil.it\/fr\/\"},{\"@type\":\"ListItem\",\"position\":2,\"name\":\"Vente au d\u00e9tail\"}]},{\"@type\":\"WebSite\",\"@id\":\"https:\/\/eurobil.it\/#website\",\"url\":\"https:\/\/eurobil.it\/\",\"name\":\"EUROBIL\",\"description\":\"Bilance di precisione da laboratorio\",\"potentialAction\":[{\"@type\":\"SearchAction\",\"target\":{\"@type\":\"EntryPoint\",\"urlTemplate\":\"https:\/\/eurobil.it\/?s={search_term_string}\"},\"query-input\":{\"@type\":\"PropertyValueSpecification\",\"valueRequired\":true,\"valueName\":\"search_term_string\"}}],\"inLanguage\":\"fr-FR\"}]}<\/script>\n<!-- \/ Yoast SEO plugin. -->","yoast_head_json":{"title":"Balances Vente au d\u00e9tail - EUROBIL.","description":"D\u00e9couvrez notre large gamme de balances de d\u00e9tail Eurobil. Des balances de pr\u00e9cision aux instruments avanc\u00e9s.","robots":{"index":"index","follow":"follow","max-snippet":"max-snippet:-1","max-image-preview":"max-image-preview:large","max-video-preview":"max-video-preview:-1"},"canonical":"https:\/\/eurobil.it\/fr\/retail\/","og_locale":"fr_FR","og_type":"article","og_title":"Balances Vente au d\u00e9tail - EUROBIL.","og_description":"D\u00e9couvrez notre large gamme de balances de d\u00e9tail Eurobil. Des balances de pr\u00e9cision aux instruments avanc\u00e9s.","og_url":"https:\/\/eurobil.it\/fr\/retail\/","og_site_name":"EUROBIL","article_publisher":"https:\/\/www.facebook.com\/profile.php?id=100090025125705","article_modified_time":"2025-12-04T12:09:10+00:00","og_image":[{"width":1000,"height":1000,"url":"https:\/\/eurobil.it\/wp-content\/uploads\/2023\/10\/33_Sun_Eco_1.webp","type":"image\/webp"}],"twitter_card":"summary_large_image","twitter_misc":{"Dur\u00e9e de lecture estim\u00e9e":"3 minutes"},"schema":{"@context":"https:\/\/schema.org","@graph":[{"@type":"WebPage","@id":"https:\/\/eurobil.it\/fr\/retail\/","url":"https:\/\/eurobil.it\/fr\/retail\/","name":"Balances Vente au d\u00e9tail - EUROBIL.","isPartOf":{"@id":"https:\/\/eurobil.it\/#website"},"datePublished":"2023-04-04T15:36:41+00:00","dateModified":"2025-12-04T12:09:10+00:00","description":"D\u00e9couvrez notre large gamme de balances de d\u00e9tail Eurobil. Des balances de pr\u00e9cision aux instruments avanc\u00e9s.","breadcrumb":{"@id":"https:\/\/eurobil.it\/fr\/retail\/#breadcrumb"},"inLanguage":"fr-FR","potentialAction":[{"@type":"ReadAction","target":["https:\/\/eurobil.it\/fr\/retail\/"]}]},{"@type":"BreadcrumbList","@id":"https:\/\/eurobil.it\/fr\/retail\/#breadcrumb","itemListElement":[{"@type":"ListItem","position":1,"name":"Accueil","item":"https:\/\/eurobil.it\/fr\/"},{"@type":"ListItem","position":2,"name":"Vente au d\u00e9tail"}]},{"@type":"WebSite","@id":"https:\/\/eurobil.it\/#website","url":"https:\/\/eurobil.it\/","name":"EUROBIL","description":"Bilance di precisione da laboratorio","potentialAction":[{"@type":"SearchAction","target":{"@type":"EntryPoint","urlTemplate":"https:\/\/eurobil.it\/?s={search_term_string}"},"query-input":{"@type":"PropertyValueSpecification","valueRequired":true,"valueName":"search_term_string"}}],"inLanguage":"fr-FR"}]}},"_links":{"self":[{"href":"https:\/\/eurobil.it\/fr\/wp-json\/wp\/v2\/pages\/283885","targetHints":{"allow":["GET"]}}],"collection":[{"href":"https:\/\/eurobil.it\/fr\/wp-json\/wp\/v2\/pages"}],"about":[{"href":"https:\/\/eurobil.it\/fr\/wp-json\/wp\/v2\/types\/page"}],"author":[{"embeddable":true,"href":"https:\/\/eurobil.it\/fr\/wp-json\/wp\/v2\/users\/1"}],"replies":[{"embeddable":true,"href":"https:\/\/eurobil.it\/fr\/wp-json\/wp\/v2\/comments?post=283885"}],"version-history":[{"count":32,"href":"https:\/\/eurobil.it\/fr\/wp-json\/wp\/v2\/pages\/283885\/revisions"}],"predecessor-version":[{"id":359356,"href":"https:\/\/eurobil.it\/fr\/wp-json\/wp\/v2\/pages\/283885\/revisions\/359356"}],"wp:attachment":[{"href":"https:\/\/eurobil.it\/fr\/wp-json\/wp\/v2\/media?parent=283885"}],"curies":[{"name":"wp","href":"https:\/\/api.w.org\/{rel}","templated":true}]}}