{"id":283759,"date":"2023-04-04T13:11:38","date_gmt":"2023-04-04T13:11:38","guid":{"rendered":"https:\/\/eurobil.it\/actualites\/"},"modified":"2024-02-14T13:58:10","modified_gmt":"2024-02-14T13:58:10","slug":"actualites","status":"publish","type":"page","link":"https:\/\/eurobil.it\/fr\/actualites\/","title":{"rendered":"Actualit\u00e9s"},"content":{"rendered":"<p>[et_pb_section fb_built=\u00a0\u00bb1&Prime; _builder_version=\u00a0\u00bb4.22.2&Prime; _module_preset=\u00a0\u00bbdefault\u00a0\u00bb background_color=\u00a0\u00bb#0D6C41&Prime; use_background_color_gradient=\u00a0\u00bbon\u00a0\u00bb background_color_gradient_stops=\u00a0\u00bb#14412c 0%|#0d6c41 50%|#14412c 99%\u00a0\u00bb custom_margin=\u00a0\u00bb-20px||||false|false\u00a0\u00bb custom_padding=\u00a0\u00bb20px||0px||false|false\u00a0\u00bb global_colors_info=\u00a0\u00bb{}\u00a0\u00bb][et_pb_row _builder_version=\u00a0\u00bb4.22.2&Prime; _module_preset=\u00a0\u00bbdefault\u00a0\u00bb global_colors_info=\u00a0\u00bb{}\u00a0\u00bb][et_pb_column type=\u00a0\u00bb4_4&Prime; _builder_version=\u00a0\u00bb4.20.4&Prime; _module_preset=\u00a0\u00bbdefault\u00a0\u00bb global_colors_info=\u00a0\u00bb{}\u00a0\u00bb][et_pb_text _builder_version=\u00a0\u00bb4.22.2&Prime; _module_preset=\u00a0\u00bbdefault\u00a0\u00bb header_font=\u00a0\u00bbMontserrat|700||on|||||\u00a0\u00bb header_text_align=\u00a0\u00bbleft\u00a0\u00bb header_text_color=\u00a0\u00bb#FFFFFF\u00a0\u00bb header_font_size=\u00a0\u00bb42px\u00a0\u00bb custom_margin=\u00a0\u00bb||0px||false|false\u00a0\u00bb global_colors_info=\u00a0\u00bb{}\u00a0\u00bb]<\/p>\n<h1>NOUVELLES<\/h1>\n<p>[\/et_pb_text][\/et_pb_column][\/et_pb_row][\/et_pb_section][et_pb_section fb_built=\u00a0\u00bb1&Prime; disabled_on=\u00a0\u00bboff|off|off\u00a0\u00bb _builder_version=\u00a0\u00bb4.22.2&Prime; _module_preset=\u00a0\u00bbdefault\u00a0\u00bb custom_margin=\u00a0\u00bb0px||||false|false\u00a0\u00bb custom_padding=\u00a0\u00bb40px||||false|false\u00a0\u00bb global_colors_info=\u00a0\u00bb{}\u00a0\u00bb][et_pb_row _builder_version=\u00a0\u00bb4.22.2&Prime; _module_preset=\u00a0\u00bbdefault\u00a0\u00bb global_colors_info=\u00a0\u00bb{}\u00a0\u00bb][et_pb_column type=\u00a0\u00bb4_4&Prime; _builder_version=\u00a0\u00bb4.22.2&Prime; _module_preset=\u00a0\u00bbdefault\u00a0\u00bb global_colors_info=\u00a0\u00bb{}\u00a0\u00bb][et_pb_blog fullwidth=\u00a0\u00bboff\u00a0\u00bb posts_number=\u00a0\u00bb6&Prime; excerpt_length=\u00a0\u00bb150&Prime; show_more=\u00a0\u00bbon\u00a0\u00bb show_author=\u00a0\u00bboff\u00a0\u00bb show_categories=\u00a0\u00bboff\u00a0\u00bb _builder_version=\u00a0\u00bb4.22.2&Prime; _module_preset=\u00a0\u00bbdefault\u00a0\u00bb header_font=\u00a0\u00bbPoppins|700|||||||\u00a0\u00bb header_text_color=\u00a0\u00bb#0D6C41&Prime; header_font_size=\u00a0\u00bb18px\u00a0\u00bb body_font=\u00a0\u00bbPoppins||||||||\u00a0\u00bb body_font_size=\u00a0\u00bb16px\u00a0\u00bb meta_font=\u00a0\u00bbPoppins|300|||||||\u00a0\u00bb meta_font_size=\u00a0\u00bb12px\u00a0\u00bb read_more_font=\u00a0\u00bbPoppins|500|||||||\u00a0\u00bb read_more_text_color=\u00a0\u00bb#47C68D\u00a0\u00bb custom_margin=\u00a0\u00bb||||false|false\u00a0\u00bb custom_padding=\u00a0\u00bb||||false|false\u00a0\u00bb hover_enabled=\u00a0\u00bb0&Prime; header_font_size_tablet=\u00a0\u00bb18px\u00a0\u00bb header_font_size_phone=\u00a0\u00bb18px\u00a0\u00bb header_font_size_last_edited=\u00a0\u00bbon|tablet\u00a0\u00bb body_font_size_tablet=\u00a0\u00bb14px\u00a0\u00bb body_font_size_phone=\u00a0\u00bb14px\u00a0\u00bb body_font_size_last_edited=\u00a0\u00bbon|desktop\u00a0\u00bb meta_font_size_tablet=\u00a0\u00bb12px\u00a0\u00bb meta_font_size_phone=\u00a0\u00bb12px\u00a0\u00bb meta_font_size_last_edited=\u00a0\u00bbon|phone\u00a0\u00bb border_width_all=\u00a0\u00bb0px\u00a0\u00bb global_colors_info=\u00a0\u00bb{}\u00a0\u00bb meta_date=\u00a0\u00bbj F Y\u00a0\u00bb sticky_enabled=\u00a0\u00bb0&Prime;][\/et_pb_blog][\/et_pb_column][\/et_pb_row][\/et_pb_section]<\/p>\n","protected":false},"excerpt":{"rendered":"<p>NOUVELLES<\/p>\n","protected":false},"author":1,"featured_media":0,"parent":0,"menu_order":0,"comment_status":"closed","ping_status":"closed","template":"","meta":{"_et_pb_use_builder":"on","_et_pb_old_content":"","_et_gb_content_width":"","footnotes":""},"class_list":["post-283759","page","type-page","status-publish","hentry"],"yoast_head":"<!-- This site is optimized with the Yoast SEO plugin v26.0 - https:\/\/yoast.com\/wordpress\/plugins\/seo\/ -->\n<title>Actualit\u00e9s - EUROBIL<\/title>\n<meta name=\"description\" content=\"Restez au courant des derni\u00e8res nouvelles et mises \u00e0 jour. D\u00e9couvrez les derniers articles sur notre page Actualit\u00e9s et restez inform\u00e9.\" \/>\n<meta name=\"robots\" content=\"index, follow, max-snippet:-1, max-image-preview:large, max-video-preview:-1\" \/>\n<link rel=\"canonical\" href=\"https:\/\/eurobil.it\/fr\/?page_id=283759\" \/>\n<meta property=\"og:locale\" content=\"fr_FR\" \/>\n<meta property=\"og:type\" content=\"article\" \/>\n<meta property=\"og:title\" content=\"Actualit\u00e9s - EUROBIL\" \/>\n<meta property=\"og:description\" content=\"Restez au courant des derni\u00e8res nouvelles et mises \u00e0 jour. D\u00e9couvrez les derniers articles sur notre page Actualit\u00e9s et restez inform\u00e9.\" \/>\n<meta property=\"og:url\" content=\"https:\/\/eurobil.it\/fr\/?page_id=283759\" \/>\n<meta property=\"og:site_name\" content=\"EUROBIL\" \/>\n<meta property=\"article:publisher\" content=\"https:\/\/www.facebook.com\/profile.php?id=100090025125705\" \/>\n<meta property=\"article:modified_time\" content=\"2024-02-14T13:58:10+00:00\" \/>\n<meta property=\"og:image\" content=\"https:\/\/eurobil.it\/wp-content\/uploads\/2023\/10\/33_Sun_Eco_1.webp\" \/>\n\t<meta property=\"og:image:width\" content=\"1000\" \/>\n\t<meta property=\"og:image:height\" content=\"1000\" \/>\n\t<meta property=\"og:image:type\" content=\"image\/webp\" \/>\n<meta name=\"twitter:card\" content=\"summary_large_image\" \/>\n<meta name=\"twitter:label1\" content=\"Dur\u00e9e de lecture estim\u00e9e\" \/>\n\t<meta name=\"twitter:data1\" content=\"2 minutes\" \/>\n<script type=\"application\/ld+json\" class=\"yoast-schema-graph\">{\"@context\":\"https:\/\/schema.org\",\"@graph\":[{\"@type\":\"WebPage\",\"@id\":\"https:\/\/eurobil.it\/fr\/?page_id=283759\",\"url\":\"https:\/\/eurobil.it\/fr\/?page_id=283759\",\"name\":\"Actualit\u00e9s - EUROBIL\",\"isPartOf\":{\"@id\":\"https:\/\/eurobil.it\/#website\"},\"datePublished\":\"2023-04-04T13:11:38+00:00\",\"dateModified\":\"2024-02-14T13:58:10+00:00\",\"description\":\"Restez au courant des derni\u00e8res nouvelles et mises \u00e0 jour. D\u00e9couvrez les derniers articles sur notre page Actualit\u00e9s et restez inform\u00e9.\",\"breadcrumb\":{\"@id\":\"https:\/\/eurobil.it\/fr\/?page_id=283759#breadcrumb\"},\"inLanguage\":\"fr-FR\",\"potentialAction\":[{\"@type\":\"ReadAction\",\"target\":[\"https:\/\/eurobil.it\/fr\/?page_id=283759\"]}]},{\"@type\":\"BreadcrumbList\",\"@id\":\"https:\/\/eurobil.it\/fr\/?page_id=283759#breadcrumb\",\"itemListElement\":[{\"@type\":\"ListItem\",\"position\":1,\"name\":\"Accueil\",\"item\":\"https:\/\/eurobil.it\/fr\/\"},{\"@type\":\"ListItem\",\"position\":2,\"name\":\"Actualit\u00e9s\"}]},{\"@type\":\"WebSite\",\"@id\":\"https:\/\/eurobil.it\/#website\",\"url\":\"https:\/\/eurobil.it\/\",\"name\":\"EUROBIL\",\"description\":\"Bilance di precisione da laboratorio\",\"potentialAction\":[{\"@type\":\"SearchAction\",\"target\":{\"@type\":\"EntryPoint\",\"urlTemplate\":\"https:\/\/eurobil.it\/?s={search_term_string}\"},\"query-input\":{\"@type\":\"PropertyValueSpecification\",\"valueRequired\":true,\"valueName\":\"search_term_string\"}}],\"inLanguage\":\"fr-FR\"}]}<\/script>\n<!-- \/ Yoast SEO plugin. -->","yoast_head_json":{"title":"Actualit\u00e9s - EUROBIL","description":"Restez au courant des derni\u00e8res nouvelles et mises \u00e0 jour. D\u00e9couvrez les derniers articles sur notre page Actualit\u00e9s et restez inform\u00e9.","robots":{"index":"index","follow":"follow","max-snippet":"max-snippet:-1","max-image-preview":"max-image-preview:large","max-video-preview":"max-video-preview:-1"},"canonical":"https:\/\/eurobil.it\/fr\/?page_id=283759","og_locale":"fr_FR","og_type":"article","og_title":"Actualit\u00e9s - EUROBIL","og_description":"Restez au courant des derni\u00e8res nouvelles et mises \u00e0 jour. D\u00e9couvrez les derniers articles sur notre page Actualit\u00e9s et restez inform\u00e9.","og_url":"https:\/\/eurobil.it\/fr\/?page_id=283759","og_site_name":"EUROBIL","article_publisher":"https:\/\/www.facebook.com\/profile.php?id=100090025125705","article_modified_time":"2024-02-14T13:58:10+00:00","og_image":[{"width":1000,"height":1000,"url":"https:\/\/eurobil.it\/wp-content\/uploads\/2023\/10\/33_Sun_Eco_1.webp","type":"image\/webp"}],"twitter_card":"summary_large_image","twitter_misc":{"Dur\u00e9e de lecture estim\u00e9e":"2 minutes"},"schema":{"@context":"https:\/\/schema.org","@graph":[{"@type":"WebPage","@id":"https:\/\/eurobil.it\/fr\/?page_id=283759","url":"https:\/\/eurobil.it\/fr\/?page_id=283759","name":"Actualit\u00e9s - EUROBIL","isPartOf":{"@id":"https:\/\/eurobil.it\/#website"},"datePublished":"2023-04-04T13:11:38+00:00","dateModified":"2024-02-14T13:58:10+00:00","description":"Restez au courant des derni\u00e8res nouvelles et mises \u00e0 jour. D\u00e9couvrez les derniers articles sur notre page Actualit\u00e9s et restez inform\u00e9.","breadcrumb":{"@id":"https:\/\/eurobil.it\/fr\/?page_id=283759#breadcrumb"},"inLanguage":"fr-FR","potentialAction":[{"@type":"ReadAction","target":["https:\/\/eurobil.it\/fr\/?page_id=283759"]}]},{"@type":"BreadcrumbList","@id":"https:\/\/eurobil.it\/fr\/?page_id=283759#breadcrumb","itemListElement":[{"@type":"ListItem","position":1,"name":"Accueil","item":"https:\/\/eurobil.it\/fr\/"},{"@type":"ListItem","position":2,"name":"Actualit\u00e9s"}]},{"@type":"WebSite","@id":"https:\/\/eurobil.it\/#website","url":"https:\/\/eurobil.it\/","name":"EUROBIL","description":"Bilance di precisione da laboratorio","potentialAction":[{"@type":"SearchAction","target":{"@type":"EntryPoint","urlTemplate":"https:\/\/eurobil.it\/?s={search_term_string}"},"query-input":{"@type":"PropertyValueSpecification","valueRequired":true,"valueName":"search_term_string"}}],"inLanguage":"fr-FR"}]}},"_links":{"self":[{"href":"https:\/\/eurobil.it\/fr\/wp-json\/wp\/v2\/pages\/283759","targetHints":{"allow":["GET"]}}],"collection":[{"href":"https:\/\/eurobil.it\/fr\/wp-json\/wp\/v2\/pages"}],"about":[{"href":"https:\/\/eurobil.it\/fr\/wp-json\/wp\/v2\/types\/page"}],"author":[{"embeddable":true,"href":"https:\/\/eurobil.it\/fr\/wp-json\/wp\/v2\/users\/1"}],"replies":[{"embeddable":true,"href":"https:\/\/eurobil.it\/fr\/wp-json\/wp\/v2\/comments?post=283759"}],"version-history":[{"count":7,"href":"https:\/\/eurobil.it\/fr\/wp-json\/wp\/v2\/pages\/283759\/revisions"}],"predecessor-version":[{"id":283779,"href":"https:\/\/eurobil.it\/fr\/wp-json\/wp\/v2\/pages\/283759\/revisions\/283779"}],"wp:attachment":[{"href":"https:\/\/eurobil.it\/fr\/wp-json\/wp\/v2\/media?parent=283759"}],"curies":[{"name":"wp","href":"https:\/\/api.w.org\/{rel}","templated":true}]}}