{"id":283424,"date":"2023-04-13T13:14:23","date_gmt":"2023-04-13T13:14:23","guid":{"rendered":"https:\/\/eurobil.it\/certifications\/"},"modified":"2024-10-21T09:57:20","modified_gmt":"2024-10-21T09:57:20","slug":"certifications","status":"publish","type":"page","link":"https:\/\/eurobil.it\/fr\/certifications\/","title":{"rendered":"Certifications"},"content":{"rendered":"<p>[et_pb_section fb_built=\u00a0\u00bb1&Prime; _builder_version=\u00a0\u00bb4.22.2&Prime; _module_preset=\u00a0\u00bbdefault\u00a0\u00bb background_color=\u00a0\u00bb#0D6C41&Prime; use_background_color_gradient=\u00a0\u00bbon\u00a0\u00bb background_color_gradient_stops=\u00a0\u00bb#14412c 0%|#0d6c41 50%|#14412c 99%\u00a0\u00bb custom_margin=\u00a0\u00bb-20px||||false|false\u00a0\u00bb custom_padding=\u00a0\u00bb20px||0px||false|false\u00a0\u00bb locked=\u00a0\u00bboff\u00a0\u00bb global_colors_info=\u00a0\u00bb{}\u00a0\u00bb][et_pb_row _builder_version=\u00a0\u00bb4.20.4&Prime; _module_preset=\u00a0\u00bbdefault\u00a0\u00bb global_colors_info=\u00a0\u00bb{}\u00a0\u00bb][et_pb_column type=\u00a0\u00bb4_4&Prime; _builder_version=\u00a0\u00bb4.20.4&Prime; _module_preset=\u00a0\u00bbdefault\u00a0\u00bb global_colors_info=\u00a0\u00bb{}\u00a0\u00bb][et_pb_text _builder_version=\u00a0\u00bb4.22.2&Prime; _module_preset=\u00a0\u00bbdefault\u00a0\u00bb header_font=\u00a0\u00bbMontserrat|700||on|||||\u00a0\u00bb header_text_align=\u00a0\u00bbleft\u00a0\u00bb header_text_color=\u00a0\u00bb#FFFFFF\u00a0\u00bb header_font_size=\u00a0\u00bb42px\u00a0\u00bb header_font_size_tablet=\u00a0\u00bb42px\u00a0\u00bb header_font_size_phone=\u00a0\u00bb35px\u00a0\u00bb header_font_size_last_edited=\u00a0\u00bbon|phone\u00a0\u00bb global_colors_info=\u00a0\u00bb{}\u00a0\u00bb]<\/p>\n<h1>certifications<\/h1>\n<p>[\/et_pb_text][\/et_pb_column][\/et_pb_row][\/et_pb_section][et_pb_section fb_built=\u00a0\u00bb1&Prime; _builder_version=\u00a0\u00bb4.22.1&Prime; _module_preset=\u00a0\u00bbdefault\u00a0\u00bb custom_padding=\u00a0\u00bb0px||||false|false\u00a0\u00bb global_colors_info=\u00a0\u00bb{}\u00a0\u00bb][et_pb_row column_structure=\u00a0\u00bb1_2,1_2&Prime; make_equal=\u00a0\u00bbon\u00a0\u00bb _builder_version=\u00a0\u00bb4.21.0&Prime; _module_preset=\u00a0\u00bbdefault\u00a0\u00bb width=\u00a0\u00bb90%\u00a0\u00bb global_colors_info=\u00a0\u00bb{}\u00a0\u00bb][et_pb_column type=\u00a0\u00bb1_2&Prime; _builder_version=\u00a0\u00bb4.20.4&Prime; _module_preset=\u00a0\u00bbdefault\u00a0\u00bb global_colors_info=\u00a0\u00bb{}\u00a0\u00bb][et_pb_text _builder_version=\u00a0\u00bb4.21.2&Prime; _module_preset=\u00a0\u00bbdefault\u00a0\u00bb header_font=\u00a0\u00bbMontserrat|600|||||||\u00a0\u00bb header_text_color=\u00a0\u00bb#0D6C41&Prime; header_font_size=\u00a0\u00bb36px\u00a0\u00bb global_colors_info=\u00a0\u00bb{}\u00a0\u00bb]<\/p>\n<h1>E.M.L. Organisme d&rsquo;inspection de l&rsquo;unit\u00e9 locale d&rsquo;Eurobil S.r.l.<\/h1>\n<p>[\/et_pb_text][et_pb_text _builder_version=\u00a0\u00bb4.20.4&Prime; _module_preset=\u00a0\u00bbdefault\u00a0\u00bb text_font=\u00a0\u00bbMontserrat|700|||||||\u00a0\u00bb text_font_size=\u00a0\u00bb18px\u00a0\u00bb global_colors_info=\u00a0\u00bb{}\u00a0\u00bb]<\/p>\n<p>ISP n\u00b0 235E<\/p>\n<p><em>ID UNIONCAMERE N\u00b0 312<\/em><\/p>\n<p>[\/et_pb_text][et_pb_image src=\u00a0\u00bbhttps:\/\/eurobil.it\/wp-content\/uploads\/2023\/04\/logo-accredia.jpg\u00a0\u00bb alt=\u00a0\u00bblogo-accr\u00e9dia\u00a0\u00bb title_text=\u00a0\u00bblogo-accr\u00e9dia\u00a0\u00bb _builder_version=\u00a0\u00bb4.22.2&Prime; _module_preset=\u00a0\u00bbdefault\u00a0\u00bb width=\u00a0\u00bb40%\u00a0\u00bb global_colors_info=\u00a0\u00bb{}\u00a0\u00bb][\/et_pb_image][\/et_pb_column][et_pb_column type=\u00a0\u00bb1_2&Prime; _builder_version=\u00a0\u00bb4.20.4&Prime; _module_preset=\u00a0\u00bbdefault\u00a0\u00bb global_colors_info=\u00a0\u00bb{}\u00a0\u00bb][et_pb_text _builder_version=\u00a0\u00bb4.22.2&Prime; _module_preset=\u00a0\u00bbdefault\u00a0\u00bb text_font=\u00a0\u00bbMontserrat|500|||||||\u00a0\u00bb global_colors_info=\u00a0\u00bb{}\u00a0\u00bb]<\/p>\n<p><strong>E.M.L.<\/strong><span> <\/span>fait partie de la soci\u00e9t\u00e9 Eurobil S.r.l.. et est n\u00e9e en 2006 de la volont\u00e9 d&rsquo;\u00e9tendre son activit\u00e9 et de fournir un service complet \u00e0 ses clients. E.M.L. (\u00ab Eurobil Laboratorio Metrologico \u00bb) effectue des contr\u00f4les p\u00e9riodiques des syst\u00e8mes de pes\u00e9e non automatiques \u00ab <strong>NAWI<\/strong> \u00bb de classe I, II, III, IIII<br \/>E.M.L. peut v\u00e9rifier p\u00e9riodiquement<\/p>\n<ul>\n<li><strong>Instruments de pes\u00e9e non automatiques \u2013 NAWI \u2013 classe I avec capacit\u00e9 maximale jusqu&rsquo;\u00e0 1\u00a0kg<\/strong><\/li>\n<li><strong>Instruments de pes\u00e9e non automatiques \u2013 NAWI \u2013 classe II avec capacit\u00e9 maximale jusqu&rsquo;\u00e0 6\u00a0kg<\/strong><\/li>\n<li><strong>Instruments de pes\u00e9e non automatiques &#8211; NAWI &#8211; classes III et IIII avec capacit\u00e9 maximale jusqu&rsquo;\u00e0 80\u00a0000\u00a0kg<\/strong><\/li>\n<\/ul>\n<p>conforme \u00e0 l&rsquo;Arr\u00eat\u00e9 Minist\u00e9riel 93\/2017 et \u00e0 la norme d&rsquo;accr\u00e9ditation en tant qu&rsquo;organisme d&rsquo;inspection UNI CEI EN ISO IEC 17020<\/p>\n<p>[\/et_pb_text][\/et_pb_column][\/et_pb_row][et_pb_row _builder_version=\u00a0\u00bb4.22.1&Prime; _module_preset=\u00a0\u00bbdefault\u00a0\u00bb positioning=\u00a0\u00bbfixed\u00a0\u00bb position_origin_f=\u00a0\u00bbcenter_right\u00a0\u00bb z_index=\u00a0\u00bb1000&Prime; position_origin_a_tablet=\u00a0\u00bb\u00a0\u00bb position_origin_a_phone=\u00a0\u00bb\u00a0\u00bb position_origin_a_last_edited=\u00a0\u00bbon|tablet\u00a0\u00bb position_origin_f_tablet=\u00a0\u00bbbottom_right\u00a0\u00bb position_origin_f_phone=\u00a0\u00bbbottom_right\u00a0\u00bb position_origin_f_last_edited=\u00a0\u00bbon|phone\u00a0\u00bb position_origin_r_tablet=\u00a0\u00bb\u00a0\u00bb position_origin_r_phone=\u00a0\u00bb\u00a0\u00bb position_origin_r_last_edited=\u00a0\u00bbon|tablet\u00a0\u00bb width=\u00a0\u00bb6%\u00a0\u00bb width_tablet=\u00a0\u00bb11%\u00a0\u00bb width_phone=\u00a0\u00bb15%\u00a0\u00bb width_last_edited=\u00a0\u00bbon|phone\u00a0\u00bb positioning_tablet=\u00a0\u00bbfixed\u00a0\u00bb positioning_phone=\u00a0\u00bbfixed\u00a0\u00bb positioning_last_edited=\u00a0\u00bbon|tablet\u00a0\u00bb global_colors_info=\u00a0\u00bb{}\u00a0\u00bb][et_pb_column type=\u00a0\u00bb4_4&Prime; _builder_version=\u00a0\u00bb4.22.1&Prime; _module_preset=\u00a0\u00bbdefault\u00a0\u00bb global_colors_info=\u00a0\u00bb{}\u00a0\u00bb][et_pb_blurb title=\u00a0\u00bbAide\u00a0\u00bb url=\u00a0\u00bbhttps:\/\/eurobil.it\/contatti\/#formcontatti\u00a0\u00bb use_icon=\u00a0\u00bbon\u00a0\u00bb font_icon=\u00a0\u00bb&#xf590;||fa||900&Prime; icon_color=\u00a0\u00bb#FFFFFF\u00a0\u00bb image_icon_width=\u00a0\u00bb30px\u00a0\u00bb _builder_version=\u00a0\u00bb4.22.2&Prime; _module_preset=\u00a0\u00bbdefault\u00a0\u00bb header_font=\u00a0\u00bbMontserrat|700|||||||\u00a0\u00bb header_text_align=\u00a0\u00bbcenter\u00a0\u00bb header_text_color=\u00a0\u00bb#FFFFFF\u00a0\u00bb header_font_size=\u00a0\u00bb14px\u00a0\u00bb background_color=\u00a0\u00bb#47C68D\u00a0\u00bb image_icon_custom_margin=\u00a0\u00bb0px||0px||true|false\u00a0\u00bb image_icon_custom_padding=\u00a0\u00bb0px||0px||true|false\u00a0\u00bb custom_margin=\u00a0\u00bb0px||0px||true|false\u00a0\u00bb custom_padding=\u00a0\u00bb3px|3px|3px|3px|true|true\u00a0\u00bb custom_padding_tablet=\u00a0\u00bb3px|3px|3px|3px|true|true\u00a0\u00bb custom_padding_phone=\u00a0\u00bb1px|1px|1px|1px|true|true\u00a0\u00bb custom_padding_last_edited=\u00a0\u00bbon|phone\u00a0\u00bb link_option_url=\u00a0\u00bbhttps:\/\/eurobil.it\/contatti\/#formcontatti\u00a0\u00bb header_font_size_tablet=\u00a0\u00bb14px\u00a0\u00bb header_font_size_phone=\u00a0\u00bb8px\u00a0\u00bb header_font_size_last_edited=\u00a0\u00bbon|phone\u00a0\u00bb custom_css_blurb_image=\u00a0\u00bbmargin:10px;\u00a0\u00bb global_colors_info=\u00a0\u00bb{}\u00a0\u00bb][\/et_pb_blurb][\/et_pb_column][\/et_pb_row][et_pb_row column_structure=\u00a0\u00bb1_4,1_4,1_4,1_4&Prime; make_equal=\u00a0\u00bbon\u00a0\u00bb _builder_version=\u00a0\u00bb4.22.1&Prime; _module_preset=\u00a0\u00bbdefault\u00a0\u00bb border_color_bottom=\u00a0\u00bb#0D6C41&Prime; locked=\u00a0\u00bboff\u00a0\u00bb global_colors_info=\u00a0\u00bb{}\u00a0\u00bb][et_pb_column type=\u00a0\u00bb1_4&Prime; module_class=\u00a0\u00bbde-inline-icon\u00a0\u00bb _builder_version=\u00a0\u00bb4.22.1&Prime; _module_preset=\u00a0\u00bbdefault\u00a0\u00bb global_colors_info=\u00a0\u00bb{}\u00a0\u00bb][et_pb_image src=\u00a0\u00bbhttps:\/\/eurobil.it\/wp-content\/uploads\/2023\/10\/verificazione.png\u00a0\u00bb alt=\u00a0\u00bbformulaire de demande de v\u00e9rification p\u00e9riodique\u00a0\u00bb title_text=\u00a0\u00bbformulaire de demande de v\u00e9rification p\u00e9riodique\u00a0\u00bb _builder_version=\u00a0\u00bb4.22.2&Prime; _module_preset=\u00a0\u00bbdefault\u00a0\u00bb width=\u00a0\u00bb40%\u00a0\u00bb max_width=\u00a0\u00bb40%\u00a0\u00bb module_alignment=\u00a0\u00bbcenter\u00a0\u00bb global_colors_info=\u00a0\u00bb{}\u00a0\u00bb][\/et_pb_image][et_pb_text disabled_on=\u00a0\u00bboff|off|off\u00a0\u00bb _builder_version=\u00a0\u00bb4.24.2&Prime; _module_preset=\u00a0\u00bbdefault\u00a0\u00bb text_font=\u00a0\u00bbMontserrat|600|||||||\u00a0\u00bb text_font_size=\u00a0\u00bb16px\u00a0\u00bb text_line_height=\u00a0\u00bb1.1em\u00a0\u00bb link_text_color=\u00a0\u00bb#666666&Prime; background_enable_color=\u00a0\u00bboff\u00a0\u00bb text_orientation=\u00a0\u00bbcenter\u00a0\u00bb locked=\u00a0\u00bboff\u00a0\u00bb global_colors_info=\u00a0\u00bb{}\u00a0\u00bb link_text_color__hover_enabled=\u00a0\u00bbon|hover\u00a0\u00bb link_text_color__hover=\u00a0\u00bb#47C68D\u00a0\u00bb]<\/p>\n<p>Formulaire de demande<br \/>v\u00e9rification p\u00e9riodique<\/p>\n<p><a href=\"\/wp-content\/uploads\/2024\/09\/MDO-01.1_ModuloRichiesta_Rev.18.pdf\" target=\"_blank\" rel=\"noopener\"><b>T\u00e9l\u00e9charger <\/b><\/a><\/p>\n<p>[\/et_pb_text][et_pb_code disabled_on=\u00a0\u00bbon|on|on\u00a0\u00bb _builder_version=\u00a0\u00bb4.22.2&Prime; _module_preset=\u00a0\u00bbdefault\u00a0\u00bb disabled=\u00a0\u00bbon\u00a0\u00bb locked=\u00a0\u00bboff\u00a0\u00bb global_colors_info=\u00a0\u00bb{}\u00a0\u00bb]<\/p>\n<style><!-- [et_pb_line_break_holder] -->.de-inline-icon .et_pb_icon  {<!-- [et_pb_line_break_holder] -->  display: inline-block;<!-- [et_pb_line_break_holder] -->}<!-- [et_pb_line_break_holder] -->.de-inline-icon {<!-- [et_pb_line_break_holder] -->  text-align: center !important;<!-- [et_pb_line_break_holder] -->}<!-- [et_pb_line_break_holder] --><\/style>\n<p>[\/et_pb_code][\/et_pb_column][et_pb_column type=\u00a0\u00bb1_4&Prime; module_class=\u00a0\u00bbde-inline-icon\u00a0\u00bb _builder_version=\u00a0\u00bb4.22.1&Prime; _module_preset=\u00a0\u00bbdefault\u00a0\u00bb global_colors_info=\u00a0\u00bb{}\u00a0\u00bb][et_pb_image src=\u00a0\u00bbhttps:\/\/eurobil.it\/wp-content\/uploads\/2023\/10\/ricorso.png\u00a0\u00bb alt=\u00a0\u00bbformulaire de plainte ou d&rsquo;appel\u00a0\u00bb title_text=\u00a0\u00bbformulaire de plainte ou d&rsquo;appel\u00a0\u00bb align=\u00a0\u00bbcenter\u00a0\u00bb _builder_version=\u00a0\u00bb4.22.2&Prime; _module_preset=\u00a0\u00bbdefault\u00a0\u00bb width=\u00a0\u00bb40%\u00a0\u00bb max_width=\u00a0\u00bb40%\u00a0\u00bb module_alignment=\u00a0\u00bbcenter\u00a0\u00bb global_colors_info=\u00a0\u00bb{}\u00a0\u00bb][\/et_pb_image][et_pb_text disabled_on=\u00a0\u00bboff|off|off\u00a0\u00bb _builder_version=\u00a0\u00bb4.24.2&Prime; _module_preset=\u00a0\u00bbdefault\u00a0\u00bb text_font=\u00a0\u00bbMontserrat|600|||||||\u00a0\u00bb text_font_size=\u00a0\u00bb16px\u00a0\u00bb text_line_height=\u00a0\u00bb1.1em\u00a0\u00bb link_text_color=\u00a0\u00bb#666666&Prime; background_enable_color=\u00a0\u00bboff\u00a0\u00bb text_orientation=\u00a0\u00bbcenter\u00a0\u00bb locked=\u00a0\u00bboff\u00a0\u00bb global_colors_info=\u00a0\u00bb{}\u00a0\u00bb link_text_color__hover_enabled=\u00a0\u00bbon|hover\u00a0\u00bb link_text_color__hover=\u00a0\u00bb#47C68D\u00a0\u00bb]<\/p>\n<p>Formulaire de r\u00e9clamation<br \/>ou appel<\/p>\n<p><a href=\"\/wp-content\/uploads\/2024\/09\/MD-05-Modulo-Gestione-Reclami-e-Ricorsi_Rev.2.pdf\" target=\"_blank\" rel=\"noopener\"><b>T\u00e9l\u00e9charger<\/b><\/a> <\/p>\n<p>[\/et_pb_text][\/et_pb_column][et_pb_column type=\u00a0\u00bb1_4&Prime; module_class=\u00a0\u00bbde-inline-icon\u00a0\u00bb _builder_version=\u00a0\u00bb4.22.1&Prime; _module_preset=\u00a0\u00bbdefault\u00a0\u00bb global_colors_info=\u00a0\u00bb{}\u00a0\u00bb][et_pb_image src=\u00a0\u00bbhttps:\/\/eurobil.it\/wp-content\/uploads\/2023\/10\/odi.png\u00a0\u00bb alt=\u00a0\u00bbR\u00e9glementation ODI\u00a0\u00bb title_text=\u00a0\u00bbR\u00e9glementation ODI\u00a0\u00bb _builder_version=\u00a0\u00bb4.22.2&Prime; _module_preset=\u00a0\u00bbdefault\u00a0\u00bb width=\u00a0\u00bb25%\u00a0\u00bb module_alignment=\u00a0\u00bbcenter\u00a0\u00bb global_colors_info=\u00a0\u00bb{}\u00a0\u00bb][\/et_pb_image][et_pb_text disabled_on=\u00a0\u00bboff|off|off\u00a0\u00bb _builder_version=\u00a0\u00bb4.24.2&Prime; _module_preset=\u00a0\u00bbdefault\u00a0\u00bb text_font=\u00a0\u00bbMontserrat|600|||||||\u00a0\u00bb text_font_size=\u00a0\u00bb16px\u00a0\u00bb text_line_height=\u00a0\u00bb1.1em\u00a0\u00bb link_text_color=\u00a0\u00bb#666666&Prime; background_enable_color=\u00a0\u00bboff\u00a0\u00bb text_orientation=\u00a0\u00bbcenter\u00a0\u00bb locked=\u00a0\u00bboff\u00a0\u00bb global_colors_info=\u00a0\u00bb{}\u00a0\u00bb link_text_color__hover_enabled=\u00a0\u00bbon|hover\u00a0\u00bb link_text_color__hover=\u00a0\u00bb#47C68D\u00a0\u00bb]<\/p>\n<p>R\u00e8glement<br \/>de l&rsquo;Odi<\/p>\n<p><a href=\"\/wp-content\/uploads\/2024\/09\/Regolamento-dellOdI-Rev.11.pdf\" target=\"_blank\" rel=\"noopener\"><b>T\u00e9l\u00e9charger<\/b><\/a><\/p>\n<p>[\/et_pb_text][\/et_pb_column][et_pb_column type=\u00a0\u00bb1_4&Prime; module_class=\u00a0\u00bbde-inline-icon\u00a0\u00bb _builder_version=\u00a0\u00bb4.22.1&Prime; _module_preset=\u00a0\u00bbdefault\u00a0\u00bb global_colors_info=\u00a0\u00bb{}\u00a0\u00bb][et_pb_image src=\u00a0\u00bbhttps:\/\/eurobil.it\/wp-content\/uploads\/2023\/10\/etico.png\u00a0\u00bb alt=\u00a0\u00bbCode d&rsquo;\u00e9thique\u00a0\u00bb title_text=\u00a0\u00bbCode d&rsquo;\u00e9thique\u00a0\u00bb _builder_version=\u00a0\u00bb4.22.2&Prime; _module_preset=\u00a0\u00bbdefault\u00a0\u00bb width=\u00a0\u00bb40%\u00a0\u00bb max_width=\u00a0\u00bb40%\u00a0\u00bb module_alignment=\u00a0\u00bbcenter\u00a0\u00bb global_colors_info=\u00a0\u00bb{}\u00a0\u00bb][\/et_pb_image][et_pb_text disabled_on=\u00a0\u00bboff|off|off\u00a0\u00bb _builder_version=\u00a0\u00bb4.24.2&Prime; _module_preset=\u00a0\u00bbdefault\u00a0\u00bb text_font=\u00a0\u00bbMontserrat|600|||||||\u00a0\u00bb text_font_size=\u00a0\u00bb16px\u00a0\u00bb text_line_height=\u00a0\u00bb1.1em\u00a0\u00bb link_text_color=\u00a0\u00bb#666666&Prime; background_enable_color=\u00a0\u00bboff\u00a0\u00bb text_orientation=\u00a0\u00bbcenter\u00a0\u00bb locked=\u00a0\u00bboff\u00a0\u00bb global_colors_info=\u00a0\u00bb{}\u00a0\u00bb link_text_color__hover_enabled=\u00a0\u00bbon|hover\u00a0\u00bb link_text_color__hover=\u00a0\u00bb#47C68D\u00a0\u00bb]<\/p>\n<p>Code <br \/>d&rsquo;\u00e9thique<\/p>\n<p><a href=\"\/wp-content\/uploads\/2024\/09\/Codice-Etico-EML_Rev.7.pdf\" target=\"_blank\" rel=\"noopener\"><b>T\u00e9l\u00e9charger<\/b> <\/a><\/p>\n<p>[\/et_pb_text][\/et_pb_column][\/et_pb_row][et_pb_row column_structure=\u00a0\u00bb1_4,1_4,1_4,1_4&Prime; make_equal=\u00a0\u00bbon\u00a0\u00bb _builder_version=\u00a0\u00bb4.22.1&Prime; _module_preset=\u00a0\u00bbdefault\u00a0\u00bb border_color_bottom=\u00a0\u00bb#0D6C41&Prime; locked=\u00a0\u00bboff\u00a0\u00bb global_colors_info=\u00a0\u00bb{}\u00a0\u00bb][et_pb_column type=\u00a0\u00bb1_4&Prime; module_class=\u00a0\u00bbde-inline-icon\u00a0\u00bb _builder_version=\u00a0\u00bb4.22.1&Prime; _module_preset=\u00a0\u00bbdefault\u00a0\u00bb global_colors_info=\u00a0\u00bb{}\u00a0\u00bb][et_pb_image src=\u00a0\u00bbhttps:\/\/eurobil.it\/wp-content\/uploads\/2023\/10\/verificazione.png\u00a0\u00bb alt=\u00a0\u00bbformulaire de demande de v\u00e9rification p\u00e9riodique\u00a0\u00bb title_text=\u00a0\u00bbformulaire de demande de v\u00e9rification p\u00e9riodique\u00a0\u00bb _builder_version=\u00a0\u00bb4.22.2&Prime; _module_preset=\u00a0\u00bbdefault\u00a0\u00bb width=\u00a0\u00bb40%\u00a0\u00bb max_width=\u00a0\u00bb40%\u00a0\u00bb module_alignment=\u00a0\u00bbcenter\u00a0\u00bb global_colors_info=\u00a0\u00bb{}\u00a0\u00bb][\/et_pb_image][et_pb_text disabled_on=\u00a0\u00bboff|off|off\u00a0\u00bb _builder_version=\u00a0\u00bb4.24.2&Prime; _module_preset=\u00a0\u00bbdefault\u00a0\u00bb text_font=\u00a0\u00bbMontserrat|600|||||||\u00a0\u00bb text_font_size=\u00a0\u00bb16px\u00a0\u00bb text_line_height=\u00a0\u00bb1.1em\u00a0\u00bb link_text_color=\u00a0\u00bb#666666&Prime; background_enable_color=\u00a0\u00bboff\u00a0\u00bb text_orientation=\u00a0\u00bbcenter\u00a0\u00bb hover_enabled=\u00a0\u00bb0&Prime; locked=\u00a0\u00bboff\u00a0\u00bb global_colors_info=\u00a0\u00bb{}\u00a0\u00bb link_text_color__hover_enabled=\u00a0\u00bbon|hover\u00a0\u00bb link_text_color__hover=\u00a0\u00bb#47C68D\u00a0\u00bb sticky_enabled=\u00a0\u00bb0&Prime;]Formulaire de politique<br \/>\nd&rsquo;impartialit\u00e9<\/p>\n<p><a href=\"https:\/\/eurobil.it\/wp-content\/uploads\/2024\/10\/Politica-imparzialita-EML_Rev.0.pdf\" target=\"_blank\" rel=\"noopener\"><b>T\u00e9l\u00e9charger <\/b><\/a>[\/et_pb_text][et_pb_code disabled_on=\u00a0\u00bbon|on|on\u00a0\u00bb _builder_version=\u00a0\u00bb4.22.2&Prime; _module_preset=\u00a0\u00bbdefault\u00a0\u00bb disabled=\u00a0\u00bbon\u00a0\u00bb locked=\u00a0\u00bboff\u00a0\u00bb global_colors_info=\u00a0\u00bb{}\u00a0\u00bb]<\/p>\n<style><!-- [et_pb_line_break_holder] -->.de-inline-icon .et_pb_icon  {<!-- [et_pb_line_break_holder] -->  display: inline-block;<!-- [et_pb_line_break_holder] -->}<!-- [et_pb_line_break_holder] -->.de-inline-icon {<!-- [et_pb_line_break_holder] -->  text-align: center !important;<!-- [et_pb_line_break_holder] -->}<!-- [et_pb_line_break_holder] --><\/style>\n<p>[\/et_pb_code][\/et_pb_column][et_pb_column type=\u00a0\u00bb1_4&Prime; module_class=\u00a0\u00bbde-inline-icon\u00a0\u00bb _builder_version=\u00a0\u00bb4.22.1&Prime; _module_preset=\u00a0\u00bbdefault\u00a0\u00bb global_colors_info=\u00a0\u00bb{}\u00a0\u00bb][\/et_pb_column][et_pb_column type=\u00a0\u00bb1_4&Prime; module_class=\u00a0\u00bbde-inline-icon\u00a0\u00bb _builder_version=\u00a0\u00bb4.22.1&Prime; _module_preset=\u00a0\u00bbdefault\u00a0\u00bb global_colors_info=\u00a0\u00bb{}\u00a0\u00bb][\/et_pb_column][et_pb_column type=\u00a0\u00bb1_4&Prime; module_class=\u00a0\u00bbde-inline-icon\u00a0\u00bb _builder_version=\u00a0\u00bb4.22.1&Prime; _module_preset=\u00a0\u00bbdefault\u00a0\u00bb global_colors_info=\u00a0\u00bb{}\u00a0\u00bb][\/et_pb_column][\/et_pb_row][\/et_pb_section]<\/p>\n","protected":false},"excerpt":{"rendered":"<p>certificationsE.M.L. Organisme d&rsquo;inspection de l&rsquo;unit\u00e9 locale d&rsquo;Eurobil S.r.l.ISP n\u00b0 235E ID UNIONCAMERE N\u00b0 312E.M.L. fait partie de la soci\u00e9t\u00e9 Eurobil S.r.l.. et est n\u00e9e en 2006 de la volont\u00e9 d&rsquo;\u00e9tendre son activit\u00e9 et de fournir un service complet \u00e0 ses clients. E.M.L. (\u00ab Eurobil Laboratorio Metrologico \u00bb) effectue des contr\u00f4les p\u00e9riodiques des syst\u00e8mes de pes\u00e9e [&hellip;]<\/p>\n","protected":false},"author":1,"featured_media":0,"parent":0,"menu_order":0,"comment_status":"closed","ping_status":"closed","template":"","meta":{"_et_pb_use_builder":"on","_et_pb_old_content":"","_et_gb_content_width":"","footnotes":""},"class_list":["post-283424","page","type-page","status-publish","hentry"],"yoast_head":"<!-- This site is optimized with the Yoast SEO plugin v26.0 - https:\/\/yoast.com\/wordpress\/plugins\/seo\/ -->\n<title>Certifications<\/title>\n<meta name=\"description\" content=\"D\u00e9couvrez les certifications qui attestent de notre excellence dans le secteur. Choisissez Eurobil pour des services de haute qualit\u00e9 et comp\u00e9tents.\" \/>\n<meta name=\"robots\" content=\"index, follow, max-snippet:-1, max-image-preview:large, max-video-preview:-1\" \/>\n<link rel=\"canonical\" href=\"https:\/\/eurobil.it\/fr\/certifications\/\" \/>\n<meta property=\"og:locale\" content=\"fr_FR\" \/>\n<meta property=\"og:type\" content=\"article\" \/>\n<meta property=\"og:title\" content=\"Certifications\" \/>\n<meta property=\"og:description\" content=\"D\u00e9couvrez les certifications qui attestent de notre excellence dans le secteur. Choisissez Eurobil pour des services de haute qualit\u00e9 et comp\u00e9tents.\" \/>\n<meta property=\"og:url\" content=\"https:\/\/eurobil.it\/fr\/certifications\/\" \/>\n<meta property=\"og:site_name\" content=\"EUROBIL\" \/>\n<meta property=\"article:publisher\" content=\"https:\/\/www.facebook.com\/profile.php?id=100090025125705\" \/>\n<meta property=\"article:modified_time\" content=\"2024-10-21T09:57:20+00:00\" \/>\n<meta property=\"og:image\" content=\"https:\/\/eurobil.it\/wp-content\/uploads\/2023\/10\/33_Sun_Eco_1.webp\" \/>\n\t<meta property=\"og:image:width\" content=\"1000\" \/>\n\t<meta property=\"og:image:height\" content=\"1000\" \/>\n\t<meta property=\"og:image:type\" content=\"image\/webp\" \/>\n<meta name=\"twitter:card\" content=\"summary_large_image\" \/>\n<meta name=\"twitter:label1\" content=\"Dur\u00e9e de lecture estim\u00e9e\" \/>\n\t<meta name=\"twitter:data1\" content=\"2 minutes\" \/>\n<script type=\"application\/ld+json\" class=\"yoast-schema-graph\">{\"@context\":\"https:\/\/schema.org\",\"@graph\":[{\"@type\":\"WebPage\",\"@id\":\"https:\/\/eurobil.it\/fr\/certifications\/\",\"url\":\"https:\/\/eurobil.it\/fr\/certifications\/\",\"name\":\"Certifications\",\"isPartOf\":{\"@id\":\"https:\/\/eurobil.it\/#website\"},\"datePublished\":\"2023-04-13T13:14:23+00:00\",\"dateModified\":\"2024-10-21T09:57:20+00:00\",\"description\":\"D\u00e9couvrez les certifications qui attestent de notre excellence dans le secteur. Choisissez Eurobil pour des services de haute qualit\u00e9 et comp\u00e9tents.\",\"breadcrumb\":{\"@id\":\"https:\/\/eurobil.it\/fr\/certifications\/#breadcrumb\"},\"inLanguage\":\"fr-FR\",\"potentialAction\":[{\"@type\":\"ReadAction\",\"target\":[\"https:\/\/eurobil.it\/fr\/certifications\/\"]}]},{\"@type\":\"BreadcrumbList\",\"@id\":\"https:\/\/eurobil.it\/fr\/certifications\/#breadcrumb\",\"itemListElement\":[{\"@type\":\"ListItem\",\"position\":1,\"name\":\"Accueil\",\"item\":\"https:\/\/eurobil.it\/fr\/\"},{\"@type\":\"ListItem\",\"position\":2,\"name\":\"Certifications\"}]},{\"@type\":\"WebSite\",\"@id\":\"https:\/\/eurobil.it\/#website\",\"url\":\"https:\/\/eurobil.it\/\",\"name\":\"EUROBIL\",\"description\":\"Bilance di precisione da laboratorio\",\"potentialAction\":[{\"@type\":\"SearchAction\",\"target\":{\"@type\":\"EntryPoint\",\"urlTemplate\":\"https:\/\/eurobil.it\/?s={search_term_string}\"},\"query-input\":{\"@type\":\"PropertyValueSpecification\",\"valueRequired\":true,\"valueName\":\"search_term_string\"}}],\"inLanguage\":\"fr-FR\"}]}<\/script>\n<!-- \/ Yoast SEO plugin. -->","yoast_head_json":{"title":"Certifications","description":"D\u00e9couvrez les certifications qui attestent de notre excellence dans le secteur. Choisissez Eurobil pour des services de haute qualit\u00e9 et comp\u00e9tents.","robots":{"index":"index","follow":"follow","max-snippet":"max-snippet:-1","max-image-preview":"max-image-preview:large","max-video-preview":"max-video-preview:-1"},"canonical":"https:\/\/eurobil.it\/fr\/certifications\/","og_locale":"fr_FR","og_type":"article","og_title":"Certifications","og_description":"D\u00e9couvrez les certifications qui attestent de notre excellence dans le secteur. Choisissez Eurobil pour des services de haute qualit\u00e9 et comp\u00e9tents.","og_url":"https:\/\/eurobil.it\/fr\/certifications\/","og_site_name":"EUROBIL","article_publisher":"https:\/\/www.facebook.com\/profile.php?id=100090025125705","article_modified_time":"2024-10-21T09:57:20+00:00","og_image":[{"width":1000,"height":1000,"url":"https:\/\/eurobil.it\/wp-content\/uploads\/2023\/10\/33_Sun_Eco_1.webp","type":"image\/webp"}],"twitter_card":"summary_large_image","twitter_misc":{"Dur\u00e9e de lecture estim\u00e9e":"2 minutes"},"schema":{"@context":"https:\/\/schema.org","@graph":[{"@type":"WebPage","@id":"https:\/\/eurobil.it\/fr\/certifications\/","url":"https:\/\/eurobil.it\/fr\/certifications\/","name":"Certifications","isPartOf":{"@id":"https:\/\/eurobil.it\/#website"},"datePublished":"2023-04-13T13:14:23+00:00","dateModified":"2024-10-21T09:57:20+00:00","description":"D\u00e9couvrez les certifications qui attestent de notre excellence dans le secteur. Choisissez Eurobil pour des services de haute qualit\u00e9 et comp\u00e9tents.","breadcrumb":{"@id":"https:\/\/eurobil.it\/fr\/certifications\/#breadcrumb"},"inLanguage":"fr-FR","potentialAction":[{"@type":"ReadAction","target":["https:\/\/eurobil.it\/fr\/certifications\/"]}]},{"@type":"BreadcrumbList","@id":"https:\/\/eurobil.it\/fr\/certifications\/#breadcrumb","itemListElement":[{"@type":"ListItem","position":1,"name":"Accueil","item":"https:\/\/eurobil.it\/fr\/"},{"@type":"ListItem","position":2,"name":"Certifications"}]},{"@type":"WebSite","@id":"https:\/\/eurobil.it\/#website","url":"https:\/\/eurobil.it\/","name":"EUROBIL","description":"Bilance di precisione da laboratorio","potentialAction":[{"@type":"SearchAction","target":{"@type":"EntryPoint","urlTemplate":"https:\/\/eurobil.it\/?s={search_term_string}"},"query-input":{"@type":"PropertyValueSpecification","valueRequired":true,"valueName":"search_term_string"}}],"inLanguage":"fr-FR"}]}},"_links":{"self":[{"href":"https:\/\/eurobil.it\/fr\/wp-json\/wp\/v2\/pages\/283424","targetHints":{"allow":["GET"]}}],"collection":[{"href":"https:\/\/eurobil.it\/fr\/wp-json\/wp\/v2\/pages"}],"about":[{"href":"https:\/\/eurobil.it\/fr\/wp-json\/wp\/v2\/types\/page"}],"author":[{"embeddable":true,"href":"https:\/\/eurobil.it\/fr\/wp-json\/wp\/v2\/users\/1"}],"replies":[{"embeddable":true,"href":"https:\/\/eurobil.it\/fr\/wp-json\/wp\/v2\/comments?post=283424"}],"version-history":[{"count":5,"href":"https:\/\/eurobil.it\/fr\/wp-json\/wp\/v2\/pages\/283424\/revisions"}],"predecessor-version":[{"id":297164,"href":"https:\/\/eurobil.it\/fr\/wp-json\/wp\/v2\/pages\/283424\/revisions\/297164"}],"wp:attachment":[{"href":"https:\/\/eurobil.it\/fr\/wp-json\/wp\/v2\/media?parent=283424"}],"curies":[{"name":"wp","href":"https:\/\/api.w.org\/{rel}","templated":true}]}}