{"id":283765,"date":"2023-04-04T13:11:38","date_gmt":"2023-04-04T13:11:38","guid":{"rendered":"https:\/\/eurobil.it\/noticias-2\/"},"modified":"2024-02-14T13:58:14","modified_gmt":"2024-02-14T13:58:14","slug":"noticias-2","status":"publish","type":"page","link":"https:\/\/eurobil.it\/es\/noticias-2\/","title":{"rendered":"Noticias"},"content":{"rendered":"<p>[et_pb_section fb_built=\u00bb1&#8243; _builder_version=\u00bb4.22.2&#8243; _module_preset=\u00bbdefault\u00bb background_color=\u00bb#0D6C41&#8243; use_background_color_gradient=\u00bbon\u00bb background_color_gradient_stops=\u00bb#14412c 0%|#0d6c41 50%|#14412c 99%\u00bb custom_margin=\u00bb-20px||||false|false\u00bb custom_padding=\u00bb20px||0px||false|false\u00bb global_colors_info=\u00bb{}\u00bb][et_pb_row _builder_version=\u00bb4.22.2&#8243; _module_preset=\u00bbdefault\u00bb global_colors_info=\u00bb{}\u00bb][et_pb_column type=\u00bb4_4&#8243; _builder_version=\u00bb4.20.4&#8243; _module_preset=\u00bbdefault\u00bb global_colors_info=\u00bb{}\u00bb][et_pb_text _builder_version=\u00bb4.22.2&#8243; _module_preset=\u00bbdefault\u00bb header_font=\u00bbMontserrat|700||on|||||\u00bb header_text_align=\u00bbleft\u00bb header_text_color=\u00bb#FFFFFF\u00bb header_font_size=\u00bb42px\u00bb custom_margin=\u00bb||0px||false|false\u00bb global_colors_info=\u00bb{}\u00bb]<\/p>\n<h1>NOTICIAS<\/h1>\n<p>[\/et_pb_text][\/et_pb_column][\/et_pb_row][\/et_pb_section][et_pb_section fb_built=\u00bb1&#8243; disabled_on=\u00bboff|off|off\u00bb _builder_version=\u00bb4.22.2&#8243; _module_preset=\u00bbdefault\u00bb custom_margin=\u00bb0px||||false|false\u00bb custom_padding=\u00bb40px||||false|false\u00bb global_colors_info=\u00bb{}\u00bb][et_pb_row _builder_version=\u00bb4.22.2&#8243; _module_preset=\u00bbdefault\u00bb global_colors_info=\u00bb{}\u00bb][et_pb_column type=\u00bb4_4&#8243; _builder_version=\u00bb4.22.2&#8243; _module_preset=\u00bbdefault\u00bb global_colors_info=\u00bb{}\u00bb][et_pb_blog fullwidth=\u00bboff\u00bb posts_number=\u00bb6&#8243; excerpt_length=\u00bb150&#8243; show_more=\u00bbon\u00bb show_author=\u00bboff\u00bb show_categories=\u00bboff\u00bb _builder_version=\u00bb4.22.2&#8243; _module_preset=\u00bbdefault\u00bb header_font=\u00bbPoppins|700|||||||\u00bb header_text_color=\u00bb#0D6C41&#8243; header_font_size=\u00bb18px\u00bb body_font=\u00bbPoppins||||||||\u00bb body_font_size=\u00bb16px\u00bb meta_font=\u00bbPoppins|300|||||||\u00bb meta_font_size=\u00bb12px\u00bb read_more_font=\u00bbPoppins|500|||||||\u00bb read_more_text_color=\u00bb#47C68D\u00bb custom_margin=\u00bb||||false|false\u00bb custom_padding=\u00bb||||false|false\u00bb hover_enabled=\u00bb0&#8243; header_font_size_tablet=\u00bb18px\u00bb header_font_size_phone=\u00bb18px\u00bb header_font_size_last_edited=\u00bbon|tablet\u00bb body_font_size_tablet=\u00bb14px\u00bb body_font_size_phone=\u00bb14px\u00bb body_font_size_last_edited=\u00bbon|desktop\u00bb meta_font_size_tablet=\u00bb12px\u00bb meta_font_size_phone=\u00bb12px\u00bb meta_font_size_last_edited=\u00bbon|phone\u00bb border_width_all=\u00bb0px\u00bb global_colors_info=\u00bb{}\u00bb meta_date=\u00bbj F Y\u00bb sticky_enabled=\u00bb0&#8243;][\/et_pb_blog][\/et_pb_column][\/et_pb_row][\/et_pb_section]<\/p>\n","protected":false},"excerpt":{"rendered":"<p>NOTICIAS<\/p>\n","protected":false},"author":1,"featured_media":0,"parent":0,"menu_order":0,"comment_status":"closed","ping_status":"closed","template":"","meta":{"_et_pb_use_builder":"on","_et_pb_old_content":"","_et_gb_content_width":"","footnotes":""},"class_list":["post-283765","page","type-page","status-publish","hentry"],"yoast_head":"<!-- This site is optimized with the Yoast SEO plugin v26.0 - https:\/\/yoast.com\/wordpress\/plugins\/seo\/ -->\n<title>Noticias - EUROBIL<\/title>\n<meta name=\"description\" content=\"Mant\u00e9ngase al d\u00eda de las \u00faltimas noticias y actualizaciones. Consulte los \u00faltimos art\u00edculos en nuestra p\u00e1gina de Noticias y mant\u00e9ngase informado.\" \/>\n<meta name=\"robots\" content=\"index, follow, max-snippet:-1, max-image-preview:large, max-video-preview:-1\" \/>\n<link rel=\"canonical\" href=\"https:\/\/eurobil.it\/es\/?page_id=283765\" \/>\n<meta property=\"og:locale\" content=\"es_ES\" \/>\n<meta property=\"og:type\" content=\"article\" \/>\n<meta property=\"og:title\" content=\"Noticias - EUROBIL\" \/>\n<meta property=\"og:description\" content=\"Mant\u00e9ngase al d\u00eda de las \u00faltimas noticias y actualizaciones. Consulte los \u00faltimos art\u00edculos en nuestra p\u00e1gina de Noticias y mant\u00e9ngase informado.\" \/>\n<meta property=\"og:url\" content=\"https:\/\/eurobil.it\/es\/?page_id=283765\" \/>\n<meta property=\"og:site_name\" content=\"EUROBIL\" \/>\n<meta property=\"article:publisher\" content=\"https:\/\/www.facebook.com\/profile.php?id=100090025125705\" \/>\n<meta property=\"article:modified_time\" content=\"2024-02-14T13:58:14+00:00\" \/>\n<meta property=\"og:image\" content=\"https:\/\/eurobil.it\/wp-content\/uploads\/2023\/10\/33_Sun_Eco_1.webp\" \/>\n\t<meta property=\"og:image:width\" content=\"1000\" \/>\n\t<meta property=\"og:image:height\" content=\"1000\" \/>\n\t<meta property=\"og:image:type\" content=\"image\/webp\" \/>\n<meta name=\"twitter:card\" content=\"summary_large_image\" \/>\n<meta name=\"twitter:label1\" content=\"Tiempo de lectura\" \/>\n\t<meta name=\"twitter:data1\" content=\"2 minutos\" \/>\n<script type=\"application\/ld+json\" class=\"yoast-schema-graph\">{\"@context\":\"https:\/\/schema.org\",\"@graph\":[{\"@type\":\"WebPage\",\"@id\":\"https:\/\/eurobil.it\/es\/?page_id=283765\",\"url\":\"https:\/\/eurobil.it\/es\/?page_id=283765\",\"name\":\"Noticias - EUROBIL\",\"isPartOf\":{\"@id\":\"https:\/\/eurobil.it\/#website\"},\"datePublished\":\"2023-04-04T13:11:38+00:00\",\"dateModified\":\"2024-02-14T13:58:14+00:00\",\"description\":\"Mant\u00e9ngase al d\u00eda de las \u00faltimas noticias y actualizaciones. Consulte los \u00faltimos art\u00edculos en nuestra p\u00e1gina de Noticias y mant\u00e9ngase informado.\",\"breadcrumb\":{\"@id\":\"https:\/\/eurobil.it\/es\/?page_id=283765#breadcrumb\"},\"inLanguage\":\"es\",\"potentialAction\":[{\"@type\":\"ReadAction\",\"target\":[\"https:\/\/eurobil.it\/es\/?page_id=283765\"]}]},{\"@type\":\"BreadcrumbList\",\"@id\":\"https:\/\/eurobil.it\/es\/?page_id=283765#breadcrumb\",\"itemListElement\":[{\"@type\":\"ListItem\",\"position\":1,\"name\":\"Portada\",\"item\":\"https:\/\/eurobil.it\/es\/\"},{\"@type\":\"ListItem\",\"position\":2,\"name\":\"Noticias\"}]},{\"@type\":\"WebSite\",\"@id\":\"https:\/\/eurobil.it\/#website\",\"url\":\"https:\/\/eurobil.it\/\",\"name\":\"EUROBIL\",\"description\":\"Bilance di precisione da laboratorio\",\"potentialAction\":[{\"@type\":\"SearchAction\",\"target\":{\"@type\":\"EntryPoint\",\"urlTemplate\":\"https:\/\/eurobil.it\/?s={search_term_string}\"},\"query-input\":{\"@type\":\"PropertyValueSpecification\",\"valueRequired\":true,\"valueName\":\"search_term_string\"}}],\"inLanguage\":\"es\"}]}<\/script>\n<!-- \/ Yoast SEO plugin. -->","yoast_head_json":{"title":"Noticias - EUROBIL","description":"Mant\u00e9ngase al d\u00eda de las \u00faltimas noticias y actualizaciones. Consulte los \u00faltimos art\u00edculos en nuestra p\u00e1gina de Noticias y mant\u00e9ngase informado.","robots":{"index":"index","follow":"follow","max-snippet":"max-snippet:-1","max-image-preview":"max-image-preview:large","max-video-preview":"max-video-preview:-1"},"canonical":"https:\/\/eurobil.it\/es\/?page_id=283765","og_locale":"es_ES","og_type":"article","og_title":"Noticias - EUROBIL","og_description":"Mant\u00e9ngase al d\u00eda de las \u00faltimas noticias y actualizaciones. Consulte los \u00faltimos art\u00edculos en nuestra p\u00e1gina de Noticias y mant\u00e9ngase informado.","og_url":"https:\/\/eurobil.it\/es\/?page_id=283765","og_site_name":"EUROBIL","article_publisher":"https:\/\/www.facebook.com\/profile.php?id=100090025125705","article_modified_time":"2024-02-14T13:58:14+00:00","og_image":[{"width":1000,"height":1000,"url":"https:\/\/eurobil.it\/wp-content\/uploads\/2023\/10\/33_Sun_Eco_1.webp","type":"image\/webp"}],"twitter_card":"summary_large_image","twitter_misc":{"Tiempo de lectura":"2 minutos"},"schema":{"@context":"https:\/\/schema.org","@graph":[{"@type":"WebPage","@id":"https:\/\/eurobil.it\/es\/?page_id=283765","url":"https:\/\/eurobil.it\/es\/?page_id=283765","name":"Noticias - EUROBIL","isPartOf":{"@id":"https:\/\/eurobil.it\/#website"},"datePublished":"2023-04-04T13:11:38+00:00","dateModified":"2024-02-14T13:58:14+00:00","description":"Mant\u00e9ngase al d\u00eda de las \u00faltimas noticias y actualizaciones. Consulte los \u00faltimos art\u00edculos en nuestra p\u00e1gina de Noticias y mant\u00e9ngase informado.","breadcrumb":{"@id":"https:\/\/eurobil.it\/es\/?page_id=283765#breadcrumb"},"inLanguage":"es","potentialAction":[{"@type":"ReadAction","target":["https:\/\/eurobil.it\/es\/?page_id=283765"]}]},{"@type":"BreadcrumbList","@id":"https:\/\/eurobil.it\/es\/?page_id=283765#breadcrumb","itemListElement":[{"@type":"ListItem","position":1,"name":"Portada","item":"https:\/\/eurobil.it\/es\/"},{"@type":"ListItem","position":2,"name":"Noticias"}]},{"@type":"WebSite","@id":"https:\/\/eurobil.it\/#website","url":"https:\/\/eurobil.it\/","name":"EUROBIL","description":"Bilance di precisione da laboratorio","potentialAction":[{"@type":"SearchAction","target":{"@type":"EntryPoint","urlTemplate":"https:\/\/eurobil.it\/?s={search_term_string}"},"query-input":{"@type":"PropertyValueSpecification","valueRequired":true,"valueName":"search_term_string"}}],"inLanguage":"es"}]}},"_links":{"self":[{"href":"https:\/\/eurobil.it\/es\/wp-json\/wp\/v2\/pages\/283765","targetHints":{"allow":["GET"]}}],"collection":[{"href":"https:\/\/eurobil.it\/es\/wp-json\/wp\/v2\/pages"}],"about":[{"href":"https:\/\/eurobil.it\/es\/wp-json\/wp\/v2\/types\/page"}],"author":[{"embeddable":true,"href":"https:\/\/eurobil.it\/es\/wp-json\/wp\/v2\/users\/1"}],"replies":[{"embeddable":true,"href":"https:\/\/eurobil.it\/es\/wp-json\/wp\/v2\/comments?post=283765"}],"version-history":[{"count":6,"href":"https:\/\/eurobil.it\/es\/wp-json\/wp\/v2\/pages\/283765\/revisions"}],"predecessor-version":[{"id":283780,"href":"https:\/\/eurobil.it\/es\/wp-json\/wp\/v2\/pages\/283765\/revisions\/283780"}],"wp:attachment":[{"href":"https:\/\/eurobil.it\/es\/wp-json\/wp\/v2\/media?parent=283765"}],"curies":[{"name":"wp","href":"https:\/\/api.w.org\/{rel}","templated":true}]}}