{"id":283701,"date":"2023-09-18T10:05:24","date_gmt":"2023-09-18T10:05:24","guid":{"rendered":"https:\/\/eurobil.it\/noticias\/"},"modified":"2024-02-22T09:48:25","modified_gmt":"2024-02-22T09:48:25","slug":"proximamente","status":"publish","type":"page","link":"https:\/\/eurobil.it\/es\/proximamente\/","title":{"rendered":"Pr\u00f3ximamente"},"content":{"rendered":"<p>[et_pb_section fb_built=\u00bb1&#8243; _builder_version=\u00bb4.22.1&#8243; _module_preset=\u00bbdefault\u00bb background_color=\u00bb#193f2d\u00bb use_background_color_gradient=\u00bbon\u00bb background_color_gradient_stops=\u00bb#193f2d 0%|#0d6c41 100%\u00bb global_colors_info=\u00bb{}\u00bb][et_pb_row column_structure=\u00bb2_5,3_5&#8243; _builder_version=\u00bb4.22.1&#8243; _module_preset=\u00bbdefault\u00bb global_colors_info=\u00bb{}\u00bb][et_pb_column type=\u00bb2_5&#8243; _builder_version=\u00bb4.22.1&#8243; _module_preset=\u00bbdefault\u00bb global_colors_info=\u00bb{}\u00bb][et_pb_text _builder_version=\u00bb4.22.1&#8243; _module_preset=\u00bbdefault\u00bb header_font=\u00bbPoppins|700|||||||\u00bb header_text_color=\u00bb#FFFFFF\u00bb header_font_size=\u00bb80px\u00bb global_colors_info=\u00bb{}\u00bb]<\/p>\n<h1>Noticias<\/h1>\n<p>[\/et_pb_text][et_pb_image src=\u00bbhttps:\/\/eurobil.it\/wp-content\/uploads\/2023\/10\/1-Photo-scaled.jpg\u00bb title_text=\u00bb__1 &#8211; Foto\u00bb disabled_on=\u00bboff|off|on\u00bb _builder_version=\u00bb4.22.2&#8243; _module_preset=\u00bbdefault\u00bb locked=\u00bboff\u00bb global_colors_info=\u00bb{}\u00bb][\/et_pb_image][et_pb_blurb title=\u00bbRetail\u00bb image=\u00bbhttps:\/\/eurobil.it\/wp-content\/uploads\/2023\/09\/Senza-titolo-2.png\u00bb alt=\u00bbEurobil &#8211; Retail\u00bb icon_placement=\u00bbleft\u00bb image_icon_width=\u00bb51px\u00bb _builder_version=\u00bb4.22.1&#8243; _module_preset=\u00bbdefault\u00bb header_font=\u00bbPoppins|700|||||||\u00bb header_text_color=\u00bb#FFFFFF\u00bb header_font_size=\u00bb30px\u00bb custom_css_blurb_title=\u00bbmargin-top:12px\u00bb global_colors_info=\u00bb{}\u00bb][\/et_pb_blurb][et_pb_text _builder_version=\u00bb4.22.1&#8243; _module_preset=\u00bbdefault\u00bb header_3_font=\u00bbPoppins|800|||||||\u00bb header_3_text_color=\u00bb#47C68D\u00bb custom_margin=\u00bb||10px||false|false\u00bb custom_padding=\u00bb||||false|false\u00bb global_colors_info=\u00bb{}\u00bb]<\/p>\n<h3>L\u00ednea<\/h3>\n<p>[\/et_pb_text][et_pb_text _builder_version=\u00bb4.22.2&#8243; _module_preset=\u00bbdefault\u00bb text_font=\u00bbMontserrat||||||||\u00bb text_text_color=\u00bb#FFFFFF\u00bb global_colors_info=\u00bb{}\u00bb]<\/p>\n<p>La nueva balanza comercial fabricada por el grupo Eurobil. Un producto innovador con un dise\u00f1o moderno y atractivo que renueva el mundo tradicional de las balanzas.<\/p>\n<p>Ahora es m\u00e1s f\u00e1cil manipular, pesar y registrar productos manteniendo la misma precisi\u00f3n y fiabilidad de siempre.<\/p>\n<p>Las necesidades de nuestros clientes son el punto de partida de este proyecto, no dude en escribirnos sus comentarios, nos ayudar\u00e1n a mejorar el producto.<\/p>\n<p>[\/et_pb_text][et_pb_text _builder_version=\u00bb4.22.2&#8243; _module_preset=\u00bbdefault\u00bb header_3_font=\u00bbPoppins|800|||||||\u00bb header_3_text_color=\u00bb#FFFFFF\u00bb custom_margin=\u00bb||10px||false|false\u00bb custom_padding=\u00bb||||false|false\u00bb locked=\u00bboff\u00bb global_colors_info=\u00bb{}\u00bb]<\/p>\n<h3>En funci\u00f3n de sus necesidades<\/h3>\n<p>[\/et_pb_text][et_pb_text _builder_version=\u00bb4.22.2&#8243; _module_preset=\u00bbdefault\u00bb text_font=\u00bbMontserrat||||||||\u00bb text_text_color=\u00bb#FFFFFF\u00bb locked=\u00bboff\u00bb global_colors_info=\u00bb{}\u00bb]<\/p>\n<p>\u00bfQu\u00e9 busca en una b\u00e1scula? Cu\u00e9ntanoslo<br \/>Se premiar\u00e1n las propuestas m\u00e1s interesantes.<\/p>\n<p>[\/et_pb_text][et_pb_button button_text=\u00bbIr a la ficha del producto\u00bb disabled_on=\u00bbon|on|on\u00bb _builder_version=\u00bb4.22.2&#8243; _module_preset=\u00bbdefault\u00bb custom_button=\u00bbon\u00bb button_text_size=\u00bb16px\u00bb button_text_color=\u00bb#47C68D\u00bb disabled=\u00bbon\u00bb global_colors_info=\u00bb{}\u00bb][\/et_pb_button][et_pb_contact_form captcha=\u00bboff\u00bb submit_button_text=\u00bbENVIAR PROPUESTA\u00bb module_class=\u00bbpa-contact-form-submit-fullwidth\u00bb _builder_version=\u00bb4.22.2&#8243; _module_preset=\u00bbdefault\u00bb _unique_id=\u00bb77b5dbaf-663a-4a6e-b3a0-ae618550fc15&#8243; custom_button=\u00bbon\u00bb button_text_size=\u00bb18px\u00bb button_text_color=\u00bb#FFFFFF\u00bb button_bg_color=\u00bb#47C68D\u00bb button_border_width=\u00bb0px\u00bb button_border_radius=\u00bb5px\u00bb button_font=\u00bbPoppins|700|||||||\u00bb hover_enabled=\u00bb0&#8243; custom_css_contact_button=\u00bbwidth:100%;||float:left;\u00bb global_colors_info=\u00bb{}\u00bb email=\u00bbinfo@eurobil.it\u00bb custom_message=\u00bbHola,||et_pb_line_break_holder||user %%Email%% propuesto:|et_pb_line_break_holder||||et_pb_line_break_holder||%Message%%||et_pb_line_break_holder||||et_pb_line_break_holder|%Privacy%%%.\u00bb sticky_enabled=\u00bb0&#8243;][et_pb_contact_field field_id=\u00bbMessage\u00bb field_title=\u00bbMensaje\u00bb field_type=\u00bbtext\u00bb fullwidth_field=\u00bbon\u00bb _builder_version=\u00bb4.22.2&#8243; hover_enabled=\u00bb0&#8243; border_radii=\u00bbon|5px|5px|5px|5px\u00bb global_colors_info=\u00bb{}\u00bb button_text_size__hover_enabled=\u00bboff\u00bb button_one_text_size__hover_enabled=\u00bboff\u00bb button_two_text_size__hover_enabled=\u00bboff\u00bb button_text_color__hover_enabled=\u00bboff\u00bb button_one_text_color__hover_enabled=\u00bboff\u00bb button_two_text_color__hover_enabled=\u00bboff\u00bb button_border_width__hover_enabled=\u00bboff\u00bb button_one_border_width__hover_enabled=\u00bboff\u00bb button_two_border_width__hover_enabled=\u00bboff\u00bb button_border_color__hover_enabled=\u00bboff\u00bb button_one_border_color__hover_enabled=\u00bboff\u00bb button_two_border_color__hover_enabled=\u00bboff\u00bb button_border_radius__hover_enabled=\u00bboff\u00bb button_one_border_radius__hover_enabled=\u00bboff\u00bb button_two_border_radius__hover_enabled=\u00bboff\u00bb button_letter_spacing__hover_enabled=\u00bboff\u00bb button_one_letter_spacing__hover_enabled=\u00bboff\u00bb button_two_letter_spacing__hover_enabled=\u00bboff\u00bb button_bg_color__hover_enabled=\u00bboff\u00bb button_one_bg_color__hover_enabled=\u00bboff\u00bb button_two_bg_color__hover_enabled=\u00bboff\u00bb sticky_enabled=\u00bb0&#8243;][\/et_pb_contact_field][et_pb_contact_field field_id=\u00bbEmail\u00bb field_title=\u00bbCorreo electr\u00f3nico\u00bb field_type=\u00bbemail\u00bb fullwidth_field=\u00bbon\u00bb _builder_version=\u00bb4.22.2&#8243; hover_enabled=\u00bb0&#8243; border_radii=\u00bbon|5px|5px|5px|5px\u00bb global_colors_info=\u00bb{}\u00bb button_text_size__hover_enabled=\u00bboff\u00bb button_one_text_size__hover_enabled=\u00bboff\u00bb button_two_text_size__hover_enabled=\u00bboff\u00bb button_text_color__hover_enabled=\u00bboff\u00bb button_one_text_color__hover_enabled=\u00bboff\u00bb button_two_text_color__hover_enabled=\u00bboff\u00bb button_border_width__hover_enabled=\u00bboff\u00bb button_one_border_width__hover_enabled=\u00bboff\u00bb button_two_border_width__hover_enabled=\u00bboff\u00bb button_border_color__hover_enabled=\u00bboff\u00bb button_one_border_color__hover_enabled=\u00bboff\u00bb button_two_border_color__hover_enabled=\u00bboff\u00bb button_border_radius__hover_enabled=\u00bboff\u00bb button_one_border_radius__hover_enabled=\u00bboff\u00bb button_two_border_radius__hover_enabled=\u00bboff\u00bb button_letter_spacing__hover_enabled=\u00bboff\u00bb button_one_letter_spacing__hover_enabled=\u00bboff\u00bb button_two_letter_spacing__hover_enabled=\u00bboff\u00bb button_bg_color__hover_enabled=\u00bboff\u00bb button_one_bg_color__hover_enabled=\u00bboff\u00bb button_two_bg_color__hover_enabled=\u00bboff\u00bb sticky_enabled=\u00bb0&#8243;][\/et_pb_contact_field][et_pb_contact_field field_id=\u00bbPrivacy\u00bb field_title=\u00bbPrivacidad\u00bb field_type=\u00bbcheckbox\u00bb checkbox_options=\u00bb%91{%22value%22:%22*Autorizo al responsable del tratamiento a utilizar mis datos personales para enviarme comunicaciones relacionadas con esta solicitud de contacto de conformidad con lo dispuesto en la Pol\u00edtica de Privacidad%22,%22checked%22:0,%22dragID%22:-1}%93&#8243; fullwidth_field=\u00bbon\u00bb _builder_version=\u00bb4.22.2&#8243; _module_preset=\u00bbdefault\u00bb form_field_text_color=\u00bb#FFFFFF\u00bb hover_enabled=\u00bb0&#8243; global_colors_info=\u00bb{}\u00bb sticky_enabled=\u00bb0&#8243;][\/et_pb_contact_field][\/et_pb_contact_form][\/et_pb_column][et_pb_column type=\u00bb3_5&#8243; _builder_version=\u00bb4.22.1&#8243; _module_preset=\u00bbdefault\u00bb global_colors_info=\u00bb{}\u00bb][et_pb_image src=\u00bbhttps:\/\/eurobil.it\/wp-content\/uploads\/2023\/10\/Novita_Verticale_Bilancia&#8211;scaled.webp\u00bb alt=\u00bbNuevo_balance_vertical\u00bb title_text=\u00bbNuevo_balance_vertical\u00bb disabled_on=\u00bbon|on|off\u00bb _builder_version=\u00bb4.22.2&#8243; _module_preset=\u00bbdefault\u00bb global_colors_info=\u00bb{}\u00bb][\/et_pb_image][\/et_pb_column][\/et_pb_row][et_pb_row _builder_version=\u00bb4.22.1&#8243; _module_preset=\u00bbdefault\u00bb positioning=\u00bbfixed\u00bb position_origin_f=\u00bbcenter_right\u00bb z_index=\u00bb1000&#8243; position_origin_a_tablet=\u00bb\u00bb position_origin_a_phone=\u00bb\u00bb position_origin_a_last_edited=\u00bbon|tablet\u00bb position_origin_f_tablet=\u00bbbottom_right\u00bb position_origin_f_phone=\u00bbbottom_right\u00bb position_origin_f_last_edited=\u00bbon|phone\u00bb position_origin_r_tablet=\u00bb\u00bb position_origin_r_phone=\u00bb\u00bb position_origin_r_last_edited=\u00bbon|tablet\u00bb width=\u00bb6%\u00bb width_tablet=\u00bb11%\u00bb width_phone=\u00bb15%\u00bb width_last_edited=\u00bbon|phone\u00bb positioning_tablet=\u00bbfixed\u00bb positioning_phone=\u00bbfixed\u00bb positioning_last_edited=\u00bbon|tablet\u00bb global_module=\u00bb1374&#8243; global_colors_info=\u00bb{}\u00bb][et_pb_column type=\u00bb4_4&#8243; _builder_version=\u00bb4.22.1&#8243; _module_preset=\u00bbdefault\u00bb global_colors_info=\u00bb{}\u00bb][et_pb_blurb title=\u00bbAyuda\u00bb url=\u00bbhttps:\/\/eurobil.it\/es\/pongase-en-contacto-con\/#formcontatti\u00bb use_icon=\u00bbon\u00bb font_icon=\u00bb&#xf590;||fa||900&#8243; icon_color=\u00bb#FFFFFF\u00bb image_icon_width=\u00bb30px\u00bb _builder_version=\u00bb4.22.2&#8243; _module_preset=\u00bbdefault\u00bb header_font=\u00bbMontserrat|700|||||||\u00bb header_text_align=\u00bbcenter\u00bb header_text_color=\u00bb#FFFFFF\u00bb header_font_size=\u00bb14px\u00bb background_color=\u00bb#47C68D\u00bb image_icon_custom_margin=\u00bb0px||0px||true|false\u00bb image_icon_custom_padding=\u00bb0px||0px||true|false\u00bb custom_margin=\u00bb0px||0px||true|false\u00bb custom_padding=\u00bb3px|3px|3px|3px|true|true\u00bb custom_padding_tablet=\u00bb3px|3px|3px|3px|true|true\u00bb custom_padding_phone=\u00bb1px|1px|1px|1px|true|true\u00bb custom_padding_last_edited=\u00bbon|phone\u00bb link_option_url=\u00bbhttps:\/\/eurobil.it\/es\/pongase-en-contacto-con\/#formcontatti\u00bb header_font_size_tablet=\u00bb14px\u00bb header_font_size_phone=\u00bb8px\u00bb header_font_size_last_edited=\u00bbon|phone\u00bb custom_css_blurb_image=\u00bbmargin:10px;\u00bb global_colors_info=\u00bb{}\u00bb][\/et_pb_blurb][\/et_pb_column][\/et_pb_row][\/et_pb_section][et_pb_section fb_built=\u00bb1&#8243; _builder_version=\u00bb4.22.1&#8243; _module_preset=\u00bbdefault\u00bb background_color=\u00bb#0D6C41&#8243; custom_padding=\u00bb0px||||false|false\u00bb global_colors_info=\u00bb{}\u00bb][et_pb_row column_structure=\u00bb1_3,1_3,1_3&#8243; _builder_version=\u00bb4.22.1&#8243; _module_preset=\u00bbdefault\u00bb global_colors_info=\u00bb{}\u00bb][et_pb_column type=\u00bb1_3&#8243; _builder_version=\u00bb4.22.1&#8243; _module_preset=\u00bbdefault\u00bb global_colors_info=\u00bb{}\u00bb][et_pb_blurb title=\u00bbDise\u00f1o\u00bb image=\u00bbhttps:\/\/eurobil.it\/wp-content\/uploads\/2023\/10\/NovitaLINEA_Design-scaled.webp\u00bb alt=\u00bbNewLINEA_Design\u00bb _builder_version=\u00bb4.22.2&#8243; _module_preset=\u00bbdefault\u00bb header_font=\u00bbPoppins|700|||||||\u00bb header_text_color=\u00bb#47C68D\u00bb body_font=\u00bbMontserrat||||||||\u00bb body_text_color=\u00bb#FFFFFF\u00bb global_colors_info=\u00bb{}\u00bb]<\/p>\n<p>Un nuevo dise\u00f1o, concebido para que la b\u00e1scula no s\u00f3lo sea funcional sino tambi\u00e9n ic\u00f3nica, un s\u00edmbolo distintivo de la marca Eurobil y de la calidad<\/p>\n<p>[\/et_pb_blurb][\/et_pb_column][et_pb_column type=\u00bb1_3&#8243; _builder_version=\u00bb4.22.1&#8243; _module_preset=\u00bbdefault\u00bb global_colors_info=\u00bb{}\u00bb][et_pb_blurb title=\u00bbFuncionalidad\u00bb image=\u00bbhttps:\/\/eurobil.it\/wp-content\/uploads\/2023\/10\/Novita_Linea_Funzionalita-scaled.webp\u00bb _builder_version=\u00bb4.22.2&#8243; _module_preset=\u00bbdefault\u00bb header_font=\u00bbPoppins|700|||||||\u00bb header_text_color=\u00bb#47C68D\u00bb body_font=\u00bbMontserrat||||||||\u00bb body_text_color=\u00bb#FFFFFF\u00bb global_colors_info=\u00bb{}\u00bb]<\/p>\n<p>Las nuevas funciones revolucionar\u00e1n la experiencia de pesaje. Hemos hecho la b\u00e1scula m\u00e1s sencilla e intuitiva para mejorar su eficacia<\/p>\n<p>[\/et_pb_blurb][\/et_pb_column][et_pb_column type=\u00bb1_3&#8243; _builder_version=\u00bb4.22.1&#8243; _module_preset=\u00bbdefault\u00bb global_colors_info=\u00bb{}\u00bb][et_pb_blurb title=\u00bbUtilice\u00bb image=\u00bbhttps:\/\/eurobil.it\/wp-content\/uploads\/2023\/10\/Novita_LINEA_Utilizzo-scaled.webp\u00bb _builder_version=\u00bb4.22.2&#8243; _module_preset=\u00bbdefault\u00bb header_font=\u00bbPoppins|700|||||||\u00bb header_text_color=\u00bb#47C68D\u00bb body_font=\u00bbMontserrat||||||||\u00bb body_text_color=\u00bb#FFFFFF\u00bb global_colors_info=\u00bb{}\u00bb]<\/p>\n<p>Tanto si dirige una peque\u00f1a tienda local como una gran empresa, Linea est\u00e1 dise\u00f1ada para facilitarle la vida y mejorar la eficacia de su trabajo.<\/p>\n<p>[\/et_pb_blurb][\/et_pb_column][\/et_pb_row][\/et_pb_section]<\/p>\n","protected":false},"excerpt":{"rendered":"<p>NoticiasL\u00edneaLa nueva balanza comercial fabricada por el grupo Eurobil. Un producto innovador con un dise\u00f1o moderno y atractivo que renueva el mundo tradicional de las balanzas. Ahora es m\u00e1s f\u00e1cil manipular, pesar y registrar productos manteniendo la misma precisi\u00f3n y fiabilidad de siempre. Las necesidades de nuestros clientes son el punto de partida de este [&hellip;]<\/p>\n","protected":false},"author":1,"featured_media":0,"parent":0,"menu_order":0,"comment_status":"closed","ping_status":"closed","template":"","meta":{"_et_pb_use_builder":"on","_et_pb_old_content":"","_et_gb_content_width":"","footnotes":""},"class_list":["post-283701","page","type-page","status-publish","hentry"],"yoast_head":"<!-- This site is optimized with the Yoast SEO plugin v26.0 - https:\/\/yoast.com\/wordpress\/plugins\/seo\/ -->\n<title>L\u00ednea - Nuevas escalas - EUROBIL<\/title>\n<meta name=\"description\" content=\"Linea, la nueva balanza comercial del grupo Eurobil. Un producto innovador con un dise\u00f1o moderno y atractivo. \u00a1Descubra la novedad!\" \/>\n<meta name=\"robots\" content=\"index, follow, max-snippet:-1, max-image-preview:large, max-video-preview:-1\" \/>\n<link rel=\"canonical\" href=\"https:\/\/eurobil.it\/novita\/\" \/>\n<meta property=\"og:locale\" content=\"es_ES\" \/>\n<meta property=\"og:type\" content=\"article\" \/>\n<meta property=\"og:title\" content=\"L\u00ednea - Nuevas escalas - EUROBIL\" \/>\n<meta property=\"og:description\" content=\"Linea, la nueva balanza comercial del grupo Eurobil. Un producto innovador con un dise\u00f1o moderno y atractivo. \u00a1Descubra la novedad!\" \/>\n<meta property=\"og:url\" content=\"https:\/\/eurobil.it\/novita\/\" \/>\n<meta property=\"og:site_name\" content=\"EUROBIL\" \/>\n<meta property=\"article:publisher\" content=\"https:\/\/www.facebook.com\/profile.php?id=100090025125705\" \/>\n<meta property=\"article:modified_time\" content=\"2024-02-22T09:48:25+00:00\" \/>\n<meta property=\"og:image\" content=\"https:\/\/eurobil.it\/wp-content\/uploads\/2023\/10\/33_Sun_Eco_1.webp\" \/>\n\t<meta property=\"og:image:width\" content=\"1000\" \/>\n\t<meta property=\"og:image:height\" content=\"1000\" \/>\n\t<meta property=\"og:image:type\" content=\"image\/webp\" \/>\n<meta name=\"twitter:card\" content=\"summary_large_image\" \/>\n<meta name=\"twitter:label1\" content=\"Tiempo de lectura\" \/>\n\t<meta name=\"twitter:data1\" content=\"3 minutos\" \/>\n<script type=\"application\/ld+json\" class=\"yoast-schema-graph\">{\"@context\":\"https:\/\/schema.org\",\"@graph\":[{\"@type\":\"WebPage\",\"@id\":\"https:\/\/eurobil.it\/novita\/\",\"url\":\"https:\/\/eurobil.it\/novita\/\",\"name\":\"L\u00ednea - Nuevas escalas - EUROBIL\",\"isPartOf\":{\"@id\":\"https:\/\/eurobil.it\/#website\"},\"datePublished\":\"2023-09-18T10:05:24+00:00\",\"dateModified\":\"2024-02-22T09:48:25+00:00\",\"description\":\"Linea, la nueva balanza comercial del grupo Eurobil. Un producto innovador con un dise\u00f1o moderno y atractivo. \u00a1Descubra la novedad!\",\"breadcrumb\":{\"@id\":\"https:\/\/eurobil.it\/novita\/#breadcrumb\"},\"inLanguage\":\"es\",\"potentialAction\":[{\"@type\":\"ReadAction\",\"target\":[\"https:\/\/eurobil.it\/novita\/\"]}]},{\"@type\":\"BreadcrumbList\",\"@id\":\"https:\/\/eurobil.it\/novita\/#breadcrumb\",\"itemListElement\":[{\"@type\":\"ListItem\",\"position\":1,\"name\":\"Portada\",\"item\":\"https:\/\/eurobil.it\/es\/\"},{\"@type\":\"ListItem\",\"position\":2,\"name\":\"Pr\u00f3ximamente\"}]},{\"@type\":\"WebSite\",\"@id\":\"https:\/\/eurobil.it\/#website\",\"url\":\"https:\/\/eurobil.it\/\",\"name\":\"EUROBIL\",\"description\":\"Bilance di precisione da laboratorio\",\"potentialAction\":[{\"@type\":\"SearchAction\",\"target\":{\"@type\":\"EntryPoint\",\"urlTemplate\":\"https:\/\/eurobil.it\/?s={search_term_string}\"},\"query-input\":{\"@type\":\"PropertyValueSpecification\",\"valueRequired\":true,\"valueName\":\"search_term_string\"}}],\"inLanguage\":\"es\"}]}<\/script>\n<!-- \/ Yoast SEO plugin. -->","yoast_head_json":{"title":"L\u00ednea - Nuevas escalas - EUROBIL","description":"Linea, la nueva balanza comercial del grupo Eurobil. Un producto innovador con un dise\u00f1o moderno y atractivo. \u00a1Descubra la novedad!","robots":{"index":"index","follow":"follow","max-snippet":"max-snippet:-1","max-image-preview":"max-image-preview:large","max-video-preview":"max-video-preview:-1"},"canonical":"https:\/\/eurobil.it\/novita\/","og_locale":"es_ES","og_type":"article","og_title":"L\u00ednea - Nuevas escalas - EUROBIL","og_description":"Linea, la nueva balanza comercial del grupo Eurobil. Un producto innovador con un dise\u00f1o moderno y atractivo. \u00a1Descubra la novedad!","og_url":"https:\/\/eurobil.it\/novita\/","og_site_name":"EUROBIL","article_publisher":"https:\/\/www.facebook.com\/profile.php?id=100090025125705","article_modified_time":"2024-02-22T09:48:25+00:00","og_image":[{"width":1000,"height":1000,"url":"https:\/\/eurobil.it\/wp-content\/uploads\/2023\/10\/33_Sun_Eco_1.webp","type":"image\/webp"}],"twitter_card":"summary_large_image","twitter_misc":{"Tiempo de lectura":"3 minutos"},"schema":{"@context":"https:\/\/schema.org","@graph":[{"@type":"WebPage","@id":"https:\/\/eurobil.it\/novita\/","url":"https:\/\/eurobil.it\/novita\/","name":"L\u00ednea - Nuevas escalas - EUROBIL","isPartOf":{"@id":"https:\/\/eurobil.it\/#website"},"datePublished":"2023-09-18T10:05:24+00:00","dateModified":"2024-02-22T09:48:25+00:00","description":"Linea, la nueva balanza comercial del grupo Eurobil. Un producto innovador con un dise\u00f1o moderno y atractivo. \u00a1Descubra la novedad!","breadcrumb":{"@id":"https:\/\/eurobil.it\/novita\/#breadcrumb"},"inLanguage":"es","potentialAction":[{"@type":"ReadAction","target":["https:\/\/eurobil.it\/novita\/"]}]},{"@type":"BreadcrumbList","@id":"https:\/\/eurobil.it\/novita\/#breadcrumb","itemListElement":[{"@type":"ListItem","position":1,"name":"Portada","item":"https:\/\/eurobil.it\/es\/"},{"@type":"ListItem","position":2,"name":"Pr\u00f3ximamente"}]},{"@type":"WebSite","@id":"https:\/\/eurobil.it\/#website","url":"https:\/\/eurobil.it\/","name":"EUROBIL","description":"Bilance di precisione da laboratorio","potentialAction":[{"@type":"SearchAction","target":{"@type":"EntryPoint","urlTemplate":"https:\/\/eurobil.it\/?s={search_term_string}"},"query-input":{"@type":"PropertyValueSpecification","valueRequired":true,"valueName":"search_term_string"}}],"inLanguage":"es"}]}},"_links":{"self":[{"href":"https:\/\/eurobil.it\/es\/wp-json\/wp\/v2\/pages\/283701","targetHints":{"allow":["GET"]}}],"collection":[{"href":"https:\/\/eurobil.it\/es\/wp-json\/wp\/v2\/pages"}],"about":[{"href":"https:\/\/eurobil.it\/es\/wp-json\/wp\/v2\/types\/page"}],"author":[{"embeddable":true,"href":"https:\/\/eurobil.it\/es\/wp-json\/wp\/v2\/users\/1"}],"replies":[{"embeddable":true,"href":"https:\/\/eurobil.it\/es\/wp-json\/wp\/v2\/comments?post=283701"}],"version-history":[{"count":11,"href":"https:\/\/eurobil.it\/es\/wp-json\/wp\/v2\/pages\/283701\/revisions"}],"predecessor-version":[{"id":284299,"href":"https:\/\/eurobil.it\/es\/wp-json\/wp\/v2\/pages\/283701\/revisions\/284299"}],"wp:attachment":[{"href":"https:\/\/eurobil.it\/es\/wp-json\/wp\/v2\/media?parent=283701"}],"curies":[{"name":"wp","href":"https:\/\/api.w.org\/{rel}","templated":true}]}}