{"id":283656,"date":"2023-09-12T07:32:30","date_gmt":"2023-09-12T07:32:30","guid":{"rendered":"https:\/\/eurobil.it\/descargar\/"},"modified":"2025-12-04T12:30:08","modified_gmt":"2025-12-04T12:30:08","slug":"descargar","status":"publish","type":"page","link":"https:\/\/eurobil.it\/es\/descargar\/","title":{"rendered":"Descargar"},"content":{"rendered":"<p>[et_pb_section fb_built=\u00bb1&#8243; _builder_version=\u00bb4.22.2&#8243; _module_preset=\u00bbdefault\u00bb background_color=\u00bb#0D6C41&#8243; use_background_color_gradient=\u00bbon\u00bb background_color_gradient_stops=\u00bb#14412c 0%|#0d6c41 50%|#14412c 99%\u00bb custom_margin=\u00bb-20px||||false|false\u00bb custom_padding=\u00bb20px||0px||false|false\u00bb global_colors_info=\u00bb{}\u00bb][et_pb_row _builder_version=\u00bb4.20.4&#8243; _module_preset=\u00bbdefault\u00bb global_colors_info=\u00bb{}\u00bb][et_pb_column type=\u00bb4_4&#8243; _builder_version=\u00bb4.20.4&#8243; _module_preset=\u00bbdefault\u00bb global_colors_info=\u00bb{}\u00bb][et_pb_text _builder_version=\u00bb4.22.1&#8243; _module_preset=\u00bbdefault\u00bb header_font=\u00bbMontserrat|700||on|||||\u00bb header_text_align=\u00bbleft\u00bb header_text_color=\u00bb#FFFFFF\u00bb header_font_size=\u00bb42px\u00bb global_colors_info=\u00bb{}\u00bb]<\/p>\n<h1>Descargar<\/h1>\n<p>[\/et_pb_text][\/et_pb_column][\/et_pb_row][\/et_pb_section][et_pb_section fb_built=\u00bb1&#8243; _builder_version=\u00bb4.21.2&#8243; _module_preset=\u00bbdefault\u00bb custom_padding=\u00bb5px||0px||false|false\u00bb global_colors_info=\u00bb{}\u00bb][et_pb_row _builder_version=\u00bb4.22.1&#8243; _module_preset=\u00bbdefault\u00bb custom_padding=\u00bb||5px||false|false\u00bb global_colors_info=\u00bb{}\u00bb][et_pb_column type=\u00bb4_4&#8243; _builder_version=\u00bb4.21.2&#8243; _module_preset=\u00bbdefault\u00bb global_colors_info=\u00bb{}\u00bb][et_pb_text _builder_version=\u00bb4.22.2&#8243; _module_preset=\u00bbdefault\u00bb text_font=\u00bbPoppins|700|||||||\u00bb text_text_color=\u00bb#0D6C41&#8243; text_font_size=\u00bb16px\u00bb header_4_font=\u00bbMontserrat|800|||||||\u00bb header_4_font_size=\u00bb22px\u00bb locked=\u00bboff\u00bb global_colors_info=\u00bb{}\u00bb]<\/p>\n<p>Cat\u00e1logo de productos Eurobil<\/p>\n<p>[\/et_pb_text][et_pb_text _builder_version=\u00bb4.22.2&#8243; _module_preset=\u00bbdefault\u00bb text_font=\u00bbPoppins||||||||\u00bb text_font_size=\u00bb16px\u00bb locked=\u00bboff\u00bb global_colors_info=\u00bb{}\u00bb]<\/p>\n<p><span>La marca Eurobil es sin\u00f3nimo de garant\u00eda y fiabilidad gracias a sus productos Made in Italy. Los sistemas de pesaje producidos se dividen en 3 \u00e1reas de especializaci\u00f3n: comercio minorista, industria y laboratorio. Descargar pdf.<\/span><\/p>\n<p>[\/et_pb_text][\/et_pb_column][\/et_pb_row][et_pb_row _builder_version=\u00bb4.22.1&#8243; _module_preset=\u00bbdefault\u00bb positioning=\u00bbfixed\u00bb position_origin_f=\u00bbcenter_right\u00bb z_index=\u00bb1000&#8243; position_origin_a_tablet=\u00bb\u00bb position_origin_a_phone=\u00bb\u00bb position_origin_a_last_edited=\u00bbon|tablet\u00bb position_origin_f_tablet=\u00bbbottom_right\u00bb position_origin_f_phone=\u00bbbottom_right\u00bb position_origin_f_last_edited=\u00bbon|phone\u00bb position_origin_r_tablet=\u00bb\u00bb position_origin_r_phone=\u00bb\u00bb position_origin_r_last_edited=\u00bbon|tablet\u00bb width=\u00bb6%\u00bb width_tablet=\u00bb11%\u00bb width_phone=\u00bb15%\u00bb width_last_edited=\u00bbon|phone\u00bb positioning_tablet=\u00bbfixed\u00bb positioning_phone=\u00bbfixed\u00bb positioning_last_edited=\u00bbon|tablet\u00bb global_module=\u00bb1374&#8243; global_colors_info=\u00bb{}\u00bb][et_pb_column type=\u00bb4_4&#8243; _builder_version=\u00bb4.22.1&#8243; _module_preset=\u00bbdefault\u00bb global_colors_info=\u00bb{}\u00bb][et_pb_blurb title=\u00bbAyuda\u00bb url=\u00bbhttps:\/\/eurobil.it\/es\/pongase-en-contacto-con\/#formcontatti\u00bb use_icon=\u00bbon\u00bb font_icon=\u00bb&#xf590;||fa||900&#8243; icon_color=\u00bb#FFFFFF\u00bb image_icon_width=\u00bb30px\u00bb _builder_version=\u00bb4.22.2&#8243; _module_preset=\u00bbdefault\u00bb header_font=\u00bbMontserrat|700|||||||\u00bb header_text_align=\u00bbcenter\u00bb header_text_color=\u00bb#FFFFFF\u00bb header_font_size=\u00bb14px\u00bb background_color=\u00bb#47C68D\u00bb image_icon_custom_margin=\u00bb0px||0px||true|false\u00bb image_icon_custom_padding=\u00bb0px||0px||true|false\u00bb custom_margin=\u00bb0px||0px||true|false\u00bb custom_padding=\u00bb3px|3px|3px|3px|true|true\u00bb custom_padding_tablet=\u00bb3px|3px|3px|3px|true|true\u00bb custom_padding_phone=\u00bb1px|1px|1px|1px|true|true\u00bb custom_padding_last_edited=\u00bbon|phone\u00bb link_option_url=\u00bbhttps:\/\/eurobil.it\/es\/pongase-en-contacto-con\/#formcontatti\u00bb header_font_size_tablet=\u00bb14px\u00bb header_font_size_phone=\u00bb8px\u00bb header_font_size_last_edited=\u00bbon|phone\u00bb custom_css_blurb_image=\u00bbmargin:10px;\u00bb global_colors_info=\u00bb{}\u00bb][\/et_pb_blurb][\/et_pb_column][\/et_pb_row][et_pb_row column_structure=\u00bb1_5,1_5,1_5,1_5,1_5&#8243; make_equal=\u00bbon\u00bb _builder_version=\u00bb4.22.2&#8243; _module_preset=\u00bbdefault\u00bb border_color_bottom=\u00bb#0D6C41&#8243; global_colors_info=\u00bb{}\u00bb][et_pb_column type=\u00bb1_5&#8243; module_class=\u00bbde-inline-icon\u00bb _builder_version=\u00bb4.22.1&#8243; _module_preset=\u00bbdefault\u00bb global_colors_info=\u00bb{}\u00bb][et_pb_image src=\u00bbhttps:\/\/eurobil.it\/wp-content\/uploads\/2023\/10\/catalogo-industria.jpg\u00bb title_text=\u00bbcat\u00e1logo-industria\u00bb show_bottom_space=\u00bboff\u00bb _builder_version=\u00bb4.22.2&#8243; _module_preset=\u00bbdefault\u00bb custom_margin=\u00bb||10px||false|false\u00bb locked=\u00bboff\u00bb global_colors_info=\u00bb{}\u00bb][\/et_pb_image][et_pb_text _builder_version=\u00bb4.27.4&#8243; _module_preset=\u00bbdefault\u00bb text_font=\u00bbPoppins|300|||||||\u00bb text_text_color=\u00bb#666666&#8243; text_font_size=\u00bb16px\u00bb text_line_height=\u00bb1.3em\u00bb link_text_color=\u00bb#383838&#8243; background_enable_color=\u00bboff\u00bb text_orientation=\u00bbcenter\u00bb custom_padding=\u00bb5px|0px|5px|0px|true|true\u00bb hover_enabled=\u00bb0&#8243; border_radii=\u00bbon|10px|10px|10px|10px\u00bb locked=\u00bboff\u00bb global_colors_info=\u00bb{}\u00bb content__hover_enabled=\u00bboff|desktop\u00bb content__hover=\u00bb<\/p>\n<p>Descargar<br \/><strong>CAT\u00c1LOGO<\/strong><\/p>\n<p>\u00bb link_text_color__hover_enabled=\u00bbon|hover\u00bb link_text_color__hover=\u00bb#47C68D\u00bb sticky_enabled=\u00bb0&#8243;]<\/p>\n<p>Cat\u00e1logo<br \/>INDUSTRIA<\/p>\n<p><strong>Descargar<\/strong><\/p>\n<p><a href=\"https:\/\/eurobil.it\/wp-content\/uploads\/2025\/12\/Listino_INDUSTRIA_ITA_2026_senzaprezzi.pdf\" target=\"_blank\" rel=\"noopener\">IT<\/a> | <a href=\"https:\/\/eurobil.it\/wp-content\/uploads\/2025\/12\/Listino_INDUSTRIA_ING_2025_senzaprezzi.pdf\" target=\"_blank\" rel=\"noopener\">EN<\/a><\/p>\n<p>[\/et_pb_text][\/et_pb_column][et_pb_column type=\u00bb1_5&#8243; module_class=\u00bbde-inline-icon\u00bb _builder_version=\u00bb4.22.1&#8243; _module_preset=\u00bbdefault\u00bb global_colors_info=\u00bb{}\u00bb][et_pb_image src=\u00bbhttps:\/\/eurobil.it\/wp-content\/uploads\/2023\/10\/retail-catalogo-download.jpg\u00bb alt=\u00bbcat\u00e1logo-descarga\u00bb title_text=\u00bbcat\u00e1logo-descarga\u00bb show_bottom_space=\u00bboff\u00bb _builder_version=\u00bb4.22.2&#8243; _module_preset=\u00bbdefault\u00bb custom_margin=\u00bb||10px||false|false\u00bb locked=\u00bboff\u00bb global_colors_info=\u00bb{}\u00bb][\/et_pb_image][et_pb_text _builder_version=\u00bb4.27.4&#8243; _module_preset=\u00bbdefault\u00bb text_font=\u00bbPoppins|300|||||||\u00bb text_text_color=\u00bb#666666&#8243; text_font_size=\u00bb16px\u00bb text_line_height=\u00bb1.3em\u00bb link_text_color=\u00bb#383838&#8243; background_enable_color=\u00bboff\u00bb text_orientation=\u00bbcenter\u00bb custom_padding=\u00bb5px|0px|5px|0px|true|true\u00bb hover_enabled=\u00bb0&#8243; border_radii=\u00bbon|10px|10px|10px|10px\u00bb locked=\u00bboff\u00bb global_colors_info=\u00bb{}\u00bb content__hover_enabled=\u00bboff|desktop\u00bb content__hover=\u00bb<\/p>\n<p>Descargar<br \/><strong>CAT\u00c1LOGO<\/strong><\/p>\n<p>\u00bb link_text_color__hover_enabled=\u00bbon|hover\u00bb link_text_color__hover=\u00bb#47C68D\u00bb sticky_enabled=\u00bb0&#8243;]<\/p>\n<p>Cat\u00e1logo<br \/>RETAIL<\/p>\n<p><strong>Descargar<\/strong><\/p>\n<p><a href=\"https:\/\/eurobil.it\/wp-content\/uploads\/2025\/12\/Listino_RETAIL_ITA_2026_senzaprezzi.pdf\" target=\"_blank\" rel=\"noopener\">IT<\/a> | <a href=\"https:\/\/eurobil.it\/wp-content\/uploads\/2025\/12\/Listino_RETAIL_ING_2026_senzaprezzi.pdf\" target=\"_blank\" rel=\"noopener\">EN<\/a><\/p>\n<p>[\/et_pb_text][\/et_pb_column][et_pb_column type=\u00bb1_5&#8243; module_class=\u00bbde-inline-icon\u00bb _builder_version=\u00bb4.22.1&#8243; _module_preset=\u00bbdefault\u00bb global_colors_info=\u00bb{}\u00bb][et_pb_image src=\u00bbhttps:\/\/eurobil.it\/wp-content\/uploads\/2023\/10\/catalogo-laboratorio.jpg\u00bb title_text=\u00bbcat\u00e1logo-taller\u00bb show_bottom_space=\u00bboff\u00bb _builder_version=\u00bb4.22.2&#8243; _module_preset=\u00bbdefault\u00bb custom_margin=\u00bb||10px||false|false\u00bb locked=\u00bboff\u00bb global_colors_info=\u00bb{}\u00bb][\/et_pb_image][et_pb_text _builder_version=\u00bb4.27.4&#8243; _module_preset=\u00bbdefault\u00bb text_font=\u00bbPoppins|300|||||||\u00bb text_text_color=\u00bb#666666&#8243; text_font_size=\u00bb16px\u00bb text_line_height=\u00bb1.3em\u00bb link_text_color=\u00bb#383838&#8243; background_enable_color=\u00bboff\u00bb text_orientation=\u00bbcenter\u00bb custom_padding=\u00bb5px|0px|5px|0px|true|true\u00bb hover_enabled=\u00bb0&#8243; border_radii=\u00bbon|10px|10px|10px|10px\u00bb locked=\u00bboff\u00bb global_colors_info=\u00bb{}\u00bb content__hover_enabled=\u00bboff|desktop\u00bb content__hover=\u00bb<\/p>\n<p>Descargar<br \/><strong>CAT\u00c1LOGO<\/strong><\/p>\n<p>\u00bb link_text_color__hover_enabled=\u00bbon|hover\u00bb link_text_color__hover=\u00bb#47C68D\u00bb sticky_enabled=\u00bb0&#8243;]<\/p>\n<p>Cat\u00e1logo<br \/>LABORATORIO<\/p>\n<p><strong>Descargar<\/strong><\/p>\n<p><a href=\"https:\/\/eurobil.it\/wp-content\/uploads\/2025\/12\/Listino_LABORATORIO_2026.pdf\" target=\"_blank\" rel=\"noopener\">IT<\/a><\/p>\n<p>[\/et_pb_text][\/et_pb_column][et_pb_column type=\u00bb1_5&#8243; module_class=\u00bbde-inline-icon\u00bb _builder_version=\u00bb4.22.1&#8243; _module_preset=\u00bbdefault\u00bb global_colors_info=\u00bb{}\u00bb][\/et_pb_column][et_pb_column type=\u00bb1_5&#8243; module_class=\u00bbde-inline-icon\u00bb _builder_version=\u00bb4.22.1&#8243; _module_preset=\u00bbdefault\u00bb global_colors_info=\u00bb{}\u00bb][\/et_pb_column][\/et_pb_row][\/et_pb_section][et_pb_section fb_built=\u00bb1&#8243; disabled_on=\u00bbon|on|on\u00bb _builder_version=\u00bb4.22.2&#8243; _module_preset=\u00bbdefault\u00bb custom_padding=\u00bb5px||0px||false|false\u00bb disabled=\u00bbon\u00bb global_colors_info=\u00bb{}\u00bb][et_pb_row _builder_version=\u00bb4.22.1&#8243; _module_preset=\u00bbdefault\u00bb custom_padding=\u00bb||5px||false|false\u00bb global_colors_info=\u00bb{}\u00bb][et_pb_column type=\u00bb4_4&#8243; _builder_version=\u00bb4.21.2&#8243; _module_preset=\u00bbdefault\u00bb global_colors_info=\u00bb{}\u00bb][et_pb_text _builder_version=\u00bb4.22.2&#8243; _module_preset=\u00bbdefault\u00bb text_font=\u00bbPoppins|700|||||||\u00bb text_text_color=\u00bb#0D6C41&#8243; text_font_size=\u00bb16px\u00bb header_4_font=\u00bbMontserrat|800|||||||\u00bb header_4_font_size=\u00bb22px\u00bb locked=\u00bboff\u00bb global_colors_info=\u00bb{}\u00bb]<\/p>\n<p>L\u00cdNEA<\/p>\n<p>[\/et_pb_text][et_pb_text _builder_version=\u00bb4.22.2&#8243; _module_preset=\u00bbdefault\u00bb text_font=\u00bbPoppins||||||||\u00bb text_font_size=\u00bb16px\u00bb locked=\u00bboff\u00bb global_colors_info=\u00bb{}\u00bb]<\/p>\n<p><span>Linea es la nueva balanza comercial del grupo Eurobil. Un producto innovador con un dise\u00f1o moderno y atractivo que renueva el mundo tradicional de las balanzas.  <\/span><span>Ahora es m\u00e1s f\u00e1cil manipular, pesar y registrar productos manteniendo la misma precisi\u00f3n y fiabilidad de siempre.<\/span><\/p>\n<p>[\/et_pb_text][\/et_pb_column][\/et_pb_row][et_pb_row column_structure=\u00bb1_5,1_5,1_5,1_5,1_5&#8243; make_equal=\u00bbon\u00bb _builder_version=\u00bb4.22.1&#8243; _module_preset=\u00bbdefault\u00bb border_color_bottom=\u00bb#0D6C41&#8243; global_colors_info=\u00bb{}\u00bb][et_pb_column type=\u00bb1_5&#8243; module_class=\u00bbde-inline-icon\u00bb _builder_version=\u00bb4.22.1&#8243; _module_preset=\u00bbdefault\u00bb global_colors_info=\u00bb{}\u00bb][et_pb_image src=\u00bbhttps:\/\/eurobil.it\/wp-content\/uploads\/2023\/08\/1-08c34723-37a2-448b-91cf-d44f988952dc.png\u00bb title_text=\u00bb1-08c34723-37a2-448b-91cf-d44f988952dc\u00bb show_bottom_space=\u00bboff\u00bb _builder_version=\u00bb4.22.2&#8243; _module_preset=\u00bbdefault\u00bb custom_margin=\u00bb||10px||false|false\u00bb global_colors_info=\u00bb{}\u00bb][\/et_pb_image][et_pb_text _builder_version=\u00bb4.22.2&#8243; _module_preset=\u00bbdefault\u00bb text_font=\u00bbPoppins||||||||\u00bb text_text_color=\u00bb#0D6C41&#8243; text_font_size=\u00bb16px\u00bb text_orientation=\u00bbcenter\u00bb locked=\u00bboff\u00bb global_colors_info=\u00bb{}\u00bb]<\/p>\n<p>Vista lateral<\/p>\n<p>[\/et_pb_text][\/et_pb_column][et_pb_column type=\u00bb1_5&#8243; module_class=\u00bbde-inline-icon\u00bb _builder_version=\u00bb4.22.1&#8243; _module_preset=\u00bbdefault\u00bb global_colors_info=\u00bb{}\u00bb][et_pb_image src=\u00bbhttps:\/\/eurobil.it\/wp-content\/uploads\/2023\/08\/1-08c34723-37a2-448b-91cf-d44f988952dc.png\u00bb title_text=\u00bb1-08c34723-37a2-448b-91cf-d44f988952dc\u00bb show_bottom_space=\u00bboff\u00bb _builder_version=\u00bb4.22.2&#8243; _module_preset=\u00bbdefault\u00bb custom_margin=\u00bb||10px||false|false\u00bb locked=\u00bboff\u00bb global_colors_info=\u00bb{}\u00bb][\/et_pb_image][et_pb_text _builder_version=\u00bb4.22.2&#8243; _module_preset=\u00bbdefault\u00bb text_font=\u00bbPoppins||||||||\u00bb text_text_color=\u00bb#0D6C41&#8243; text_font_size=\u00bb16px\u00bb text_orientation=\u00bbcenter\u00bb locked=\u00bboff\u00bb global_colors_info=\u00bb{}\u00bb]<\/p>\n<p>Monitor<\/p>\n<p>[\/et_pb_text][\/et_pb_column][et_pb_column type=\u00bb1_5&#8243; module_class=\u00bbde-inline-icon\u00bb _builder_version=\u00bb4.22.1&#8243; _module_preset=\u00bbdefault\u00bb global_colors_info=\u00bb{}\u00bb][et_pb_image src=\u00bbhttps:\/\/eurobil.it\/wp-content\/uploads\/2023\/08\/1-08c34723-37a2-448b-91cf-d44f988952dc.png\u00bb title_text=\u00bb1-08c34723-37a2-448b-91cf-d44f988952dc\u00bb show_bottom_space=\u00bboff\u00bb _builder_version=\u00bb4.22.2&#8243; _module_preset=\u00bbdefault\u00bb custom_margin=\u00bb||10px||false|false\u00bb locked=\u00bboff\u00bb global_colors_info=\u00bb{}\u00bb][\/et_pb_image][et_pb_text _builder_version=\u00bb4.22.2&#8243; _module_preset=\u00bbdefault\u00bb text_font=\u00bbPoppins||||||||\u00bb text_text_color=\u00bb#0D6C41&#8243; text_font_size=\u00bb16px\u00bb text_orientation=\u00bbcenter\u00bb locked=\u00bboff\u00bb global_colors_info=\u00bb{}\u00bb]<\/p>\n<p>Plato<\/p>\n<p>[\/et_pb_text][\/et_pb_column][et_pb_column type=\u00bb1_5&#8243; module_class=\u00bbde-inline-icon\u00bb _builder_version=\u00bb4.22.1&#8243; _module_preset=\u00bbdefault\u00bb global_colors_info=\u00bb{}\u00bb][et_pb_image src=\u00bbhttps:\/\/eurobil.it\/wp-content\/uploads\/2023\/08\/1-08c34723-37a2-448b-91cf-d44f988952dc.png\u00bb title_text=\u00bb1-08c34723-37a2-448b-91cf-d44f988952dc\u00bb show_bottom_space=\u00bboff\u00bb _builder_version=\u00bb4.22.2&#8243; _module_preset=\u00bbdefault\u00bb custom_margin=\u00bb||10px||false|false\u00bb locked=\u00bboff\u00bb global_colors_info=\u00bb{}\u00bb][\/et_pb_image][et_pb_text _builder_version=\u00bb4.22.2&#8243; _module_preset=\u00bbdefault\u00bb text_font=\u00bbPoppins||||||||\u00bb text_text_color=\u00bb#0D6C41&#8243; text_font_size=\u00bb16px\u00bb text_orientation=\u00bbcenter\u00bb locked=\u00bboff\u00bb global_colors_info=\u00bb{}\u00bb]<\/p>\n<p>Vista frontal<\/p>\n<p>[\/et_pb_text][\/et_pb_column][et_pb_column type=\u00bb1_5&#8243; module_class=\u00bbde-inline-icon\u00bb _builder_version=\u00bb4.22.1&#8243; _module_preset=\u00bbdefault\u00bb global_colors_info=\u00bb{}\u00bb][et_pb_image src=\u00bbhttps:\/\/eurobil.it\/wp-content\/uploads\/2023\/08\/1-08c34723-37a2-448b-91cf-d44f988952dc.png\u00bb title_text=\u00bb1-08c34723-37a2-448b-91cf-d44f988952dc\u00bb show_bottom_space=\u00bboff\u00bb _builder_version=\u00bb4.22.2&#8243; _module_preset=\u00bbdefault\u00bb custom_margin=\u00bb||10px||false|false\u00bb locked=\u00bboff\u00bb global_colors_info=\u00bb{}\u00bb][\/et_pb_image][et_pb_text _builder_version=\u00bb4.22.2&#8243; _module_preset=\u00bbdefault\u00bb text_font=\u00bbPoppins||||||||\u00bb text_text_color=\u00bb#0D6C41&#8243; text_font_size=\u00bb16px\u00bb text_orientation=\u00bbcenter\u00bb locked=\u00bboff\u00bb global_colors_info=\u00bb{}\u00bb]<\/p>\n<p>Vista trasera<\/p>\n<p>[\/et_pb_text][\/et_pb_column][\/et_pb_row][\/et_pb_section]<\/p>\n","protected":false},"excerpt":{"rendered":"<p>DescargarCat\u00e1logo de productos EurobilLa marca Eurobil es sin\u00f3nimo de garant\u00eda y fiabilidad gracias a sus productos Made in Italy. Los sistemas de pesaje producidos se dividen en 3 \u00e1reas de especializaci\u00f3n: comercio minorista, industria y laboratorio. Descargar pdf.Cat\u00e1logoINDUSTRIA Descargar IT | ENCat\u00e1logoRETAIL Descargar IT | ENCat\u00e1logoLABORATORIO Descargar ITL\u00cdNEALinea es la nueva balanza comercial del grupo [&hellip;]<\/p>\n","protected":false},"author":1,"featured_media":0,"parent":0,"menu_order":0,"comment_status":"closed","ping_status":"closed","template":"","meta":{"_et_pb_use_builder":"on","_et_pb_old_content":"","_et_gb_content_width":"","footnotes":""},"class_list":["post-283656","page","type-page","status-publish","hentry"],"yoast_head":"<!-- This site is optimized with the Yoast SEO plugin v26.0 - https:\/\/yoast.com\/wordpress\/plugins\/seo\/ -->\n<title>Descargar - EUROBIL<\/title>\n<meta name=\"description\" content=\"Descargue los cat\u00e1logos de Eurobil y descubra nuestra amplia gama de b\u00e1sculas industriales y soluciones de pesaje de \u00faltima generaci\u00f3n.\" \/>\n<meta name=\"robots\" content=\"index, follow, max-snippet:-1, max-image-preview:large, max-video-preview:-1\" \/>\n<link rel=\"canonical\" href=\"https:\/\/eurobil.it\/es\/descargar\/\" \/>\n<meta property=\"og:locale\" content=\"es_ES\" \/>\n<meta property=\"og:type\" content=\"article\" \/>\n<meta property=\"og:title\" content=\"Descargar - EUROBIL\" \/>\n<meta property=\"og:description\" content=\"Descargue los cat\u00e1logos de Eurobil y descubra nuestra amplia gama de b\u00e1sculas industriales y soluciones de pesaje de \u00faltima generaci\u00f3n.\" \/>\n<meta property=\"og:url\" content=\"https:\/\/eurobil.it\/es\/descargar\/\" \/>\n<meta property=\"og:site_name\" content=\"EUROBIL\" \/>\n<meta property=\"article:publisher\" content=\"https:\/\/www.facebook.com\/profile.php?id=100090025125705\" \/>\n<meta property=\"article:modified_time\" content=\"2025-12-04T12:30:08+00:00\" \/>\n<meta property=\"og:image\" content=\"https:\/\/eurobil.it\/wp-content\/uploads\/2023\/10\/33_Sun_Eco_1.webp\" \/>\n\t<meta property=\"og:image:width\" content=\"1000\" \/>\n\t<meta property=\"og:image:height\" content=\"1000\" \/>\n\t<meta property=\"og:image:type\" content=\"image\/webp\" \/>\n<meta name=\"twitter:card\" content=\"summary_large_image\" \/>\n<meta name=\"twitter:label1\" content=\"Tiempo de lectura\" \/>\n\t<meta name=\"twitter:data1\" content=\"9 minutos\" \/>\n<script type=\"application\/ld+json\" class=\"yoast-schema-graph\">{\"@context\":\"https:\/\/schema.org\",\"@graph\":[{\"@type\":\"WebPage\",\"@id\":\"https:\/\/eurobil.it\/es\/descargar\/\",\"url\":\"https:\/\/eurobil.it\/es\/descargar\/\",\"name\":\"Descargar - EUROBIL\",\"isPartOf\":{\"@id\":\"https:\/\/eurobil.it\/#website\"},\"datePublished\":\"2023-09-12T07:32:30+00:00\",\"dateModified\":\"2025-12-04T12:30:08+00:00\",\"description\":\"Descargue los cat\u00e1logos de Eurobil y descubra nuestra amplia gama de b\u00e1sculas industriales y soluciones de pesaje de \u00faltima generaci\u00f3n.\",\"breadcrumb\":{\"@id\":\"https:\/\/eurobil.it\/es\/descargar\/#breadcrumb\"},\"inLanguage\":\"es\",\"potentialAction\":[{\"@type\":\"ReadAction\",\"target\":[\"https:\/\/eurobil.it\/es\/descargar\/\"]}]},{\"@type\":\"BreadcrumbList\",\"@id\":\"https:\/\/eurobil.it\/es\/descargar\/#breadcrumb\",\"itemListElement\":[{\"@type\":\"ListItem\",\"position\":1,\"name\":\"Portada\",\"item\":\"https:\/\/eurobil.it\/es\/\"},{\"@type\":\"ListItem\",\"position\":2,\"name\":\"Descargar\"}]},{\"@type\":\"WebSite\",\"@id\":\"https:\/\/eurobil.it\/#website\",\"url\":\"https:\/\/eurobil.it\/\",\"name\":\"EUROBIL\",\"description\":\"Bilance di precisione da laboratorio\",\"potentialAction\":[{\"@type\":\"SearchAction\",\"target\":{\"@type\":\"EntryPoint\",\"urlTemplate\":\"https:\/\/eurobil.it\/?s={search_term_string}\"},\"query-input\":{\"@type\":\"PropertyValueSpecification\",\"valueRequired\":true,\"valueName\":\"search_term_string\"}}],\"inLanguage\":\"es\"}]}<\/script>\n<!-- \/ Yoast SEO plugin. -->","yoast_head_json":{"title":"Descargar - EUROBIL","description":"Descargue los cat\u00e1logos de Eurobil y descubra nuestra amplia gama de b\u00e1sculas industriales y soluciones de pesaje de \u00faltima generaci\u00f3n.","robots":{"index":"index","follow":"follow","max-snippet":"max-snippet:-1","max-image-preview":"max-image-preview:large","max-video-preview":"max-video-preview:-1"},"canonical":"https:\/\/eurobil.it\/es\/descargar\/","og_locale":"es_ES","og_type":"article","og_title":"Descargar - EUROBIL","og_description":"Descargue los cat\u00e1logos de Eurobil y descubra nuestra amplia gama de b\u00e1sculas industriales y soluciones de pesaje de \u00faltima generaci\u00f3n.","og_url":"https:\/\/eurobil.it\/es\/descargar\/","og_site_name":"EUROBIL","article_publisher":"https:\/\/www.facebook.com\/profile.php?id=100090025125705","article_modified_time":"2025-12-04T12:30:08+00:00","og_image":[{"width":1000,"height":1000,"url":"https:\/\/eurobil.it\/wp-content\/uploads\/2023\/10\/33_Sun_Eco_1.webp","type":"image\/webp"}],"twitter_card":"summary_large_image","twitter_misc":{"Tiempo de lectura":"9 minutos"},"schema":{"@context":"https:\/\/schema.org","@graph":[{"@type":"WebPage","@id":"https:\/\/eurobil.it\/es\/descargar\/","url":"https:\/\/eurobil.it\/es\/descargar\/","name":"Descargar - EUROBIL","isPartOf":{"@id":"https:\/\/eurobil.it\/#website"},"datePublished":"2023-09-12T07:32:30+00:00","dateModified":"2025-12-04T12:30:08+00:00","description":"Descargue los cat\u00e1logos de Eurobil y descubra nuestra amplia gama de b\u00e1sculas industriales y soluciones de pesaje de \u00faltima generaci\u00f3n.","breadcrumb":{"@id":"https:\/\/eurobil.it\/es\/descargar\/#breadcrumb"},"inLanguage":"es","potentialAction":[{"@type":"ReadAction","target":["https:\/\/eurobil.it\/es\/descargar\/"]}]},{"@type":"BreadcrumbList","@id":"https:\/\/eurobil.it\/es\/descargar\/#breadcrumb","itemListElement":[{"@type":"ListItem","position":1,"name":"Portada","item":"https:\/\/eurobil.it\/es\/"},{"@type":"ListItem","position":2,"name":"Descargar"}]},{"@type":"WebSite","@id":"https:\/\/eurobil.it\/#website","url":"https:\/\/eurobil.it\/","name":"EUROBIL","description":"Bilance di precisione da laboratorio","potentialAction":[{"@type":"SearchAction","target":{"@type":"EntryPoint","urlTemplate":"https:\/\/eurobil.it\/?s={search_term_string}"},"query-input":{"@type":"PropertyValueSpecification","valueRequired":true,"valueName":"search_term_string"}}],"inLanguage":"es"}]}},"_links":{"self":[{"href":"https:\/\/eurobil.it\/es\/wp-json\/wp\/v2\/pages\/283656","targetHints":{"allow":["GET"]}}],"collection":[{"href":"https:\/\/eurobil.it\/es\/wp-json\/wp\/v2\/pages"}],"about":[{"href":"https:\/\/eurobil.it\/es\/wp-json\/wp\/v2\/types\/page"}],"author":[{"embeddable":true,"href":"https:\/\/eurobil.it\/es\/wp-json\/wp\/v2\/users\/1"}],"replies":[{"embeddable":true,"href":"https:\/\/eurobil.it\/es\/wp-json\/wp\/v2\/comments?post=283656"}],"version-history":[{"count":15,"href":"https:\/\/eurobil.it\/es\/wp-json\/wp\/v2\/pages\/283656\/revisions"}],"predecessor-version":[{"id":359381,"href":"https:\/\/eurobil.it\/es\/wp-json\/wp\/v2\/pages\/283656\/revisions\/359381"}],"wp:attachment":[{"href":"https:\/\/eurobil.it\/es\/wp-json\/wp\/v2\/media?parent=283656"}],"curies":[{"name":"wp","href":"https:\/\/api.w.org\/{rel}","templated":true}]}}