{"id":283704,"date":"2023-09-18T10:05:24","date_gmt":"2023-09-18T10:05:24","guid":{"rendered":"https:\/\/eurobil.it\/nachrichten\/"},"modified":"2024-02-22T09:48:20","modified_gmt":"2024-02-22T09:48:20","slug":"demnaechst","status":"publish","type":"page","link":"https:\/\/eurobil.it\/de\/demnaechst\/","title":{"rendered":"Demn\u00e4chst"},"content":{"rendered":"<p>[et_pb_section fb_built=&#8220;1&#8243; _builder_version=&#8220;4.22.1&#8243; _module_preset=&#8220;default&#8220; background_color=&#8220;#193f2d&#8220; use_background_color_gradient=&#8220;on&#8220; background_color_gradient_stops=&#8220;#193f2d 0%|#0d6c41 100%&#8220; global_colors_info=&#8220;{}&#8220;][et_pb_row column_structure=&#8220;2_5,3_5&#8243; _builder_version=&#8220;4.22.1&#8243; _module_preset=&#8220;default&#8220; global_colors_info=&#8220;{}&#8220;][et_pb_column type=&#8220;2_5&#8243; _builder_version=&#8220;4.22.1&#8243; _module_preset=&#8220;default&#8220; global_colors_info=&#8220;{}&#8220;][et_pb_text _builder_version=&#8220;4.22.1&#8243; _module_preset=&#8220;default&#8220; header_font=&#8220;Poppins|700|||||||&#8220; header_text_color=&#8220;#FFFFFF&#8220; header_font_size=&#8220;80px&#8220; global_colors_info=&#8220;{}&#8220;]<\/p>\n<h1>Nachrichten<\/h1>\n<p>[\/et_pb_text][et_pb_image src=&#8220;https:\/\/eurobil.it\/wp-content\/uploads\/2023\/10\/1-Photo-scaled.jpg&#8220; title_text=&#8220;__1 &#8211; Foto&#8220; disabled_on=&#8220;off|off|on&#8220; _builder_version=&#8220;4.22.2&#8243; _module_preset=&#8220;default&#8220; locked=&#8220;off&#8220; global_colors_info=&#8220;{}&#8220;][\/et_pb_image][et_pb_blurb title=&#8220;Retail&#8220; image=&#8220;https:\/\/eurobil.it\/wp-content\/uploads\/2023\/09\/Senza-titolo-2.png&#8220; alt=&#8220;Eurobil &#8211; Retail&#8220; icon_placement=&#8220;left&#8220; image_icon_width=&#8220;51px&#8220; _builder_version=&#8220;4.22.1&#8243; _module_preset=&#8220;default&#8220; header_font=&#8220;Poppins|700|||||||&#8220; header_text_color=&#8220;#FFFFFF&#8220; header_font_size=&#8220;30px&#8220; custom_css_blurb_title=&#8220;margin-top:12px&#8220; global_colors_info=&#8220;{}&#8220;][\/et_pb_blurb][et_pb_text _builder_version=&#8220;4.22.1&#8243; _module_preset=&#8220;default&#8220; header_3_font=&#8220;Poppins|800|||||||&#8220; header_3_text_color=&#8220;#47C68D&#8220; custom_margin=&#8220;||10px||false|false&#8220; custom_padding=&#8220;||||false|false&#8220; global_colors_info=&#8220;{}&#8220;]<\/p>\n<h3>Leitung<\/h3>\n<p>[\/et_pb_text][et_pb_text _builder_version=&#8220;4.22.2&#8243; _module_preset=&#8220;default&#8220; text_font=&#8220;Montserrat||||||||&#8220; text_text_color=&#8220;#FFFFFF&#8220; global_colors_info=&#8220;{}&#8220;]<\/p>\n<p>Die neue Einzelhandelswaage der Eurobil-Gruppe. Ein innovatives Produkt mit einem modernen und attraktiven Design, das die traditionelle Welt der Waagen erneuert.<\/p>\n<p>Es ist jetzt einfacher, Produkte zu handhaben, zu wiegen und zu registrieren, w\u00e4hrend die gleiche Genauigkeit und Zuverl\u00e4ssigkeit wie immer erhalten bleibt.<\/p>\n<p>Die Bed\u00fcrfnisse unserer Kunden sind der Ausgangspunkt f\u00fcr dieses Projekt. Bitte schreiben Sie uns Ihre Kommentare, sie werden uns helfen, das Produkt zu verbessern.<\/p>\n<p>[\/et_pb_text][et_pb_text _builder_version=&#8220;4.22.2&#8243; _module_preset=&#8220;default&#8220; header_3_font=&#8220;Poppins|800|||||||&#8220; header_3_text_color=&#8220;#FFFFFF&#8220; custom_margin=&#8220;||10px||false|false&#8220; custom_padding=&#8220;||||false|false&#8220; locked=&#8220;off&#8220; global_colors_info=&#8220;{}&#8220;]<\/p>\n<h3>Auf Ihre Bed\u00fcrfnisse abgestimmt<\/h3>\n<p>[\/et_pb_text][et_pb_text _builder_version=&#8220;4.22.2&#8243; _module_preset=&#8220;default&#8220; text_font=&#8220;Montserrat||||||||&#8220; text_text_color=&#8220;#FFFFFF&#8220; locked=&#8220;off&#8220; global_colors_info=&#8220;{}&#8220;]<\/p>\n<p>Worauf achten Sie bei einer Waage? Erz\u00e4hlen Sie uns davon<br \/>Die interessantesten Vorschl\u00e4ge werden pr\u00e4miert!<\/p>\n<p>[\/et_pb_text][et_pb_button button_text=&#8220;Zu den Produktdetails&#8220; disabled_on=&#8220;on|on|on&#8220; _builder_version=&#8220;4.22.2&#8243; _module_preset=&#8220;default&#8220; custom_button=&#8220;on&#8220; button_text_size=&#8220;16px&#8220; button_text_color=&#8220;#47C68D&#8220; disabled=&#8220;on&#8220; global_colors_info=&#8220;{}&#8220;][\/et_pb_button][et_pb_contact_form captcha=&#8220;off&#8220; submit_button_text=&#8220;VORSCHLAG SENDEN&#8220; module_class=&#8220;pa-contact-form-submit-fullwidth&#8220; _builder_version=&#8220;4.22.2&#8243; _module_preset=&#8220;default&#8220; _unique_id=&#8220;77b5dbaf-663a-4a6e-b3a0-ae618550fc15&#8243; custom_button=&#8220;on&#8220; button_text_size=&#8220;18px&#8220; button_text_color=&#8220;#FFFFFF&#8220; button_bg_color=&#8220;#47C68D&#8220; button_border_width=&#8220;0px&#8220; button_border_radius=&#8220;5px&#8220; button_font=&#8220;Poppins|700|||||||&#8220; hover_enabled=&#8220;0&#8243; custom_css_contact_button=&#8220;width:100%;||float:left;&#8220; global_colors_info=&#8220;{}&#8220; email=&#8220;info@eurobil.it&#8220; custom_message=&#8220;Hallo,||et_pb_line_break_holder|| Benutzer %%Email%% vorgeschlagen:||et_pb_line_break_holder||||et_pb_line_break_holder||%Nachricht%%||et_pb_line_break_holder||||et_pb_line_break_holder||%Datenschutz%%%&#8220; sticky_enabled=&#8220;0&#8243;][et_pb_contact_field field_id=&#8220;Message&#8220; field_title=&#8220;Nachricht&#8220; field_type=&#8220;text&#8220; fullwidth_field=&#8220;on&#8220; _builder_version=&#8220;4.22.2&#8243; hover_enabled=&#8220;0&#8243; border_radii=&#8220;on|5px|5px|5px|5px&#8220; global_colors_info=&#8220;{}&#8220; button_text_size__hover_enabled=&#8220;off&#8220; button_one_text_size__hover_enabled=&#8220;off&#8220; button_two_text_size__hover_enabled=&#8220;off&#8220; button_text_color__hover_enabled=&#8220;off&#8220; button_one_text_color__hover_enabled=&#8220;off&#8220; button_two_text_color__hover_enabled=&#8220;off&#8220; button_border_width__hover_enabled=&#8220;off&#8220; button_one_border_width__hover_enabled=&#8220;off&#8220; button_two_border_width__hover_enabled=&#8220;off&#8220; button_border_color__hover_enabled=&#8220;off&#8220; button_one_border_color__hover_enabled=&#8220;off&#8220; button_two_border_color__hover_enabled=&#8220;off&#8220; button_border_radius__hover_enabled=&#8220;off&#8220; button_one_border_radius__hover_enabled=&#8220;off&#8220; button_two_border_radius__hover_enabled=&#8220;off&#8220; button_letter_spacing__hover_enabled=&#8220;off&#8220; button_one_letter_spacing__hover_enabled=&#8220;off&#8220; button_two_letter_spacing__hover_enabled=&#8220;off&#8220; button_bg_color__hover_enabled=&#8220;off&#8220; button_one_bg_color__hover_enabled=&#8220;off&#8220; button_two_bg_color__hover_enabled=&#8220;off&#8220; sticky_enabled=&#8220;0&#8243;][\/et_pb_contact_field][et_pb_contact_field field_id=&#8220;Email&#8220; field_title=&#8220;E-Mail Adresse&#8220; field_type=&#8220;email&#8220; fullwidth_field=&#8220;on&#8220; _builder_version=&#8220;4.22.2&#8243; hover_enabled=&#8220;0&#8243; border_radii=&#8220;on|5px|5px|5px|5px&#8220; global_colors_info=&#8220;{}&#8220; button_text_size__hover_enabled=&#8220;off&#8220; button_one_text_size__hover_enabled=&#8220;off&#8220; button_two_text_size__hover_enabled=&#8220;off&#8220; button_text_color__hover_enabled=&#8220;off&#8220; button_one_text_color__hover_enabled=&#8220;off&#8220; button_two_text_color__hover_enabled=&#8220;off&#8220; button_border_width__hover_enabled=&#8220;off&#8220; button_one_border_width__hover_enabled=&#8220;off&#8220; button_two_border_width__hover_enabled=&#8220;off&#8220; button_border_color__hover_enabled=&#8220;off&#8220; button_one_border_color__hover_enabled=&#8220;off&#8220; button_two_border_color__hover_enabled=&#8220;off&#8220; button_border_radius__hover_enabled=&#8220;off&#8220; button_one_border_radius__hover_enabled=&#8220;off&#8220; button_two_border_radius__hover_enabled=&#8220;off&#8220; button_letter_spacing__hover_enabled=&#8220;off&#8220; button_one_letter_spacing__hover_enabled=&#8220;off&#8220; button_two_letter_spacing__hover_enabled=&#8220;off&#8220; button_bg_color__hover_enabled=&#8220;off&#8220; button_one_bg_color__hover_enabled=&#8220;off&#8220; button_two_bg_color__hover_enabled=&#8220;off&#8220; sticky_enabled=&#8220;0&#8243;][\/et_pb_contact_field][et_pb_contact_field field_id=&#8220;Privacy&#8220; field_title=&#8220;Datenschutz&#8220; field_type=&#8220;checkbox&#8220; checkbox_options=&#8220;%91{%22value%22:%22*Ich erm\u00e4chtige hiermit den f\u00fcr die Verarbeitung Verantwortlichen, meine personenbezogenen Daten zu verwenden, um mir Mitteilungen im Zusammenhang mit dieser Kontaktanfrage gem\u00e4\u00df den Bestimmungen der Datenschutzrichtlinie zuzusenden.%22,%22checked%22:0,%22dragID%22:-1}%93&#8243; fullwidth_field=&#8220;on&#8220; _builder_version=&#8220;4.22.2&#8243; _module_preset=&#8220;default&#8220; form_field_text_color=&#8220;#FFFFFF&#8220; hover_enabled=&#8220;0&#8243; global_colors_info=&#8220;{}&#8220; sticky_enabled=&#8220;0&#8243;][\/et_pb_contact_field][\/et_pb_contact_form][\/et_pb_column][et_pb_column type=&#8220;3_5&#8243; _builder_version=&#8220;4.22.1&#8243; _module_preset=&#8220;default&#8220; global_colors_info=&#8220;{}&#8220;][et_pb_image src=&#8220;https:\/\/eurobil.it\/wp-content\/uploads\/2023\/10\/Novita_Verticale_Bilancia&#8211;scaled.webp&#8220; alt=&#8220;Neue_Vertikale_Balance&#8220; title_text=&#8220;Neue_Vertikale_Balance&#8220; disabled_on=&#8220;on|on|off&#8220; _builder_version=&#8220;4.22.2&#8243; _module_preset=&#8220;default&#8220; global_colors_info=&#8220;{}&#8220;][\/et_pb_image][\/et_pb_column][\/et_pb_row][et_pb_row _builder_version=&#8220;4.22.1&#8243; _module_preset=&#8220;default&#8220; positioning=&#8220;fixed&#8220; position_origin_f=&#8220;center_right&#8220; z_index=&#8220;1000&#8243; position_origin_a_tablet=&#8220;&#8220; position_origin_a_phone=&#8220;&#8220; position_origin_a_last_edited=&#8220;on|tablet&#8220; position_origin_f_tablet=&#8220;bottom_right&#8220; position_origin_f_phone=&#8220;bottom_right&#8220; position_origin_f_last_edited=&#8220;on|phone&#8220; position_origin_r_tablet=&#8220;&#8220; position_origin_r_phone=&#8220;&#8220; position_origin_r_last_edited=&#8220;on|tablet&#8220; width=&#8220;6%&#8220; width_tablet=&#8220;11%&#8220; width_phone=&#8220;15%&#8220; width_last_edited=&#8220;on|phone&#8220; positioning_tablet=&#8220;fixed&#8220; positioning_phone=&#8220;fixed&#8220; positioning_last_edited=&#8220;on|tablet&#8220; global_module=&#8220;1374&#8243; global_colors_info=&#8220;{}&#8220;][et_pb_column type=&#8220;4_4&#8243; _builder_version=&#8220;4.22.1&#8243; _module_preset=&#8220;default&#8220; global_colors_info=&#8220;{}&#8220;][et_pb_blurb title=&#8220;Hilfe&#8220; url=&#8220;https:\/\/eurobil.it\/de\/kontakt\/#formcontatti&#8220; use_icon=&#8220;on&#8220; font_icon=&#8220;&#xf590;||fa||900&#8243; icon_color=&#8220;#FFFFFF&#8220; image_icon_width=&#8220;30px&#8220; _builder_version=&#8220;4.22.2&#8243; _module_preset=&#8220;default&#8220; header_font=&#8220;Montserrat|700|||||||&#8220; header_text_align=&#8220;center&#8220; header_text_color=&#8220;#FFFFFF&#8220; header_font_size=&#8220;14px&#8220; background_color=&#8220;#47C68D&#8220; image_icon_custom_margin=&#8220;0px||0px||true|false&#8220; image_icon_custom_padding=&#8220;0px||0px||true|false&#8220; custom_margin=&#8220;0px||0px||true|false&#8220; custom_padding=&#8220;3px|3px|3px|3px|true|true&#8220; custom_padding_tablet=&#8220;3px|3px|3px|3px|true|true&#8220; custom_padding_phone=&#8220;1px|1px|1px|1px|true|true&#8220; custom_padding_last_edited=&#8220;on|phone&#8220; link_option_url=&#8220;https:\/\/eurobil.it\/de\/kontakt\/#formcontatti&#8220; header_font_size_tablet=&#8220;14px&#8220; header_font_size_phone=&#8220;8px&#8220; header_font_size_last_edited=&#8220;on|phone&#8220; custom_css_blurb_image=&#8220;margin:10px;&#8220; global_colors_info=&#8220;{}&#8220;][\/et_pb_blurb][\/et_pb_column][\/et_pb_row][\/et_pb_section][et_pb_section fb_built=&#8220;1&#8243; _builder_version=&#8220;4.22.1&#8243; _module_preset=&#8220;default&#8220; background_color=&#8220;#0D6C41&#8243; custom_padding=&#8220;0px||||false|false&#8220; global_colors_info=&#8220;{}&#8220;][et_pb_row column_structure=&#8220;1_3,1_3,1_3&#8243; _builder_version=&#8220;4.22.1&#8243; _module_preset=&#8220;default&#8220; global_colors_info=&#8220;{}&#8220;][et_pb_column type=&#8220;1_3&#8243; _builder_version=&#8220;4.22.1&#8243; _module_preset=&#8220;default&#8220; global_colors_info=&#8220;{}&#8220;][et_pb_blurb title=&#8220;Gestaltung&#8220; image=&#8220;https:\/\/eurobil.it\/wp-content\/uploads\/2023\/10\/NovitaLINEA_Design-scaled.webp&#8220; alt=&#8220;NewLINEA_Design&#8220; _builder_version=&#8220;4.22.2&#8243; _module_preset=&#8220;default&#8220; header_font=&#8220;Poppins|700|||||||&#8220; header_text_color=&#8220;#47C68D&#8220; body_font=&#8220;Montserrat||||||||&#8220; body_text_color=&#8220;#FFFFFF&#8220; global_colors_info=&#8220;{}&#8220;]<\/p>\n<p>Ein neues Design, das die Waage nicht nur funktionell, sondern auch ikonisch macht, ein unverwechselbares Symbol f\u00fcr die Marke Eurobil und die Qualit\u00e4t<\/p>\n<p>[\/et_pb_blurb][\/et_pb_column][et_pb_column type=&#8220;1_3&#8243; _builder_version=&#8220;4.22.1&#8243; _module_preset=&#8220;default&#8220; global_colors_info=&#8220;{}&#8220;][et_pb_blurb title=&#8220;Funktionsweise&#8220; image=&#8220;https:\/\/eurobil.it\/wp-content\/uploads\/2023\/10\/Novita_Linea_Funzionalita-scaled.webp&#8220; _builder_version=&#8220;4.22.2&#8243; _module_preset=&#8220;default&#8220; header_font=&#8220;Poppins|700|||||||&#8220; header_text_color=&#8220;#47C68D&#8220; body_font=&#8220;Montserrat||||||||&#8220; body_text_color=&#8220;#FFFFFF&#8220; global_colors_info=&#8220;{}&#8220;]<\/p>\n<p>Die neuen Funktionen werden das Wiegeerlebnis revolutionieren. Wir haben die Waage einfacher und intuitiver gestaltet, um ihre Effizienz zu verbessern<\/p>\n<p>[\/et_pb_blurb][\/et_pb_column][et_pb_column type=&#8220;1_3&#8243; _builder_version=&#8220;4.22.1&#8243; _module_preset=&#8220;default&#8220; global_colors_info=&#8220;{}&#8220;][et_pb_blurb title=&#8220;Verwenden Sie&#8220; image=&#8220;https:\/\/eurobil.it\/wp-content\/uploads\/2023\/10\/Novita_LINEA_Utilizzo-scaled.webp&#8220; _builder_version=&#8220;4.22.2&#8243; _module_preset=&#8220;default&#8220; header_font=&#8220;Poppins|700|||||||&#8220; header_text_color=&#8220;#47C68D&#8220; body_font=&#8220;Montserrat||||||||&#8220; body_text_color=&#8220;#FFFFFF&#8220; global_colors_info=&#8220;{}&#8220;]<\/p>\n<p>Ganz gleich, ob Sie ein kleines lokales Gesch\u00e4ft oder ein gro\u00dfes Unternehmen betreiben, Linea wurde entwickelt, um Ihnen das Leben zu erleichtern und die Effizienz Ihrer Arbeit zu verbessern.<\/p>\n<p>[\/et_pb_blurb][\/et_pb_column][\/et_pb_row][\/et_pb_section]<\/p>\n","protected":false},"excerpt":{"rendered":"<p>NachrichtenLeitungDie neue Einzelhandelswaage der Eurobil-Gruppe. Ein innovatives Produkt mit einem modernen und attraktiven Design, das die traditionelle Welt der Waagen erneuert. Es ist jetzt einfacher, Produkte zu handhaben, zu wiegen und zu registrieren, w\u00e4hrend die gleiche Genauigkeit und Zuverl\u00e4ssigkeit wie immer erhalten bleibt. Die Bed\u00fcrfnisse unserer Kunden sind der Ausgangspunkt f\u00fcr dieses Projekt. Bitte schreiben [&hellip;]<\/p>\n","protected":false},"author":1,"featured_media":0,"parent":0,"menu_order":0,"comment_status":"closed","ping_status":"closed","template":"","meta":{"_et_pb_use_builder":"on","_et_pb_old_content":"","_et_gb_content_width":"","footnotes":""},"class_list":["post-283704","page","type-page","status-publish","hentry"],"yoast_head":"<!-- This site is optimized with the Yoast SEO plugin v26.0 - https:\/\/yoast.com\/wordpress\/plugins\/seo\/ -->\n<title>Linie - Neue Skalen -<\/title>\n<meta name=\"description\" content=\"Linea, die neue Einzelhandelswaage der Eurobil-Gruppe. Ein innovatives Produkt mit einem modernen und attraktiven Design. Entdecken Sie die Neuheit!\" \/>\n<meta name=\"robots\" content=\"index, follow, max-snippet:-1, max-image-preview:large, max-video-preview:-1\" \/>\n<link rel=\"canonical\" href=\"https:\/\/eurobil.it\/novita\/\" \/>\n<meta property=\"og:locale\" content=\"de_DE\" \/>\n<meta property=\"og:type\" content=\"article\" \/>\n<meta property=\"og:title\" content=\"Linie - Neue Skalen -\" \/>\n<meta property=\"og:description\" content=\"Linea, die neue Einzelhandelswaage der Eurobil-Gruppe. Ein innovatives Produkt mit einem modernen und attraktiven Design. Entdecken Sie die Neuheit!\" \/>\n<meta property=\"og:url\" content=\"https:\/\/eurobil.it\/novita\/\" \/>\n<meta property=\"og:site_name\" content=\"EUROBIL\" \/>\n<meta property=\"article:publisher\" content=\"https:\/\/www.facebook.com\/profile.php?id=100090025125705\" \/>\n<meta property=\"article:modified_time\" content=\"2024-02-22T09:48:20+00:00\" \/>\n<meta property=\"og:image\" content=\"https:\/\/eurobil.it\/wp-content\/uploads\/2023\/10\/33_Sun_Eco_1.webp\" \/>\n\t<meta property=\"og:image:width\" content=\"1000\" \/>\n\t<meta property=\"og:image:height\" content=\"1000\" \/>\n\t<meta property=\"og:image:type\" content=\"image\/webp\" \/>\n<meta name=\"twitter:card\" content=\"summary_large_image\" \/>\n<meta name=\"twitter:label1\" content=\"Gesch\u00e4tzte Lesezeit\" \/>\n\t<meta name=\"twitter:data1\" content=\"3\u00a0Minuten\" \/>\n<script type=\"application\/ld+json\" class=\"yoast-schema-graph\">{\"@context\":\"https:\/\/schema.org\",\"@graph\":[{\"@type\":\"WebPage\",\"@id\":\"https:\/\/eurobil.it\/novita\/\",\"url\":\"https:\/\/eurobil.it\/novita\/\",\"name\":\"Linie - Neue Skalen -\",\"isPartOf\":{\"@id\":\"https:\/\/eurobil.it\/#website\"},\"datePublished\":\"2023-09-18T10:05:24+00:00\",\"dateModified\":\"2024-02-22T09:48:20+00:00\",\"description\":\"Linea, die neue Einzelhandelswaage der Eurobil-Gruppe. Ein innovatives Produkt mit einem modernen und attraktiven Design. Entdecken Sie die Neuheit!\",\"breadcrumb\":{\"@id\":\"https:\/\/eurobil.it\/novita\/#breadcrumb\"},\"inLanguage\":\"de\",\"potentialAction\":[{\"@type\":\"ReadAction\",\"target\":[\"https:\/\/eurobil.it\/novita\/\"]}]},{\"@type\":\"BreadcrumbList\",\"@id\":\"https:\/\/eurobil.it\/novita\/#breadcrumb\",\"itemListElement\":[{\"@type\":\"ListItem\",\"position\":1,\"name\":\"Startseite\",\"item\":\"https:\/\/eurobil.it\/de\/\"},{\"@type\":\"ListItem\",\"position\":2,\"name\":\"Demn\u00e4chst\"}]},{\"@type\":\"WebSite\",\"@id\":\"https:\/\/eurobil.it\/#website\",\"url\":\"https:\/\/eurobil.it\/\",\"name\":\"EUROBIL\",\"description\":\"Bilance di precisione da laboratorio\",\"potentialAction\":[{\"@type\":\"SearchAction\",\"target\":{\"@type\":\"EntryPoint\",\"urlTemplate\":\"https:\/\/eurobil.it\/?s={search_term_string}\"},\"query-input\":{\"@type\":\"PropertyValueSpecification\",\"valueRequired\":true,\"valueName\":\"search_term_string\"}}],\"inLanguage\":\"de\"}]}<\/script>\n<!-- \/ Yoast SEO plugin. -->","yoast_head_json":{"title":"Linie - Neue Skalen -","description":"Linea, die neue Einzelhandelswaage der Eurobil-Gruppe. Ein innovatives Produkt mit einem modernen und attraktiven Design. Entdecken Sie die Neuheit!","robots":{"index":"index","follow":"follow","max-snippet":"max-snippet:-1","max-image-preview":"max-image-preview:large","max-video-preview":"max-video-preview:-1"},"canonical":"https:\/\/eurobil.it\/novita\/","og_locale":"de_DE","og_type":"article","og_title":"Linie - Neue Skalen -","og_description":"Linea, die neue Einzelhandelswaage der Eurobil-Gruppe. Ein innovatives Produkt mit einem modernen und attraktiven Design. Entdecken Sie die Neuheit!","og_url":"https:\/\/eurobil.it\/novita\/","og_site_name":"EUROBIL","article_publisher":"https:\/\/www.facebook.com\/profile.php?id=100090025125705","article_modified_time":"2024-02-22T09:48:20+00:00","og_image":[{"width":1000,"height":1000,"url":"https:\/\/eurobil.it\/wp-content\/uploads\/2023\/10\/33_Sun_Eco_1.webp","type":"image\/webp"}],"twitter_card":"summary_large_image","twitter_misc":{"Gesch\u00e4tzte Lesezeit":"3\u00a0Minuten"},"schema":{"@context":"https:\/\/schema.org","@graph":[{"@type":"WebPage","@id":"https:\/\/eurobil.it\/novita\/","url":"https:\/\/eurobil.it\/novita\/","name":"Linie - Neue Skalen -","isPartOf":{"@id":"https:\/\/eurobil.it\/#website"},"datePublished":"2023-09-18T10:05:24+00:00","dateModified":"2024-02-22T09:48:20+00:00","description":"Linea, die neue Einzelhandelswaage der Eurobil-Gruppe. Ein innovatives Produkt mit einem modernen und attraktiven Design. Entdecken Sie die Neuheit!","breadcrumb":{"@id":"https:\/\/eurobil.it\/novita\/#breadcrumb"},"inLanguage":"de","potentialAction":[{"@type":"ReadAction","target":["https:\/\/eurobil.it\/novita\/"]}]},{"@type":"BreadcrumbList","@id":"https:\/\/eurobil.it\/novita\/#breadcrumb","itemListElement":[{"@type":"ListItem","position":1,"name":"Startseite","item":"https:\/\/eurobil.it\/de\/"},{"@type":"ListItem","position":2,"name":"Demn\u00e4chst"}]},{"@type":"WebSite","@id":"https:\/\/eurobil.it\/#website","url":"https:\/\/eurobil.it\/","name":"EUROBIL","description":"Bilance di precisione da laboratorio","potentialAction":[{"@type":"SearchAction","target":{"@type":"EntryPoint","urlTemplate":"https:\/\/eurobil.it\/?s={search_term_string}"},"query-input":{"@type":"PropertyValueSpecification","valueRequired":true,"valueName":"search_term_string"}}],"inLanguage":"de"}]}},"_links":{"self":[{"href":"https:\/\/eurobil.it\/de\/wp-json\/wp\/v2\/pages\/283704","targetHints":{"allow":["GET"]}}],"collection":[{"href":"https:\/\/eurobil.it\/de\/wp-json\/wp\/v2\/pages"}],"about":[{"href":"https:\/\/eurobil.it\/de\/wp-json\/wp\/v2\/types\/page"}],"author":[{"embeddable":true,"href":"https:\/\/eurobil.it\/de\/wp-json\/wp\/v2\/users\/1"}],"replies":[{"embeddable":true,"href":"https:\/\/eurobil.it\/de\/wp-json\/wp\/v2\/comments?post=283704"}],"version-history":[{"count":13,"href":"https:\/\/eurobil.it\/de\/wp-json\/wp\/v2\/pages\/283704\/revisions"}],"predecessor-version":[{"id":284297,"href":"https:\/\/eurobil.it\/de\/wp-json\/wp\/v2\/pages\/283704\/revisions\/284297"}],"wp:attachment":[{"href":"https:\/\/eurobil.it\/de\/wp-json\/wp\/v2\/media?parent=283704"}],"curies":[{"name":"wp","href":"https:\/\/api.w.org\/{rel}","templated":true}]}}