{"id":283688,"date":"2023-04-13T13:14:23","date_gmt":"2023-04-13T13:14:23","guid":{"rendered":"https:\/\/eurobil.it\/zertifizierungen\/"},"modified":"2024-10-21T10:03:29","modified_gmt":"2024-10-21T10:03:29","slug":"zertifizierungen","status":"publish","type":"page","link":"https:\/\/eurobil.it\/de\/zertifizierungen\/","title":{"rendered":"Zertifizierungen"},"content":{"rendered":"<p>[et_pb_section fb_built=&#8220;1&#8243; _builder_version=&#8220;4.22.2&#8243; _module_preset=&#8220;default&#8220; background_color=&#8220;#0D6C41&#8243; use_background_color_gradient=&#8220;on&#8220; background_color_gradient_stops=&#8220;#14412c 0%|#0d6c41 50%|#14412c 99%&#8220; custom_margin=&#8220;-20px||||false|false&#8220; custom_padding=&#8220;20px||0px||false|false&#8220; locked=&#8220;off&#8220; global_colors_info=&#8220;{}&#8220;][et_pb_row _builder_version=&#8220;4.20.4&#8243; _module_preset=&#8220;default&#8220; global_colors_info=&#8220;{}&#8220;][et_pb_column type=&#8220;4_4&#8243; _builder_version=&#8220;4.20.4&#8243; _module_preset=&#8220;default&#8220; global_colors_info=&#8220;{}&#8220;][et_pb_text _builder_version=&#8220;4.22.2&#8243; _module_preset=&#8220;default&#8220; header_font=&#8220;Montserrat|700||on|||||&#8220; header_text_align=&#8220;left&#8220; header_text_color=&#8220;#FFFFFF&#8220; header_font_size=&#8220;42px&#8220; header_font_size_tablet=&#8220;42px&#8220; header_font_size_phone=&#8220;35px&#8220; header_font_size_last_edited=&#8220;on|phone&#8220; global_colors_info=&#8220;{}&#8220;]<\/p>\n<h1>Zertifizierungen<\/h1>\n<p>[\/et_pb_text][\/et_pb_column][\/et_pb_row][\/et_pb_section][et_pb_section fb_built=&#8220;1&#8243; _builder_version=&#8220;4.22.1&#8243; _module_preset=&#8220;default&#8220; custom_padding=&#8220;0px||||false|false&#8220; global_colors_info=&#8220;{}&#8220;][et_pb_row column_structure=&#8220;1_2,1_2&#8243; make_equal=&#8220;on&#8220; _builder_version=&#8220;4.21.0&#8243; _module_preset=&#8220;default&#8220; width=&#8220;90%&#8220; global_colors_info=&#8220;{}&#8220;][et_pb_column type=&#8220;1_2&#8243; _builder_version=&#8220;4.20.4&#8243; _module_preset=&#8220;default&#8220; global_colors_info=&#8220;{}&#8220;][et_pb_text _builder_version=&#8220;4.21.2&#8243; _module_preset=&#8220;default&#8220; header_font=&#8220;Montserrat|600|||||||&#8220; header_text_color=&#8220;#0D6C41&#8243; header_font_size=&#8220;36px&#8220; global_colors_info=&#8220;{}&#8220;]<\/p>\n<h1>E.M.L. Inspektionsstelle der \u00f6rtlichen Einheit von Eurobil S.r.l.<\/h1>\n<p>[\/et_pb_text][et_pb_text _builder_version=&#8220;4.20.4&#8243; _module_preset=&#8220;default&#8220; text_font=&#8220;Montserrat|700|||||||&#8220; text_font_size=&#8220;18px&#8220; global_colors_info=&#8220;{}&#8220;]<\/p>\n<p>ISP NO. 235E<\/p>\n<p><em>UNIONCAMERE-KENNUNG NR. 312<\/em><\/p>\n<p>[\/et_pb_text][et_pb_image src=&#8220;https:\/\/eurobil.it\/wp-content\/uploads\/2023\/04\/logo-accredia.jpg&#8220; alt=&#8220;logo-accredia&#8220; title_text=&#8220;logo-accredia&#8220; _builder_version=&#8220;4.22.2&#8243; _module_preset=&#8220;default&#8220; width=&#8220;40%&#8220; global_colors_info=&#8220;{}&#8220;][\/et_pb_image][\/et_pb_column][et_pb_column type=&#8220;1_2&#8243; _builder_version=&#8220;4.20.4&#8243; _module_preset=&#8220;default&#8220; global_colors_info=&#8220;{}&#8220;][et_pb_text _builder_version=&#8220;4.22.2&#8243; _module_preset=&#8220;default&#8220; text_font=&#8220;Montserrat|500|||||||&#8220; global_colors_info=&#8220;{}&#8220;]<\/p>\n<p><strong>E.M.L.<\/strong><span> <\/span>ist Teil der Firma Eurobil S.r.l. und wurde 2006 aus dem Wunsch heraus gegr\u00fcndet, sein Gesch\u00e4ft zu erweitern und seinen Kunden einen kompletten Service zu bieten. E.M.L. (&#8218;Eurobil Laboratorio Metrologico&#8216;) f\u00fchrt regelm\u00e4\u00dfige \u00dcberpr\u00fcfungen von nichtselbstt\u00e4tigen Wiegesystemen<strong>&#8218;NAWI<\/strong>&#8218; der Klassen I,II,III,IIII durch<br \/>E.M.L. kann eine perioperative \u00dcberpr\u00fcfung durchf\u00fchren von<\/p>\n<ul>\n<li><strong>nichtselbstt\u00e4tige Waagen &#8211; NAWI &#8211; Klasse I mit einer H\u00f6chstlast bis zu 1 kg<\/strong><\/li>\n<li><strong>Nichtselbstt\u00e4tige Waagen &#8211; NAWI &#8211; Klasse II mit einer H\u00f6chstlast von bis zu 6 kg<\/strong><\/li>\n<li><strong>Nichtselbstt\u00e4tige Waagen &#8211; NAWI &#8211; Klasse III und IIII mit einer H\u00f6chstlast von bis zu 80.000 kg<\/strong><\/li>\n<\/ul>\n<p>in \u00dcbereinstimmung mit dem Ministerialdekret 93\/2017 und der Akkreditierungsnorm als Inspektionsstelle UNI CEI EN ISO IEC 17020<\/p>\n<p>[\/et_pb_text][\/et_pb_column][\/et_pb_row][et_pb_row _builder_version=&#8220;4.22.1&#8243; _module_preset=&#8220;default&#8220; positioning=&#8220;fixed&#8220; position_origin_f=&#8220;center_right&#8220; z_index=&#8220;1000&#8243; position_origin_a_tablet=&#8220;&#8220; position_origin_a_phone=&#8220;&#8220; position_origin_a_last_edited=&#8220;on|tablet&#8220; position_origin_f_tablet=&#8220;bottom_right&#8220; position_origin_f_phone=&#8220;bottom_right&#8220; position_origin_f_last_edited=&#8220;on|phone&#8220; position_origin_r_tablet=&#8220;&#8220; position_origin_r_phone=&#8220;&#8220; position_origin_r_last_edited=&#8220;on|tablet&#8220; width=&#8220;6%&#8220; width_tablet=&#8220;11%&#8220; width_phone=&#8220;15%&#8220; width_last_edited=&#8220;on|phone&#8220; positioning_tablet=&#8220;fixed&#8220; positioning_phone=&#8220;fixed&#8220; positioning_last_edited=&#8220;on|tablet&#8220; global_colors_info=&#8220;{}&#8220;][et_pb_column type=&#8220;4_4&#8243; _builder_version=&#8220;4.22.1&#8243; _module_preset=&#8220;default&#8220; global_colors_info=&#8220;{}&#8220;][et_pb_blurb title=&#8220;Hilfe&#8220; url=&#8220;https:\/\/eurobil.it\/contatti\/#formcontatti&#8220; use_icon=&#8220;on&#8220; font_icon=&#8220;&#xf590;||fa||900&#8243; icon_color=&#8220;#FFFFFF&#8220; image_icon_width=&#8220;30px&#8220; _builder_version=&#8220;4.22.2&#8243; _module_preset=&#8220;default&#8220; header_font=&#8220;Montserrat|700|||||||&#8220; header_text_align=&#8220;center&#8220; header_text_color=&#8220;#FFFFFF&#8220; header_font_size=&#8220;14px&#8220; background_color=&#8220;#47C68D&#8220; image_icon_custom_margin=&#8220;0px||0px||true|false&#8220; image_icon_custom_padding=&#8220;0px||0px||true|false&#8220; custom_margin=&#8220;0px||0px||true|false&#8220; custom_padding=&#8220;3px|3px|3px|3px|true|true&#8220; custom_padding_tablet=&#8220;3px|3px|3px|3px|true|true&#8220; custom_padding_phone=&#8220;1px|1px|1px|1px|true|true&#8220; custom_padding_last_edited=&#8220;on|phone&#8220; link_option_url=&#8220;https:\/\/eurobil.it\/contatti\/#formcontatti&#8220; header_font_size_tablet=&#8220;14px&#8220; header_font_size_phone=&#8220;8px&#8220; header_font_size_last_edited=&#8220;on|phone&#8220; custom_css_blurb_image=&#8220;margin:10px;&#8220; global_colors_info=&#8220;{}&#8220;][\/et_pb_blurb][\/et_pb_column][\/et_pb_row][et_pb_row column_structure=&#8220;1_4,1_4,1_4,1_4&#8243; make_equal=&#8220;on&#8220; _builder_version=&#8220;4.22.1&#8243; _module_preset=&#8220;default&#8220; border_color_bottom=&#8220;#0D6C41&#8243; locked=&#8220;off&#8220; global_colors_info=&#8220;{}&#8220;][et_pb_column type=&#8220;1_4&#8243; module_class=&#8220;de-inline-icon&#8220; _builder_version=&#8220;4.22.1&#8243; _module_preset=&#8220;default&#8220; global_colors_info=&#8220;{}&#8220;][et_pb_image src=&#8220;https:\/\/eurobil.it\/wp-content\/uploads\/2023\/10\/verificazione.png&#8220; alt=&#8220;Formular f\u00fcr die Anforderung einer regelm\u00e4\u00dfigen \u00dcberpr\u00fcfung&#8220; title_text=&#8220;Formular f\u00fcr die Anforderung einer regelm\u00e4\u00dfigen \u00dcberpr\u00fcfung&#8220; _builder_version=&#8220;4.22.2&#8243; _module_preset=&#8220;default&#8220; width=&#8220;40%&#8220; max_width=&#8220;40%&#8220; module_alignment=&#8220;center&#8220; global_colors_info=&#8220;{}&#8220;][\/et_pb_image][et_pb_text disabled_on=&#8220;off|off|off&#8220; _builder_version=&#8220;4.24.2&#8243; _module_preset=&#8220;default&#8220; text_font=&#8220;Montserrat|600|||||||&#8220; text_font_size=&#8220;16px&#8220; text_line_height=&#8220;1.1em&#8220; link_text_color=&#8220;#666666&#8243; background_enable_color=&#8220;off&#8220; text_orientation=&#8220;center&#8220; locked=&#8220;off&#8220; global_colors_info=&#8220;{}&#8220; link_text_color__hover_enabled=&#8220;on|hover&#8220; link_text_color__hover=&#8220;#47C68D&#8220;]<\/p>\n<p>Antragsformular<br \/>periodische \u00dcberpr\u00fcfung<\/p>\n<p><a href=\"\/wp-content\/uploads\/2024\/09\/MDO-01.1_ModuloRichiesta_Rev.18.pdf\" target=\"_blank\" rel=\"noopener\"><span><b>Herunterladen<\/b><\/span><\/a><\/p>\n<p>[\/et_pb_text][et_pb_code disabled_on=&#8220;on|on|on&#8220; _builder_version=&#8220;4.22.2&#8243; _module_preset=&#8220;default&#8220; disabled=&#8220;on&#8220; locked=&#8220;off&#8220; global_colors_info=&#8220;{}&#8220;]<\/p>\n<style><!-- [et_pb_line_break_holder] -->.de-inline-icon .et_pb_icon  {<!-- [et_pb_line_break_holder] -->  display: inline-block;<!-- [et_pb_line_break_holder] -->}<!-- [et_pb_line_break_holder] -->.de-inline-icon {<!-- [et_pb_line_break_holder] -->  text-align: center !important;<!-- [et_pb_line_break_holder] -->}<!-- [et_pb_line_break_holder] --><\/style>\n<p>[\/et_pb_code][\/et_pb_column][et_pb_column type=&#8220;1_4&#8243; module_class=&#8220;de-inline-icon&#8220; _builder_version=&#8220;4.22.1&#8243; _module_preset=&#8220;default&#8220; global_colors_info=&#8220;{}&#8220;][et_pb_image src=&#8220;https:\/\/eurobil.it\/wp-content\/uploads\/2023\/10\/ricorso.png&#8220; alt=&#8220;Beschwerde- oder Rechtsmittelformular&#8220; title_text=&#8220;Beschwerde- oder Rechtsmittelformular&#8220; align=&#8220;center&#8220; _builder_version=&#8220;4.22.2&#8243; _module_preset=&#8220;default&#8220; width=&#8220;40%&#8220; max_width=&#8220;40%&#8220; module_alignment=&#8220;center&#8220; global_colors_info=&#8220;{}&#8220;][\/et_pb_image][et_pb_text disabled_on=&#8220;off|off|off&#8220; _builder_version=&#8220;4.24.2&#8243; _module_preset=&#8220;default&#8220; text_font=&#8220;Montserrat|600|||||||&#8220; text_font_size=&#8220;16px&#8220; text_line_height=&#8220;1.1em&#8220; link_text_color=&#8220;#666666&#8243; background_enable_color=&#8220;off&#8220; text_orientation=&#8220;center&#8220; locked=&#8220;off&#8220; global_colors_info=&#8220;{}&#8220; link_text_color__hover_enabled=&#8220;on|hover&#8220; link_text_color__hover=&#8220;#47C68D&#8220;]<\/p>\n<p>Beschwerdeformular<br \/>oder Berufung<\/p>\n<p><a href=\"\/wp-content\/uploads\/2024\/09\/MD-05-Modulo-Gestione-Reclami-e-Ricorsi_Rev.2.pdf\" target=\"_blank\" rel=\"noopener\"><span><b>Herunterladen<\/b><\/span><\/a><\/p>\n<p>[\/et_pb_text][\/et_pb_column][et_pb_column type=&#8220;1_4&#8243; module_class=&#8220;de-inline-icon&#8220; _builder_version=&#8220;4.22.1&#8243; _module_preset=&#8220;default&#8220; global_colors_info=&#8220;{}&#8220;][et_pb_image src=&#8220;https:\/\/eurobil.it\/wp-content\/uploads\/2023\/10\/odi.png&#8220; alt=&#8220;Regelung des Odi&#8220; title_text=&#8220;Regelung des Odi&#8220; _builder_version=&#8220;4.22.2&#8243; _module_preset=&#8220;default&#8220; width=&#8220;25%&#8220; module_alignment=&#8220;center&#8220; global_colors_info=&#8220;{}&#8220;][\/et_pb_image][et_pb_text disabled_on=&#8220;off|off|off&#8220; _builder_version=&#8220;4.24.2&#8243; _module_preset=&#8220;default&#8220; text_font=&#8220;Montserrat|600|||||||&#8220; text_font_size=&#8220;16px&#8220; text_line_height=&#8220;1.1em&#8220; link_text_color=&#8220;#666666&#8243; background_enable_color=&#8220;off&#8220; text_orientation=&#8220;center&#8220; locked=&#8220;off&#8220; global_colors_info=&#8220;{}&#8220; link_text_color__hover_enabled=&#8220;on|hover&#8220; link_text_color__hover=&#8220;#47C68D&#8220;]<\/p>\n<p>Verordnung<br \/>des Odi<\/p>\n<p><a href=\"\/wp-content\/uploads\/2024\/09\/Regolamento-dellOdI-Rev.11.pdf\" target=\"_blank\" rel=\"noopener\"><span><b>Herunterladen<\/b><\/span><\/a><\/p>\n<p>[\/et_pb_text][\/et_pb_column][et_pb_column type=&#8220;1_4&#8243; module_class=&#8220;de-inline-icon&#8220; _builder_version=&#8220;4.22.1&#8243; _module_preset=&#8220;default&#8220; global_colors_info=&#8220;{}&#8220;][et_pb_image src=&#8220;https:\/\/eurobil.it\/wp-content\/uploads\/2023\/10\/etico.png&#8220; alt=&#8220;Ehrenkodex&#8220; title_text=&#8220;Ehrenkodex&#8220; _builder_version=&#8220;4.22.2&#8243; _module_preset=&#8220;default&#8220; width=&#8220;40%&#8220; max_width=&#8220;40%&#8220; module_alignment=&#8220;center&#8220; global_colors_info=&#8220;{}&#8220;][\/et_pb_image][et_pb_text disabled_on=&#8220;off|off|off&#8220; _builder_version=&#8220;4.24.2&#8243; _module_preset=&#8220;default&#8220; text_font=&#8220;Montserrat|600|||||||&#8220; text_font_size=&#8220;16px&#8220; text_line_height=&#8220;1.1em&#8220; link_text_color=&#8220;#666666&#8243; background_enable_color=&#8220;off&#8220; text_orientation=&#8220;center&#8220; locked=&#8220;off&#8220; global_colors_info=&#8220;{}&#8220; link_text_color__hover_enabled=&#8220;on|hover&#8220; link_text_color__hover=&#8220;#47C68D&#8220;]<\/p>\n<p>Code<br \/>ethisch<\/p>\n<p><a href=\"\/wp-content\/uploads\/2024\/09\/Codice-Etico-EML_Rev.7.pdf\" target=\"_blank\" rel=\"noopener\"><span><b>Herunterladen<\/b><\/span><\/a><\/p>\n<p>[\/et_pb_text][\/et_pb_column][\/et_pb_row][et_pb_row column_structure=&#8220;1_4,1_4,1_4,1_4&#8243; make_equal=&#8220;on&#8220; _builder_version=&#8220;4.22.1&#8243; _module_preset=&#8220;default&#8220; border_color_bottom=&#8220;#0D6C41&#8243; locked=&#8220;off&#8220; global_colors_info=&#8220;{}&#8220;][et_pb_column type=&#8220;1_4&#8243; module_class=&#8220;de-inline-icon&#8220; _builder_version=&#8220;4.22.1&#8243; _module_preset=&#8220;default&#8220; global_colors_info=&#8220;{}&#8220;][et_pb_image src=&#8220;https:\/\/eurobil.it\/wp-content\/uploads\/2023\/10\/verificazione.png&#8220; alt=&#8220;Formular f\u00fcr die Anforderung einer regelm\u00e4\u00dfigen \u00dcberpr\u00fcfung&#8220; title_text=&#8220;Formular f\u00fcr die Anforderung einer regelm\u00e4\u00dfigen \u00dcberpr\u00fcfung&#8220; _builder_version=&#8220;4.22.2&#8243; _module_preset=&#8220;default&#8220; width=&#8220;40%&#8220; max_width=&#8220;40%&#8220; module_alignment=&#8220;center&#8220; global_colors_info=&#8220;{}&#8220;][\/et_pb_image][et_pb_text disabled_on=&#8220;off|off|off&#8220; _builder_version=&#8220;4.24.2&#8243; _module_preset=&#8220;default&#8220; text_font=&#8220;Montserrat|600|||||||&#8220; text_font_size=&#8220;16px&#8220; text_line_height=&#8220;1.1em&#8220; link_text_color=&#8220;#666666&#8243; background_enable_color=&#8220;off&#8220; text_orientation=&#8220;center&#8220; hover_enabled=&#8220;0&#8243; locked=&#8220;off&#8220; global_colors_info=&#8220;{}&#8220; link_text_color__hover_enabled=&#8220;on|hover&#8220; link_text_color__hover=&#8220;#47C68D&#8220; sticky_enabled=&#8220;0&#8243;]Richtlinienformular<br \/>\nder Unparteilichkeit<\/p>\n<p><a href=\"https:\/\/eurobil.it\/wp-content\/uploads\/2024\/10\/Politica-imparzialita-EML_Rev.0.pdf\" target=\"_blank\" rel=\"noopener\"><span><b>Herunterladen<\/b><\/span><\/a>[\/et_pb_text][et_pb_code disabled_on=&#8220;on|on|on&#8220; _builder_version=&#8220;4.22.2&#8243; _module_preset=&#8220;default&#8220; disabled=&#8220;on&#8220; locked=&#8220;off&#8220; global_colors_info=&#8220;{}&#8220;]<\/p>\n<style><!-- [et_pb_line_break_holder] -->.de-inline-icon .et_pb_icon  {<!-- [et_pb_line_break_holder] -->  display: inline-block;<!-- [et_pb_line_break_holder] -->}<!-- [et_pb_line_break_holder] -->.de-inline-icon {<!-- [et_pb_line_break_holder] -->  text-align: center !important;<!-- [et_pb_line_break_holder] -->}<!-- [et_pb_line_break_holder] --><\/style>\n<p>[\/et_pb_code][\/et_pb_column][et_pb_column type=&#8220;1_4&#8243; module_class=&#8220;de-inline-icon&#8220; _builder_version=&#8220;4.22.1&#8243; _module_preset=&#8220;default&#8220; global_colors_info=&#8220;{}&#8220;][\/et_pb_column][et_pb_column type=&#8220;1_4&#8243; module_class=&#8220;de-inline-icon&#8220; _builder_version=&#8220;4.22.1&#8243; _module_preset=&#8220;default&#8220; global_colors_info=&#8220;{}&#8220;][\/et_pb_column][et_pb_column type=&#8220;1_4&#8243; module_class=&#8220;de-inline-icon&#8220; _builder_version=&#8220;4.22.1&#8243; _module_preset=&#8220;default&#8220; global_colors_info=&#8220;{}&#8220;][\/et_pb_column][\/et_pb_row][\/et_pb_section]<\/p>\n","protected":false},"excerpt":{"rendered":"<p>ZertifizierungenE.M.L. Inspektionsstelle der \u00f6rtlichen Einheit von Eurobil S.r.l.ISP NO. 235E UNIONCAMERE-KENNUNG NR. 312E.M.L. ist Teil der Firma Eurobil S.r.l. und wurde 2006 aus dem Wunsch heraus gegr\u00fcndet, sein Gesch\u00e4ft zu erweitern und seinen Kunden einen kompletten Service zu bieten. E.M.L. (&#8218;Eurobil Laboratorio Metrologico&#8216;) f\u00fchrt regelm\u00e4\u00dfige \u00dcberpr\u00fcfungen von nichtselbstt\u00e4tigen Wiegesystemen&#8217;NAWI&#8216; der Klassen I,II,III,IIII durchE.M.L. kann eine [&hellip;]<\/p>\n","protected":false},"author":1,"featured_media":0,"parent":0,"menu_order":0,"comment_status":"closed","ping_status":"closed","template":"","meta":{"_et_pb_use_builder":"on","_et_pb_old_content":"","_et_gb_content_width":"","footnotes":""},"class_list":["post-283688","page","type-page","status-publish","hentry"],"yoast_head":"<!-- This site is optimized with the Yoast SEO plugin v26.0 - https:\/\/yoast.com\/wordpress\/plugins\/seo\/ -->\n<title>EUROBIL<\/title>\n<meta name=\"description\" content=\"Entdecken Sie die Zertifizierungen, die unsere Spitzenleistungen in der Branche belegen. Entscheiden Sie sich f\u00fcr Eurobil, wenn Sie hochwertige Dienstleistungen und Fachwissen ben\u00f6tigen.\" \/>\n<meta name=\"robots\" content=\"index, follow, max-snippet:-1, max-image-preview:large, max-video-preview:-1\" \/>\n<link rel=\"canonical\" href=\"https:\/\/eurobil.it\/de\/zertifizierungen\/\" \/>\n<meta property=\"og:locale\" content=\"de_DE\" \/>\n<meta property=\"og:type\" content=\"article\" \/>\n<meta property=\"og:description\" content=\"Entdecken Sie die Zertifizierungen, die unsere Spitzenleistungen in der Branche belegen. Entscheiden Sie sich f\u00fcr Eurobil, wenn Sie hochwertige Dienstleistungen und Fachwissen ben\u00f6tigen.\" \/>\n<meta property=\"og:url\" content=\"https:\/\/eurobil.it\/de\/zertifizierungen\/\" \/>\n<meta property=\"og:site_name\" content=\"EUROBIL\" \/>\n<meta property=\"article:publisher\" content=\"https:\/\/www.facebook.com\/profile.php?id=100090025125705\" \/>\n<meta property=\"article:modified_time\" content=\"2024-10-21T10:03:29+00:00\" \/>\n<meta property=\"og:image\" content=\"https:\/\/eurobil.it\/wp-content\/uploads\/2023\/10\/33_Sun_Eco_1.webp\" \/>\n\t<meta property=\"og:image:width\" content=\"1000\" \/>\n\t<meta property=\"og:image:height\" content=\"1000\" \/>\n\t<meta property=\"og:image:type\" content=\"image\/webp\" \/>\n<meta name=\"twitter:card\" content=\"summary_large_image\" \/>\n<meta name=\"twitter:label1\" content=\"Gesch\u00e4tzte Lesezeit\" \/>\n\t<meta name=\"twitter:data1\" content=\"2\u00a0Minuten\" \/>\n<script type=\"application\/ld+json\" class=\"yoast-schema-graph\">{\"@context\":\"https:\/\/schema.org\",\"@graph\":[{\"@type\":\"WebPage\",\"@id\":\"https:\/\/eurobil.it\/de\/zertifizierungen\/\",\"url\":\"https:\/\/eurobil.it\/de\/zertifizierungen\/\",\"name\":\"\",\"isPartOf\":{\"@id\":\"https:\/\/eurobil.it\/#website\"},\"datePublished\":\"2023-04-13T13:14:23+00:00\",\"dateModified\":\"2024-10-21T10:03:29+00:00\",\"description\":\"Entdecken Sie die Zertifizierungen, die unsere Spitzenleistungen in der Branche belegen. Entscheiden Sie sich f\u00fcr Eurobil, wenn Sie hochwertige Dienstleistungen und Fachwissen ben\u00f6tigen.\",\"breadcrumb\":{\"@id\":\"https:\/\/eurobil.it\/de\/zertifizierungen\/#breadcrumb\"},\"inLanguage\":\"de\",\"potentialAction\":[{\"@type\":\"ReadAction\",\"target\":[\"https:\/\/eurobil.it\/de\/zertifizierungen\/\"]}]},{\"@type\":\"BreadcrumbList\",\"@id\":\"https:\/\/eurobil.it\/de\/zertifizierungen\/#breadcrumb\",\"itemListElement\":[{\"@type\":\"ListItem\",\"position\":1,\"name\":\"Startseite\",\"item\":\"https:\/\/eurobil.it\/de\/\"},{\"@type\":\"ListItem\",\"position\":2,\"name\":\"Zertifizierungen\"}]},{\"@type\":\"WebSite\",\"@id\":\"https:\/\/eurobil.it\/#website\",\"url\":\"https:\/\/eurobil.it\/\",\"name\":\"EUROBIL\",\"description\":\"Bilance di precisione da laboratorio\",\"potentialAction\":[{\"@type\":\"SearchAction\",\"target\":{\"@type\":\"EntryPoint\",\"urlTemplate\":\"https:\/\/eurobil.it\/?s={search_term_string}\"},\"query-input\":{\"@type\":\"PropertyValueSpecification\",\"valueRequired\":true,\"valueName\":\"search_term_string\"}}],\"inLanguage\":\"de\"}]}<\/script>\n<!-- \/ Yoast SEO plugin. -->","yoast_head_json":{"title":"EUROBIL","description":"Entdecken Sie die Zertifizierungen, die unsere Spitzenleistungen in der Branche belegen. Entscheiden Sie sich f\u00fcr Eurobil, wenn Sie hochwertige Dienstleistungen und Fachwissen ben\u00f6tigen.","robots":{"index":"index","follow":"follow","max-snippet":"max-snippet:-1","max-image-preview":"max-image-preview:large","max-video-preview":"max-video-preview:-1"},"canonical":"https:\/\/eurobil.it\/de\/zertifizierungen\/","og_locale":"de_DE","og_type":"article","og_description":"Entdecken Sie die Zertifizierungen, die unsere Spitzenleistungen in der Branche belegen. Entscheiden Sie sich f\u00fcr Eurobil, wenn Sie hochwertige Dienstleistungen und Fachwissen ben\u00f6tigen.","og_url":"https:\/\/eurobil.it\/de\/zertifizierungen\/","og_site_name":"EUROBIL","article_publisher":"https:\/\/www.facebook.com\/profile.php?id=100090025125705","article_modified_time":"2024-10-21T10:03:29+00:00","og_image":[{"width":1000,"height":1000,"url":"https:\/\/eurobil.it\/wp-content\/uploads\/2023\/10\/33_Sun_Eco_1.webp","type":"image\/webp"}],"twitter_card":"summary_large_image","twitter_misc":{"Gesch\u00e4tzte Lesezeit":"2\u00a0Minuten"},"schema":{"@context":"https:\/\/schema.org","@graph":[{"@type":"WebPage","@id":"https:\/\/eurobil.it\/de\/zertifizierungen\/","url":"https:\/\/eurobil.it\/de\/zertifizierungen\/","name":"","isPartOf":{"@id":"https:\/\/eurobil.it\/#website"},"datePublished":"2023-04-13T13:14:23+00:00","dateModified":"2024-10-21T10:03:29+00:00","description":"Entdecken Sie die Zertifizierungen, die unsere Spitzenleistungen in der Branche belegen. Entscheiden Sie sich f\u00fcr Eurobil, wenn Sie hochwertige Dienstleistungen und Fachwissen ben\u00f6tigen.","breadcrumb":{"@id":"https:\/\/eurobil.it\/de\/zertifizierungen\/#breadcrumb"},"inLanguage":"de","potentialAction":[{"@type":"ReadAction","target":["https:\/\/eurobil.it\/de\/zertifizierungen\/"]}]},{"@type":"BreadcrumbList","@id":"https:\/\/eurobil.it\/de\/zertifizierungen\/#breadcrumb","itemListElement":[{"@type":"ListItem","position":1,"name":"Startseite","item":"https:\/\/eurobil.it\/de\/"},{"@type":"ListItem","position":2,"name":"Zertifizierungen"}]},{"@type":"WebSite","@id":"https:\/\/eurobil.it\/#website","url":"https:\/\/eurobil.it\/","name":"EUROBIL","description":"Bilance di precisione da laboratorio","potentialAction":[{"@type":"SearchAction","target":{"@type":"EntryPoint","urlTemplate":"https:\/\/eurobil.it\/?s={search_term_string}"},"query-input":{"@type":"PropertyValueSpecification","valueRequired":true,"valueName":"search_term_string"}}],"inLanguage":"de"}]}},"_links":{"self":[{"href":"https:\/\/eurobil.it\/de\/wp-json\/wp\/v2\/pages\/283688","targetHints":{"allow":["GET"]}}],"collection":[{"href":"https:\/\/eurobil.it\/de\/wp-json\/wp\/v2\/pages"}],"about":[{"href":"https:\/\/eurobil.it\/de\/wp-json\/wp\/v2\/types\/page"}],"author":[{"embeddable":true,"href":"https:\/\/eurobil.it\/de\/wp-json\/wp\/v2\/users\/1"}],"replies":[{"embeddable":true,"href":"https:\/\/eurobil.it\/de\/wp-json\/wp\/v2\/comments?post=283688"}],"version-history":[{"count":7,"href":"https:\/\/eurobil.it\/de\/wp-json\/wp\/v2\/pages\/283688\/revisions"}],"predecessor-version":[{"id":297167,"href":"https:\/\/eurobil.it\/de\/wp-json\/wp\/v2\/pages\/283688\/revisions\/297167"}],"wp:attachment":[{"href":"https:\/\/eurobil.it\/de\/wp-json\/wp\/v2\/media?parent=283688"}],"curies":[{"name":"wp","href":"https:\/\/api.w.org\/{rel}","templated":true}]}}