{"id":283665,"date":"2023-09-12T07:32:30","date_gmt":"2023-09-12T07:32:30","guid":{"rendered":"https:\/\/eurobil.it\/herunterladen\/"},"modified":"2025-12-04T12:22:51","modified_gmt":"2025-12-04T12:22:51","slug":"herunterladen","status":"publish","type":"page","link":"https:\/\/eurobil.it\/de\/herunterladen\/","title":{"rendered":"Herunterladen"},"content":{"rendered":"<p>[et_pb_section fb_built=&#8220;1&#8243; _builder_version=&#8220;4.22.2&#8243; _module_preset=&#8220;default&#8220; background_color=&#8220;#0D6C41&#8243; use_background_color_gradient=&#8220;on&#8220; background_color_gradient_stops=&#8220;#14412c 0%|#0d6c41 50%|#14412c 99%&#8220; custom_margin=&#8220;-20px||||false|false&#8220; custom_padding=&#8220;20px||0px||false|false&#8220; global_colors_info=&#8220;{}&#8220;][et_pb_row _builder_version=&#8220;4.20.4&#8243; _module_preset=&#8220;default&#8220; global_colors_info=&#8220;{}&#8220;][et_pb_column type=&#8220;4_4&#8243; _builder_version=&#8220;4.20.4&#8243; _module_preset=&#8220;default&#8220; global_colors_info=&#8220;{}&#8220;][et_pb_text _builder_version=&#8220;4.22.1&#8243; _module_preset=&#8220;default&#8220; header_font=&#8220;Montserrat|700||on|||||&#8220; header_text_align=&#8220;left&#8220; header_text_color=&#8220;#FFFFFF&#8220; header_font_size=&#8220;42px&#8220; global_colors_info=&#8220;{}&#8220;]<\/p>\n<h1>Herunterladen<\/h1>\n<p>[\/et_pb_text][\/et_pb_column][\/et_pb_row][\/et_pb_section][et_pb_section fb_built=&#8220;1&#8243; _builder_version=&#8220;4.21.2&#8243; _module_preset=&#8220;default&#8220; custom_padding=&#8220;5px||0px||false|false&#8220; global_colors_info=&#8220;{}&#8220;][et_pb_row _builder_version=&#8220;4.22.1&#8243; _module_preset=&#8220;default&#8220; custom_padding=&#8220;||5px||false|false&#8220; global_colors_info=&#8220;{}&#8220;][et_pb_column type=&#8220;4_4&#8243; _builder_version=&#8220;4.21.2&#8243; _module_preset=&#8220;default&#8220; global_colors_info=&#8220;{}&#8220;][et_pb_text _builder_version=&#8220;4.22.2&#8243; _module_preset=&#8220;default&#8220; text_font=&#8220;Poppins|700|||||||&#8220; text_text_color=&#8220;#0D6C41&#8243; text_font_size=&#8220;16px&#8220; header_4_font=&#8220;Montserrat|800|||||||&#8220; header_4_font_size=&#8220;22px&#8220; locked=&#8220;off&#8220; global_colors_info=&#8220;{}&#8220;]<\/p>\n<p>Eurobil Produktkatalog<\/p>\n<p>[\/et_pb_text][et_pb_text _builder_version=&#8220;4.22.2&#8243; _module_preset=&#8220;default&#8220; text_font=&#8220;Poppins||||||||&#8220; text_font_size=&#8220;16px&#8220; locked=&#8220;off&#8220; global_colors_info=&#8220;{}&#8220;]<\/p>\n<p><span>Die Marke Eurobil ist dank ihrer Produkte Made in Italy ein Synonym f\u00fcr Garantie und Zuverl\u00e4ssigkeit. Die produzierten W\u00e4gesysteme sind in 3 Spezialbereiche unterteilt: Einzelhandel, Industrie und Labor. pdf herunterladen.<\/span><\/p>\n<p>[\/et_pb_text][\/et_pb_column][\/et_pb_row][et_pb_row _builder_version=&#8220;4.22.1&#8243; _module_preset=&#8220;default&#8220; positioning=&#8220;fixed&#8220; position_origin_f=&#8220;center_right&#8220; z_index=&#8220;1000&#8243; position_origin_a_tablet=&#8220;&#8220; position_origin_a_phone=&#8220;&#8220; position_origin_a_last_edited=&#8220;on|tablet&#8220; position_origin_f_tablet=&#8220;bottom_right&#8220; position_origin_f_phone=&#8220;bottom_right&#8220; position_origin_f_last_edited=&#8220;on|phone&#8220; position_origin_r_tablet=&#8220;&#8220; position_origin_r_phone=&#8220;&#8220; position_origin_r_last_edited=&#8220;on|tablet&#8220; width=&#8220;6%&#8220; width_tablet=&#8220;11%&#8220; width_phone=&#8220;15%&#8220; width_last_edited=&#8220;on|phone&#8220; positioning_tablet=&#8220;fixed&#8220; positioning_phone=&#8220;fixed&#8220; positioning_last_edited=&#8220;on|tablet&#8220; global_module=&#8220;1374&#8243; global_colors_info=&#8220;{}&#8220;][et_pb_column type=&#8220;4_4&#8243; _builder_version=&#8220;4.22.1&#8243; _module_preset=&#8220;default&#8220; global_colors_info=&#8220;{}&#8220;][et_pb_blurb title=&#8220;Hilfe&#8220; url=&#8220;https:\/\/eurobil.it\/de\/kontakt\/#formcontatti&#8220; use_icon=&#8220;on&#8220; font_icon=&#8220;&#xf590;||fa||900&#8243; icon_color=&#8220;#FFFFFF&#8220; image_icon_width=&#8220;30px&#8220; _builder_version=&#8220;4.22.2&#8243; _module_preset=&#8220;default&#8220; header_font=&#8220;Montserrat|700|||||||&#8220; header_text_align=&#8220;center&#8220; header_text_color=&#8220;#FFFFFF&#8220; header_font_size=&#8220;14px&#8220; background_color=&#8220;#47C68D&#8220; image_icon_custom_margin=&#8220;0px||0px||true|false&#8220; image_icon_custom_padding=&#8220;0px||0px||true|false&#8220; custom_margin=&#8220;0px||0px||true|false&#8220; custom_padding=&#8220;3px|3px|3px|3px|true|true&#8220; custom_padding_tablet=&#8220;3px|3px|3px|3px|true|true&#8220; custom_padding_phone=&#8220;1px|1px|1px|1px|true|true&#8220; custom_padding_last_edited=&#8220;on|phone&#8220; link_option_url=&#8220;https:\/\/eurobil.it\/de\/kontakt\/#formcontatti&#8220; header_font_size_tablet=&#8220;14px&#8220; header_font_size_phone=&#8220;8px&#8220; header_font_size_last_edited=&#8220;on|phone&#8220; custom_css_blurb_image=&#8220;margin:10px;&#8220; global_colors_info=&#8220;{}&#8220;][\/et_pb_blurb][\/et_pb_column][\/et_pb_row][et_pb_row column_structure=&#8220;1_5,1_5,1_5,1_5,1_5&#8243; make_equal=&#8220;on&#8220; _builder_version=&#8220;4.22.2&#8243; _module_preset=&#8220;default&#8220; border_color_bottom=&#8220;#0D6C41&#8243; global_colors_info=&#8220;{}&#8220;][et_pb_column type=&#8220;1_5&#8243; module_class=&#8220;de-inline-icon&#8220; _builder_version=&#8220;4.22.1&#8243; _module_preset=&#8220;default&#8220; global_colors_info=&#8220;{}&#8220;][et_pb_image src=&#8220;https:\/\/eurobil.it\/wp-content\/uploads\/2023\/10\/catalogo-industria.jpg&#8220; title_text=&#8220;katalog-industrie&#8220; show_bottom_space=&#8220;off&#8220; _builder_version=&#8220;4.22.2&#8243; _module_preset=&#8220;default&#8220; custom_margin=&#8220;||10px||false|false&#8220; locked=&#8220;off&#8220; global_colors_info=&#8220;{}&#8220;][\/et_pb_image][et_pb_text _builder_version=&#8220;4.27.4&#8243; _module_preset=&#8220;default&#8220; text_font=&#8220;Poppins|300|||||||&#8220; text_text_color=&#8220;#666666&#8243; text_font_size=&#8220;16px&#8220; text_line_height=&#8220;1.3em&#8220; link_text_color=&#8220;#383838&#8243; background_enable_color=&#8220;off&#8220; text_orientation=&#8220;center&#8220; custom_padding=&#8220;5px|0px|5px|0px|true|true&#8220; hover_enabled=&#8220;0&#8243; border_radii=&#8220;on|10px|10px|10px|10px&#8220; locked=&#8220;off&#8220; global_colors_info=&#8220;{}&#8220; content__hover_enabled=&#8220;off|desktop&#8220; content__hover=&#8220;<\/p>\n<p>Herunterladen<br \/><strong>KATALOG<\/strong><\/p>\n<p>&#8220; link_text_color__hover_enabled=&#8220;on|hover&#8220; link_text_color__hover=&#8220;#47C68D&#8220; sticky_enabled=&#8220;0&#8243;]<\/p>\n<p>Katalog<br \/>INDUSTRIE<\/p>\n<p><strong>Herunterladen<\/strong><\/p>\n<p><a href=\"https:\/\/eurobil.it\/wp-content\/uploads\/2025\/12\/Listino_INDUSTRIA_ITA_2026_senzaprezzi.pdf\" target=\"_blank\" rel=\"noopener\">IT<\/a> | <a href=\"https:\/\/eurobil.it\/wp-content\/uploads\/2025\/12\/Listino_INDUSTRIA_ING_2025_senzaprezzi.pdf\" target=\"_blank\" rel=\"noopener\">EN<\/a><\/p>\n<p>[\/et_pb_text][\/et_pb_column][et_pb_column type=&#8220;1_5&#8243; module_class=&#8220;de-inline-icon&#8220; _builder_version=&#8220;4.22.1&#8243; _module_preset=&#8220;default&#8220; global_colors_info=&#8220;{}&#8220;][et_pb_image src=&#8220;https:\/\/eurobil.it\/wp-content\/uploads\/2023\/10\/retail-catalogo-download.jpg&#8220; alt=&#8220;retail-katalog-download&#8220; title_text=&#8220;retail-katalog-download&#8220; show_bottom_space=&#8220;off&#8220; _builder_version=&#8220;4.22.2&#8243; _module_preset=&#8220;default&#8220; custom_margin=&#8220;||10px||false|false&#8220; locked=&#8220;off&#8220; global_colors_info=&#8220;{}&#8220;][\/et_pb_image][et_pb_text _builder_version=&#8220;4.27.4&#8243; _module_preset=&#8220;default&#8220; text_font=&#8220;Poppins|300|||||||&#8220; text_text_color=&#8220;#666666&#8243; text_font_size=&#8220;16px&#8220; text_line_height=&#8220;1.3em&#8220; link_text_color=&#8220;#383838&#8243; background_enable_color=&#8220;off&#8220; text_orientation=&#8220;center&#8220; custom_padding=&#8220;5px|0px|5px|0px|true|true&#8220; hover_enabled=&#8220;0&#8243; border_radii=&#8220;on|10px|10px|10px|10px&#8220; locked=&#8220;off&#8220; global_colors_info=&#8220;{}&#8220; content__hover_enabled=&#8220;off|desktop&#8220; content__hover=&#8220;<\/p>\n<p>Herunterladen<br \/><strong>KATALOG<\/strong><\/p>\n<p>&#8220; link_text_color__hover_enabled=&#8220;on|hover&#8220; link_text_color__hover=&#8220;#47C68D&#8220; sticky_enabled=&#8220;0&#8243;]<\/p>\n<p>Katalog<br \/>RETAIL<\/p>\n<p><strong>Herunterladen<\/strong><\/p>\n<p><a href=\"https:\/\/eurobil.it\/wp-content\/uploads\/2025\/12\/Listino_RETAIL_ITA_2026_senzaprezzi.pdf\" target=\"_blank\" rel=\"noopener\">IT<\/a> | <a href=\"https:\/\/eurobil.it\/wp-content\/uploads\/2025\/12\/Listino_RETAIL_ING_2026_senzaprezzi.pdf\" target=\"_blank\" rel=\"noopener\">EN<\/a><\/p>\n<p>[\/et_pb_text][\/et_pb_column][et_pb_column type=&#8220;1_5&#8243; module_class=&#8220;de-inline-icon&#8220; _builder_version=&#8220;4.22.1&#8243; _module_preset=&#8220;default&#8220; global_colors_info=&#8220;{}&#8220;][et_pb_image src=&#8220;https:\/\/eurobil.it\/wp-content\/uploads\/2023\/10\/catalogo-laboratorio.jpg&#8220; title_text=&#8220;Katalog-Workshop&#8220; show_bottom_space=&#8220;off&#8220; _builder_version=&#8220;4.22.2&#8243; _module_preset=&#8220;default&#8220; custom_margin=&#8220;||10px||false|false&#8220; locked=&#8220;off&#8220; global_colors_info=&#8220;{}&#8220;][\/et_pb_image][et_pb_text _builder_version=&#8220;4.27.4&#8243; _module_preset=&#8220;default&#8220; text_font=&#8220;Poppins|300|||||||&#8220; text_text_color=&#8220;#666666&#8243; text_font_size=&#8220;16px&#8220; text_line_height=&#8220;1.3em&#8220; link_text_color=&#8220;#383838&#8243; background_enable_color=&#8220;off&#8220; text_orientation=&#8220;center&#8220; custom_padding=&#8220;5px|0px|5px|0px|true|true&#8220; hover_enabled=&#8220;0&#8243; border_radii=&#8220;on|10px|10px|10px|10px&#8220; locked=&#8220;off&#8220; global_colors_info=&#8220;{}&#8220; content__hover_enabled=&#8220;off|desktop&#8220; content__hover=&#8220;<\/p>\n<p>Herunterladen<br \/><strong>KATALOG<\/strong><\/p>\n<p>&#8220; link_text_color__hover_enabled=&#8220;on|hover&#8220; link_text_color__hover=&#8220;#47C68D&#8220; sticky_enabled=&#8220;0&#8243;]<\/p>\n<p>Katalog<br \/>LABOR<\/p>\n<p><strong>Herunterladen<\/strong><\/p>\n<p><a href=\"https:\/\/eurobil.it\/wp-content\/uploads\/2025\/12\/Listino_LABORATORIO_2026.pdf\" target=\"_blank\" rel=\"noopener\">DE<\/a><\/p>\n<p>[\/et_pb_text][\/et_pb_column][et_pb_column type=&#8220;1_5&#8243; module_class=&#8220;de-inline-icon&#8220; _builder_version=&#8220;4.22.1&#8243; _module_preset=&#8220;default&#8220; global_colors_info=&#8220;{}&#8220;][\/et_pb_column][et_pb_column type=&#8220;1_5&#8243; module_class=&#8220;de-inline-icon&#8220; _builder_version=&#8220;4.22.1&#8243; _module_preset=&#8220;default&#8220; global_colors_info=&#8220;{}&#8220;][\/et_pb_column][\/et_pb_row][\/et_pb_section][et_pb_section fb_built=&#8220;1&#8243; disabled_on=&#8220;on|on|on&#8220; _builder_version=&#8220;4.22.2&#8243; _module_preset=&#8220;default&#8220; custom_padding=&#8220;5px||0px||false|false&#8220; disabled=&#8220;on&#8220; global_colors_info=&#8220;{}&#8220;][et_pb_row _builder_version=&#8220;4.22.1&#8243; _module_preset=&#8220;default&#8220; custom_padding=&#8220;||5px||false|false&#8220; global_colors_info=&#8220;{}&#8220;][et_pb_column type=&#8220;4_4&#8243; _builder_version=&#8220;4.21.2&#8243; _module_preset=&#8220;default&#8220; global_colors_info=&#8220;{}&#8220;][et_pb_text _builder_version=&#8220;4.22.2&#8243; _module_preset=&#8220;default&#8220; text_font=&#8220;Poppins|700|||||||&#8220; text_text_color=&#8220;#0D6C41&#8243; text_font_size=&#8220;16px&#8220; header_4_font=&#8220;Montserrat|800|||||||&#8220; header_4_font_size=&#8220;22px&#8220; locked=&#8220;off&#8220; global_colors_info=&#8220;{}&#8220;]<\/p>\n<p>LINE<\/p>\n<p>[\/et_pb_text][et_pb_text _builder_version=&#8220;4.22.2&#8243; _module_preset=&#8220;default&#8220; text_font=&#8220;Poppins||||||||&#8220; text_font_size=&#8220;16px&#8220; locked=&#8220;off&#8220; global_colors_info=&#8220;{}&#8220;]<\/p>\n<p><span>Linea ist die neue Einzelhandelswaage, die von der Eurobil-Gruppe hergestellt wird. Ein innovatives Produkt mit einem modernen und attraktiven Design, das die traditionelle Welt der Waagen erneuert.  <\/span><span>Es ist jetzt einfacher, Produkte zu handhaben, zu wiegen und zu registrieren, w\u00e4hrend die gleiche Genauigkeit und Zuverl\u00e4ssigkeit wie immer erhalten bleibt.<\/span><\/p>\n<p>[\/et_pb_text][\/et_pb_column][\/et_pb_row][et_pb_row column_structure=&#8220;1_5,1_5,1_5,1_5,1_5&#8243; make_equal=&#8220;on&#8220; _builder_version=&#8220;4.22.1&#8243; _module_preset=&#8220;default&#8220; border_color_bottom=&#8220;#0D6C41&#8243; global_colors_info=&#8220;{}&#8220;][et_pb_column type=&#8220;1_5&#8243; module_class=&#8220;de-inline-icon&#8220; _builder_version=&#8220;4.22.1&#8243; _module_preset=&#8220;default&#8220; global_colors_info=&#8220;{}&#8220;][et_pb_image src=&#8220;https:\/\/eurobil.it\/wp-content\/uploads\/2023\/08\/1-08c34723-37a2-448b-91cf-d44f988952dc.png&#8220; title_text=&#8220;1-08c34723-37a2-448b-91cf-d44f988952dc&#8220; show_bottom_space=&#8220;off&#8220; _builder_version=&#8220;4.22.2&#8243; _module_preset=&#8220;default&#8220; custom_margin=&#8220;||10px||false|false&#8220; global_colors_info=&#8220;{}&#8220;][\/et_pb_image][et_pb_text _builder_version=&#8220;4.22.2&#8243; _module_preset=&#8220;default&#8220; text_font=&#8220;Poppins||||||||&#8220; text_text_color=&#8220;#0D6C41&#8243; text_font_size=&#8220;16px&#8220; text_orientation=&#8220;center&#8220; locked=&#8220;off&#8220; global_colors_info=&#8220;{}&#8220;]<\/p>\n<p>Seitenansicht<\/p>\n<p>[\/et_pb_text][\/et_pb_column][et_pb_column type=&#8220;1_5&#8243; module_class=&#8220;de-inline-icon&#8220; _builder_version=&#8220;4.22.1&#8243; _module_preset=&#8220;default&#8220; global_colors_info=&#8220;{}&#8220;][et_pb_image src=&#8220;https:\/\/eurobil.it\/wp-content\/uploads\/2023\/08\/1-08c34723-37a2-448b-91cf-d44f988952dc.png&#8220; title_text=&#8220;1-08c34723-37a2-448b-91cf-d44f988952dc&#8220; show_bottom_space=&#8220;off&#8220; _builder_version=&#8220;4.22.2&#8243; _module_preset=&#8220;default&#8220; custom_margin=&#8220;||10px||false|false&#8220; locked=&#8220;off&#8220; global_colors_info=&#8220;{}&#8220;][\/et_pb_image][et_pb_text _builder_version=&#8220;4.22.2&#8243; _module_preset=&#8220;default&#8220; text_font=&#8220;Poppins||||||||&#8220; text_text_color=&#8220;#0D6C41&#8243; text_font_size=&#8220;16px&#8220; text_orientation=&#8220;center&#8220; locked=&#8220;off&#8220; global_colors_info=&#8220;{}&#8220;]<\/p>\n<p>Monitor<\/p>\n<p>[\/et_pb_text][\/et_pb_column][et_pb_column type=&#8220;1_5&#8243; module_class=&#8220;de-inline-icon&#8220; _builder_version=&#8220;4.22.1&#8243; _module_preset=&#8220;default&#8220; global_colors_info=&#8220;{}&#8220;][et_pb_image src=&#8220;https:\/\/eurobil.it\/wp-content\/uploads\/2023\/08\/1-08c34723-37a2-448b-91cf-d44f988952dc.png&#8220; title_text=&#8220;1-08c34723-37a2-448b-91cf-d44f988952dc&#8220; show_bottom_space=&#8220;off&#8220; _builder_version=&#8220;4.22.2&#8243; _module_preset=&#8220;default&#8220; custom_margin=&#8220;||10px||false|false&#8220; locked=&#8220;off&#8220; global_colors_info=&#8220;{}&#8220;][\/et_pb_image][et_pb_text _builder_version=&#8220;4.22.2&#8243; _module_preset=&#8220;default&#8220; text_font=&#8220;Poppins||||||||&#8220; text_text_color=&#8220;#0D6C41&#8243; text_font_size=&#8220;16px&#8220; text_orientation=&#8220;center&#8220; locked=&#8220;off&#8220; global_colors_info=&#8220;{}&#8220;]<\/p>\n<p>Gericht<\/p>\n<p>[\/et_pb_text][\/et_pb_column][et_pb_column type=&#8220;1_5&#8243; module_class=&#8220;de-inline-icon&#8220; _builder_version=&#8220;4.22.1&#8243; _module_preset=&#8220;default&#8220; global_colors_info=&#8220;{}&#8220;][et_pb_image src=&#8220;https:\/\/eurobil.it\/wp-content\/uploads\/2023\/08\/1-08c34723-37a2-448b-91cf-d44f988952dc.png&#8220; title_text=&#8220;1-08c34723-37a2-448b-91cf-d44f988952dc&#8220; show_bottom_space=&#8220;off&#8220; _builder_version=&#8220;4.22.2&#8243; _module_preset=&#8220;default&#8220; custom_margin=&#8220;||10px||false|false&#8220; locked=&#8220;off&#8220; global_colors_info=&#8220;{}&#8220;][\/et_pb_image][et_pb_text _builder_version=&#8220;4.22.2&#8243; _module_preset=&#8220;default&#8220; text_font=&#8220;Poppins||||||||&#8220; text_text_color=&#8220;#0D6C41&#8243; text_font_size=&#8220;16px&#8220; text_orientation=&#8220;center&#8220; locked=&#8220;off&#8220; global_colors_info=&#8220;{}&#8220;]<\/p>\n<p>Vorderansicht<\/p>\n<p>[\/et_pb_text][\/et_pb_column][et_pb_column type=&#8220;1_5&#8243; module_class=&#8220;de-inline-icon&#8220; _builder_version=&#8220;4.22.1&#8243; _module_preset=&#8220;default&#8220; global_colors_info=&#8220;{}&#8220;][et_pb_image src=&#8220;https:\/\/eurobil.it\/wp-content\/uploads\/2023\/08\/1-08c34723-37a2-448b-91cf-d44f988952dc.png&#8220; title_text=&#8220;1-08c34723-37a2-448b-91cf-d44f988952dc&#8220; show_bottom_space=&#8220;off&#8220; _builder_version=&#8220;4.22.2&#8243; _module_preset=&#8220;default&#8220; custom_margin=&#8220;||10px||false|false&#8220; locked=&#8220;off&#8220; global_colors_info=&#8220;{}&#8220;][\/et_pb_image][et_pb_text _builder_version=&#8220;4.22.2&#8243; _module_preset=&#8220;default&#8220; text_font=&#8220;Poppins||||||||&#8220; text_text_color=&#8220;#0D6C41&#8243; text_font_size=&#8220;16px&#8220; text_orientation=&#8220;center&#8220; locked=&#8220;off&#8220; global_colors_info=&#8220;{}&#8220;]<\/p>\n<p>R\u00fcckansicht<\/p>\n<p>[\/et_pb_text][\/et_pb_column][\/et_pb_row][\/et_pb_section]<\/p>\n","protected":false},"excerpt":{"rendered":"<p>HerunterladenEurobil ProduktkatalogDie Marke Eurobil ist dank ihrer Produkte Made in Italy ein Synonym f\u00fcr Garantie und Zuverl\u00e4ssigkeit. Die produzierten W\u00e4gesysteme sind in 3 Spezialbereiche unterteilt: Einzelhandel, Industrie und Labor. pdf herunterladen.KatalogINDUSTRIE Herunterladen IT | ENKatalogRETAIL Herunterladen IT | ENKatalogLABOR Herunterladen DELINELinea ist die neue Einzelhandelswaage, die von der Eurobil-Gruppe hergestellt wird. Ein innovatives Produkt mit [&hellip;]<\/p>\n","protected":false},"author":1,"featured_media":0,"parent":0,"menu_order":0,"comment_status":"closed","ping_status":"closed","template":"","meta":{"_et_pb_use_builder":"on","_et_pb_old_content":"","_et_gb_content_width":"","footnotes":""},"class_list":["post-283665","page","type-page","status-publish","hentry"],"yoast_head":"<!-- This site is optimized with the Yoast SEO plugin v26.0 - https:\/\/yoast.com\/wordpress\/plugins\/seo\/ -->\n<title>Herunterladen - EUROBIL<\/title>\n<meta name=\"description\" content=\"Laden Sie die Kataloge von Eurobil herunter und entdecken Sie unsere breite Palette an modernen Industriewaagen und W\u00e4gel\u00f6sungen.\" \/>\n<meta name=\"robots\" content=\"index, follow, max-snippet:-1, max-image-preview:large, max-video-preview:-1\" \/>\n<link rel=\"canonical\" href=\"https:\/\/eurobil.it\/de\/herunterladen\/\" \/>\n<meta property=\"og:locale\" content=\"de_DE\" \/>\n<meta property=\"og:type\" content=\"article\" \/>\n<meta property=\"og:title\" content=\"Herunterladen - EUROBIL\" \/>\n<meta property=\"og:description\" content=\"Laden Sie die Kataloge von Eurobil herunter und entdecken Sie unsere breite Palette an modernen Industriewaagen und W\u00e4gel\u00f6sungen.\" \/>\n<meta property=\"og:url\" content=\"https:\/\/eurobil.it\/de\/herunterladen\/\" \/>\n<meta property=\"og:site_name\" content=\"EUROBIL\" \/>\n<meta property=\"article:publisher\" content=\"https:\/\/www.facebook.com\/profile.php?id=100090025125705\" \/>\n<meta property=\"article:modified_time\" content=\"2025-12-04T12:22:51+00:00\" \/>\n<meta property=\"og:image\" content=\"https:\/\/eurobil.it\/wp-content\/uploads\/2023\/10\/33_Sun_Eco_1.webp\" \/>\n\t<meta property=\"og:image:width\" content=\"1000\" \/>\n\t<meta property=\"og:image:height\" content=\"1000\" \/>\n\t<meta property=\"og:image:type\" content=\"image\/webp\" \/>\n<meta name=\"twitter:card\" content=\"summary_large_image\" \/>\n<meta name=\"twitter:label1\" content=\"Gesch\u00e4tzte Lesezeit\" \/>\n\t<meta name=\"twitter:data1\" content=\"8\u00a0Minuten\" \/>\n<script type=\"application\/ld+json\" class=\"yoast-schema-graph\">{\"@context\":\"https:\/\/schema.org\",\"@graph\":[{\"@type\":\"WebPage\",\"@id\":\"https:\/\/eurobil.it\/de\/herunterladen\/\",\"url\":\"https:\/\/eurobil.it\/de\/herunterladen\/\",\"name\":\"Herunterladen - EUROBIL\",\"isPartOf\":{\"@id\":\"https:\/\/eurobil.it\/#website\"},\"datePublished\":\"2023-09-12T07:32:30+00:00\",\"dateModified\":\"2025-12-04T12:22:51+00:00\",\"description\":\"Laden Sie die Kataloge von Eurobil herunter und entdecken Sie unsere breite Palette an modernen Industriewaagen und W\u00e4gel\u00f6sungen.\",\"breadcrumb\":{\"@id\":\"https:\/\/eurobil.it\/de\/herunterladen\/#breadcrumb\"},\"inLanguage\":\"de\",\"potentialAction\":[{\"@type\":\"ReadAction\",\"target\":[\"https:\/\/eurobil.it\/de\/herunterladen\/\"]}]},{\"@type\":\"BreadcrumbList\",\"@id\":\"https:\/\/eurobil.it\/de\/herunterladen\/#breadcrumb\",\"itemListElement\":[{\"@type\":\"ListItem\",\"position\":1,\"name\":\"Startseite\",\"item\":\"https:\/\/eurobil.it\/de\/\"},{\"@type\":\"ListItem\",\"position\":2,\"name\":\"Herunterladen\"}]},{\"@type\":\"WebSite\",\"@id\":\"https:\/\/eurobil.it\/#website\",\"url\":\"https:\/\/eurobil.it\/\",\"name\":\"EUROBIL\",\"description\":\"Bilance di precisione da laboratorio\",\"potentialAction\":[{\"@type\":\"SearchAction\",\"target\":{\"@type\":\"EntryPoint\",\"urlTemplate\":\"https:\/\/eurobil.it\/?s={search_term_string}\"},\"query-input\":{\"@type\":\"PropertyValueSpecification\",\"valueRequired\":true,\"valueName\":\"search_term_string\"}}],\"inLanguage\":\"de\"}]}<\/script>\n<!-- \/ Yoast SEO plugin. -->","yoast_head_json":{"title":"Herunterladen - EUROBIL","description":"Laden Sie die Kataloge von Eurobil herunter und entdecken Sie unsere breite Palette an modernen Industriewaagen und W\u00e4gel\u00f6sungen.","robots":{"index":"index","follow":"follow","max-snippet":"max-snippet:-1","max-image-preview":"max-image-preview:large","max-video-preview":"max-video-preview:-1"},"canonical":"https:\/\/eurobil.it\/de\/herunterladen\/","og_locale":"de_DE","og_type":"article","og_title":"Herunterladen - EUROBIL","og_description":"Laden Sie die Kataloge von Eurobil herunter und entdecken Sie unsere breite Palette an modernen Industriewaagen und W\u00e4gel\u00f6sungen.","og_url":"https:\/\/eurobil.it\/de\/herunterladen\/","og_site_name":"EUROBIL","article_publisher":"https:\/\/www.facebook.com\/profile.php?id=100090025125705","article_modified_time":"2025-12-04T12:22:51+00:00","og_image":[{"width":1000,"height":1000,"url":"https:\/\/eurobil.it\/wp-content\/uploads\/2023\/10\/33_Sun_Eco_1.webp","type":"image\/webp"}],"twitter_card":"summary_large_image","twitter_misc":{"Gesch\u00e4tzte Lesezeit":"8\u00a0Minuten"},"schema":{"@context":"https:\/\/schema.org","@graph":[{"@type":"WebPage","@id":"https:\/\/eurobil.it\/de\/herunterladen\/","url":"https:\/\/eurobil.it\/de\/herunterladen\/","name":"Herunterladen - EUROBIL","isPartOf":{"@id":"https:\/\/eurobil.it\/#website"},"datePublished":"2023-09-12T07:32:30+00:00","dateModified":"2025-12-04T12:22:51+00:00","description":"Laden Sie die Kataloge von Eurobil herunter und entdecken Sie unsere breite Palette an modernen Industriewaagen und W\u00e4gel\u00f6sungen.","breadcrumb":{"@id":"https:\/\/eurobil.it\/de\/herunterladen\/#breadcrumb"},"inLanguage":"de","potentialAction":[{"@type":"ReadAction","target":["https:\/\/eurobil.it\/de\/herunterladen\/"]}]},{"@type":"BreadcrumbList","@id":"https:\/\/eurobil.it\/de\/herunterladen\/#breadcrumb","itemListElement":[{"@type":"ListItem","position":1,"name":"Startseite","item":"https:\/\/eurobil.it\/de\/"},{"@type":"ListItem","position":2,"name":"Herunterladen"}]},{"@type":"WebSite","@id":"https:\/\/eurobil.it\/#website","url":"https:\/\/eurobil.it\/","name":"EUROBIL","description":"Bilance di precisione da laboratorio","potentialAction":[{"@type":"SearchAction","target":{"@type":"EntryPoint","urlTemplate":"https:\/\/eurobil.it\/?s={search_term_string}"},"query-input":{"@type":"PropertyValueSpecification","valueRequired":true,"valueName":"search_term_string"}}],"inLanguage":"de"}]}},"_links":{"self":[{"href":"https:\/\/eurobil.it\/de\/wp-json\/wp\/v2\/pages\/283665","targetHints":{"allow":["GET"]}}],"collection":[{"href":"https:\/\/eurobil.it\/de\/wp-json\/wp\/v2\/pages"}],"about":[{"href":"https:\/\/eurobil.it\/de\/wp-json\/wp\/v2\/types\/page"}],"author":[{"embeddable":true,"href":"https:\/\/eurobil.it\/de\/wp-json\/wp\/v2\/users\/1"}],"replies":[{"embeddable":true,"href":"https:\/\/eurobil.it\/de\/wp-json\/wp\/v2\/comments?post=283665"}],"version-history":[{"count":10,"href":"https:\/\/eurobil.it\/de\/wp-json\/wp\/v2\/pages\/283665\/revisions"}],"predecessor-version":[{"id":359362,"href":"https:\/\/eurobil.it\/de\/wp-json\/wp\/v2\/pages\/283665\/revisions\/359362"}],"wp:attachment":[{"href":"https:\/\/eurobil.it\/de\/wp-json\/wp\/v2\/media?parent=283665"}],"curies":[{"name":"wp","href":"https:\/\/api.w.org\/{rel}","templated":true}]}}